{"id":9982,"date":"2023-12-20T18:05:17","date_gmt":"2023-12-20T18:05:17","guid":{"rendered":"https:\/\/medienlb.com\/produkt\/berlin\/"},"modified":"2025-02-07T14:24:50","modified_gmt":"2025-02-07T14:24:50","slug":"berlin","status":"publish","type":"product","link":"https:\/\/www.medienlb.com\/en\/produkt\/berlin\/","title":{"rendered":"Berlin"},"content":{"rendered":"<p>Berlin ist Bundesland und Hauptstadt der Bundesrepublik Deutschland zugleich.<br \/>\nDer Film stellt die schillernde Metropole in ihrer Geschichte, geographischen Lage und politischen Bedeutung vor.<br \/>\nBerlin ist eine der j\u00fcngsten St\u00e4dte Europas, die Gr\u00fcndung f\u00e4llt erst in das Hochmittelalter; die Entwicklung \u00fcber die Anf\u00e4nge im Dorf C\u00f6lln zur Hauptstadt erst Preu\u00dfens, sp\u00e4ter dann des Deutschen Kaiserreichs bis hin zur Hauptstadt der Bundesrepublik ist der Inhalt eines eigenen Kapitels.<br \/>\nDie wirtschaftliche Herausforderung, die das Ende des Kalten Krieges f\u00fcr die Stadt bedeutete und bedeutet, wird ebenso dargestellt wie die Chancen, die sich f\u00fcr Stadt einzig durch die Lage an einer wichtigen Ost-West-Verbindung ergeben.<br \/>\nIn Verbindung mit dem umfangreichen Zusatzmaterial (klassische und interaktive Arbeitsbl\u00e4tter, Glossar, Testfragen) ist die vorliegende DVD hervorragend f\u00fcr den Einsatz im Unterricht geeignet.<\/p>\n","protected":false},"excerpt":{"rendered":"<p>Berlin ist Bundesland und Hauptstadt der Bundesrepublik Deutschland zugleich.<\/p>\n","protected":false},"featured_media":9980,"template":"","meta":{"_acf_changed":false},"product_brand":[],"product_cat":[70],"product_tag":[91,125],"class_list":{"0":"post-9982","1":"product","2":"type-product","3":"status-publish","4":"has-post-thumbnail","6":"product_cat-film","7":"product_tag-subject-geografie","8":"product_tag-target-sek-i","9":"product_shipping_class-dvd-versand","11":"first","12":"instock","13":"taxable","14":"shipping-taxable","15":"purchasable","16":"product-type-variable"},"acf":{"subtitle":"Die Bundesl\u00e4nder","article_id":"4677319 \/ 5564527","languages":"DE, EN","thumb_up":false,"cover_image":28691,"linked_product":"","linked_products":null,"banner":{"show":true,"text":"","color":""},"length":"22:19 min","content_movie":"Im ausf\u00fchrlichen Datenteil der DVD 96 Seiten Unterrichts- und Begleitmaterial, davon:\r\n62 Seiten Arbeitsbl\u00e4tter und Erg\u00e4nzungen mit L\u00f6sungen!\r\n20 Testaufgaben\r\n8 Arbeitsbl\u00e4tter f\u00fcr interaktive Whiteboards!\r\n5 Master Tool Folien","learning_goals":"","preview_gif":9979,"trailer":{"file":"","url":"https:\/\/www.lehrmediathek.de\/trailer\/Trailer_Berlin.mp4","image":9988},"mediathek_id":516,"amount":"","demo_url":"","h5p_demo_id":"","content_interactive":"","hide_numbers":false,"flyer":"","info_columns":null},"_links":{"self":[{"href":"https:\/\/www.medienlb.com\/en\/wp-json\/wp\/v2\/product\/9982","targetHints":{"allow":["GET"]}}],"collection":[{"href":"https:\/\/www.medienlb.com\/en\/wp-json\/wp\/v2\/product"}],"about":[{"href":"https:\/\/www.medienlb.com\/en\/wp-json\/wp\/v2\/types\/product"}],"wp:featuredmedia":[{"embeddable":true,"href":"https:\/\/www.medienlb.com\/en\/wp-json\/wp\/v2\/media\/9980"}],"wp:attachment":[{"href":"https:\/\/www.medienlb.com\/en\/wp-json\/wp\/v2\/media?parent=9982"}],"wp:term":[{"taxonomy":"product_brand","embeddable":true,"href":"https:\/\/www.medienlb.com\/en\/wp-json\/wp\/v2\/product_brand?post=9982"},{"taxonomy":"product_cat","embeddable":true,"href":"https:\/\/www.medienlb.com\/en\/wp-json\/wp\/v2\/product_cat?post=9982"},{"taxonomy":"product_tag","embeddable":true,"href":"https:\/\/www.medienlb.com\/en\/wp-json\/wp\/v2\/product_tag?post=9982"}],"curies":[{"name":"wp","href":"https:\/\/api.w.org\/{rel}","templated":true}]}}