{"id":9827,"date":"2023-12-20T18:05:17","date_gmt":"2023-12-20T18:05:17","guid":{"rendered":"https:\/\/medienlb.com\/produkt\/meeresverschmutzung\/"},"modified":"2025-02-07T14:25:42","modified_gmt":"2025-02-07T14:25:42","slug":"meeresverschmutzung","status":"publish","type":"product","link":"https:\/\/www.medienlb.com\/en\/produkt\/meeresverschmutzung\/","title":{"rendered":"Meeresverschmutzung"},"content":{"rendered":"<p>Die Ozeane sind ein hochkomplexes \u00d6kosystem \u2013 das zunehmend unter dem Einfluss des Menschen leidet.<br \/>\nDer Film zeigt die Zusammenh\u00e4nge von Plastikverpackungen auf dem Land und Mikroplastik im Meer und die Auswirkungen der Verst\u00e4dterung an den Ufern.<br \/>\nIn zahlreichen Experteninterviews wird erl\u00e4utert, welche Auswirkungen die \u00dcberfischung der Meere, der Tiefseebergbau und die Einleitung von Abw\u00e4ssern haben kann.<br \/>\nEbenso wird aber auch dargestellt, wie sowohl der Einzelne einen Beitrag zur Reduzierung der Meeresverschmutzung leisten kann als auch, welche technischen L\u00f6sungen zur \u201aReinigung\u2018 der Meere es gibt.<br \/>\nIn Verbindung mit dem umfangreichen Zusatzmaterial (klassische und interaktive Arbeitsbl\u00e4tter, Testfragen, interaktive Aufgaben) l\u00e4sst sich die vorliegende DVD hervorragend im Unterricht einsetzen.<\/p>\n<p>Dank der verwendeten H5P-Software sind die interaktiven Aufgaben ohen zus\u00e4tzliche Software verwendbar.<\/p>\n","protected":false},"excerpt":{"rendered":"<p>Die Ozeane sind ein hochkomplexes \u00d6kosystem \u2013 das zunehmend unter dem Einfluss des Menschen leidet.<\/p>\n","protected":false},"featured_media":9825,"template":"","meta":{"_acf_changed":false},"product_brand":[],"product_cat":[70],"product_tag":[91,125],"class_list":{"0":"post-9827","1":"product","2":"type-product","3":"status-publish","4":"has-post-thumbnail","6":"product_cat-film","7":"product_tag-subject-geografie","8":"product_tag-target-sek-i","9":"product_shipping_class-dvd-versand","11":"first","12":"instock","13":"taxable","14":"shipping-taxable","15":"purchasable","16":"product-type-variable"},"acf":{"subtitle":"Bedrohung eines \u00d6kosystems","article_id":"4679040 \/ 5565801","languages":"DE","thumb_up":false,"cover_image":28711,"linked_product":"","linked_products":null,"banner":{"show":true,"text":"","color":""},"length":"21:12 min","content_movie":"Im ausf\u00fchrlichen Datenteil der DVD 105 Seiten Unterrichts- und Begleitmaterial, davon:\r\n77 Seiten Arbeitsbl\u00e4tter und Erg\u00e4nzungen mit L\u00f6sungen\r\n20 Testaufgaben\r\n+ Interaktive Aufgaben","learning_goals":"","preview_gif":9824,"trailer":{"file":"","url":"https:\/\/www.lehrmediathek.de\/trailer\/Trailer_Meeresverschmutzung_export.mp4","image":9833},"mediathek_id":584,"amount":"","demo_url":"","h5p_demo_id":"","content_interactive":"","hide_numbers":false,"flyer":"","info_columns":null},"_links":{"self":[{"href":"https:\/\/www.medienlb.com\/en\/wp-json\/wp\/v2\/product\/9827","targetHints":{"allow":["GET"]}}],"collection":[{"href":"https:\/\/www.medienlb.com\/en\/wp-json\/wp\/v2\/product"}],"about":[{"href":"https:\/\/www.medienlb.com\/en\/wp-json\/wp\/v2\/types\/product"}],"wp:featuredmedia":[{"embeddable":true,"href":"https:\/\/www.medienlb.com\/en\/wp-json\/wp\/v2\/media\/9825"}],"wp:attachment":[{"href":"https:\/\/www.medienlb.com\/en\/wp-json\/wp\/v2\/media?parent=9827"}],"wp:term":[{"taxonomy":"product_brand","embeddable":true,"href":"https:\/\/www.medienlb.com\/en\/wp-json\/wp\/v2\/product_brand?post=9827"},{"taxonomy":"product_cat","embeddable":true,"href":"https:\/\/www.medienlb.com\/en\/wp-json\/wp\/v2\/product_cat?post=9827"},{"taxonomy":"product_tag","embeddable":true,"href":"https:\/\/www.medienlb.com\/en\/wp-json\/wp\/v2\/product_tag?post=9827"}],"curies":[{"name":"wp","href":"https:\/\/api.w.org\/{rel}","templated":true}]}}