{"id":9784,"date":"2023-12-20T18:05:17","date_gmt":"2023-12-20T18:05:17","guid":{"rendered":"https:\/\/medienlb.com\/produkt\/energiewende\/"},"modified":"2025-02-07T14:25:57","modified_gmt":"2025-02-07T14:25:57","slug":"energiewende","status":"publish","type":"product","link":"https:\/\/www.medienlb.com\/en\/produkt\/energiewende\/","title":{"rendered":"Energiewende"},"content":{"rendered":"<p>Die Energiewende ist beschlossene Sache. Ziel ist es die Energieversorgung \u00fcber nachwachsende Rohstoffe bzw. nachhaltige Energietr\u00e4ger zu gestalten.<br \/>\nWelche nachhaltigen Energietr\u00e4ger gibt es? Wo gibt es Potenzial, die Energie effizienter zu nutzen? Wie stehen die Chancen f\u00fcr einen Verzicht auf CO2-sch\u00e4dliche fossile Energietr\u00e4ger?<br \/>\nDiesen Fragen geht der Film nach und zeigt, wie auch im einzelnen Haushalt zum Gelingen der Energiewende beigetragen werden kann.<br \/>\nIn Verbindung mit dem umfangreichen Zusatzmaterial (Arbeitsbl\u00e4tter, Interaktive Aufgaben, Glossar, Testfragen) l\u00e4sst sich das vorliegende Medium hervorragend im Unterricht verwenden.<br \/>\nDie interaktiven Aufgaben wurden mit H5P erstellt und sind ohne weitere Software verwendbar.<\/p>\n","protected":false},"excerpt":{"rendered":"<p>Die Energiewende ist beschlossene Sache. Ziel ist es die Energieversorgung \u00fcber nachwachsende Rohstoffe bzw. nachhaltige Energietr\u00e4ger zu gestalten.<\/p>\n","protected":false},"featured_media":9782,"template":"","meta":{"_acf_changed":false},"product_brand":[],"product_cat":[70],"product_tag":[91,125],"class_list":{"0":"post-9784","1":"product","2":"type-product","3":"status-publish","4":"has-post-thumbnail","6":"product_cat-film","7":"product_tag-subject-geografie","8":"product_tag-target-sek-i","9":"product_shipping_class-dvd-versand","11":"first","12":"instock","13":"taxable","14":"shipping-taxable","15":"purchasable","16":"product-type-variable"},"acf":{"subtitle":"Nachhaltige und erneuerbare Energien","article_id":"46500956 \/ 55500712","languages":"DE","thumb_up":true,"cover_image":28717,"linked_product":"","linked_products":null,"banner":{"show":true,"text":"","color":""},"length":"25:05 min","content_movie":"Im ausf\u00fchrlichen Datenteil der DVD 114\u00a0Seiten Unterrichts- und Begleitmaterial, davon:\r\n39\u00a0Seiten Arbeitsbl\u00e4tter und Erg\u00e4nzungen mit L\u00f6sungen\r\n20 Testaufgaben\r\n8 Interaktive Aufgaben","learning_goals":"","preview_gif":9781,"trailer":{"file":"","url":"https:\/\/www.lehrmediathek.de\/trailer\/Trailer_Energiewende.mp4","image":9790},"mediathek_id":639,"amount":"","demo_url":"","h5p_demo_id":"","content_interactive":"","hide_numbers":false,"flyer":"","info_columns":null},"_links":{"self":[{"href":"https:\/\/www.medienlb.com\/en\/wp-json\/wp\/v2\/product\/9784","targetHints":{"allow":["GET"]}}],"collection":[{"href":"https:\/\/www.medienlb.com\/en\/wp-json\/wp\/v2\/product"}],"about":[{"href":"https:\/\/www.medienlb.com\/en\/wp-json\/wp\/v2\/types\/product"}],"wp:featuredmedia":[{"embeddable":true,"href":"https:\/\/www.medienlb.com\/en\/wp-json\/wp\/v2\/media\/9782"}],"wp:attachment":[{"href":"https:\/\/www.medienlb.com\/en\/wp-json\/wp\/v2\/media?parent=9784"}],"wp:term":[{"taxonomy":"product_brand","embeddable":true,"href":"https:\/\/www.medienlb.com\/en\/wp-json\/wp\/v2\/product_brand?post=9784"},{"taxonomy":"product_cat","embeddable":true,"href":"https:\/\/www.medienlb.com\/en\/wp-json\/wp\/v2\/product_cat?post=9784"},{"taxonomy":"product_tag","embeddable":true,"href":"https:\/\/www.medienlb.com\/en\/wp-json\/wp\/v2\/product_tag?post=9784"}],"curies":[{"name":"wp","href":"https:\/\/api.w.org\/{rel}","templated":true}]}}