{"id":9773,"date":"2023-12-20T18:05:17","date_gmt":"2023-12-20T18:05:17","guid":{"rendered":"https:\/\/medienlb.com\/produkt\/mittelgebirge\/"},"modified":"2025-02-07T14:26:02","modified_gmt":"2025-02-07T14:26:02","slug":"mittelgebirge","status":"publish","type":"product","link":"https:\/\/www.medienlb.com\/en\/produkt\/mittelgebirge\/","title":{"rendered":"Mittelgebirge"},"content":{"rendered":"<p>Harz und Schwarzwald geh\u00f6ren zu den Mittelgebirgen. Sie pr\u00e4gen die deutsche Landschaft, der Schwarzwald im S\u00fcdwesten, der Harz im Norden und Osten.<br \/>\nVon den Hochgebirgen unterscheiden sie sich durch die geringere H\u00f6he ihrer h\u00f6chsten Gipfel.<br \/>\nIn ruhigen Landschaftsaufnahmen stellt der Film den Schwarzwald und den Harz und mit ihnen die deutschen Mittelgebirge in ihrer erdgeschichtlichen Entstehung, ihrer Geschichte und ihrer Flora und Fauna vor.<br \/>\nIn Verbindung mit dem Zusatzmaterial (Arbeitsbl\u00e4tter, interaktive Aufgaben u.v.m.) l\u00e4sst sich das Medium hervorragend im Unterricht verwenden.<br \/>\nDie interaktiven Aufgaben wurden mit H5P erstellt und k\u00f6nnen ohne weitere Software verwendet werden.<\/p>\n","protected":false},"excerpt":{"rendered":"<p>Harz und Schwarzwald geh\u00f6ren zu den Mittelgebirgen. Sie pr\u00e4gen die deutsche Landschaft, der Schwarzwald im S\u00fcdwesten, der Harz im Norden und Osten.<\/p>\n","protected":false},"featured_media":9771,"template":"","meta":{"_acf_changed":false},"product_brand":[],"product_cat":[70],"product_tag":[91,125],"class_list":{"0":"post-9773","1":"product","2":"type-product","3":"status-publish","4":"has-post-thumbnail","6":"product_cat-film","7":"product_tag-subject-geografie","8":"product_tag-target-sek-i","9":"product_shipping_class-dvd-versand","11":"first","12":"instock","13":"taxable","14":"shipping-taxable","15":"purchasable","16":"product-type-variable"},"acf":{"subtitle":"Landschaftsformation in Deutschland","article_id":"46500907 \/ 55500663","languages":"DE","thumb_up":false,"cover_image":28719,"linked_product":"","linked_products":null,"banner":{"show":true,"text":"","color":""},"length":"27:41 min","content_movie":"Im ausf\u00fchrlichen Datenteil der DVD 97 Seiten Unterrichts- und Begleitmaterial, davon:\r\n47 Seiten Arbeitsbl\u00e4tter und Erg\u00e4nzungen mit L\u00f6sungen\r\n20 Testaufgaben\r\n8 Interaktive Aufgaben","learning_goals":"","preview_gif":9770,"trailer":{"file":"","url":"https:\/\/www.lehrmediathek.de\/trailer\/Trailer_Mittelgebirge.mp4","image":9779},"mediathek_id":640,"amount":"","demo_url":"","h5p_demo_id":"","content_interactive":"","hide_numbers":false,"flyer":"","info_columns":null},"_links":{"self":[{"href":"https:\/\/www.medienlb.com\/en\/wp-json\/wp\/v2\/product\/9773","targetHints":{"allow":["GET"]}}],"collection":[{"href":"https:\/\/www.medienlb.com\/en\/wp-json\/wp\/v2\/product"}],"about":[{"href":"https:\/\/www.medienlb.com\/en\/wp-json\/wp\/v2\/types\/product"}],"wp:featuredmedia":[{"embeddable":true,"href":"https:\/\/www.medienlb.com\/en\/wp-json\/wp\/v2\/media\/9771"}],"wp:attachment":[{"href":"https:\/\/www.medienlb.com\/en\/wp-json\/wp\/v2\/media?parent=9773"}],"wp:term":[{"taxonomy":"product_brand","embeddable":true,"href":"https:\/\/www.medienlb.com\/en\/wp-json\/wp\/v2\/product_brand?post=9773"},{"taxonomy":"product_cat","embeddable":true,"href":"https:\/\/www.medienlb.com\/en\/wp-json\/wp\/v2\/product_cat?post=9773"},{"taxonomy":"product_tag","embeddable":true,"href":"https:\/\/www.medienlb.com\/en\/wp-json\/wp\/v2\/product_tag?post=9773"}],"curies":[{"name":"wp","href":"https:\/\/api.w.org\/{rel}","templated":true}]}}