{"id":9762,"date":"2023-12-20T18:05:17","date_gmt":"2023-12-20T18:05:17","guid":{"rendered":"https:\/\/medienlb.com\/produkt\/deutschland\/"},"modified":"2025-02-07T14:26:07","modified_gmt":"2025-02-07T14:26:07","slug":"deutschland","status":"publish","type":"product","link":"https:\/\/www.medienlb.com\/en\/produkt\/deutschland\/","title":{"rendered":"Deutschland"},"content":{"rendered":"<p>Seit 70 Jahren hat die Bundesrepublik Deutschland stabile politische Verh\u00e4ltnisse. Welchen Weg die Bundesrepublik gegangen ist, wie die Wiedervereinigung gemeistert wurde, das zeigt der Film ebenso wie er auf die naturr\u00e4umliche Gliederung eingeht.<br \/>\nDer Film stellt die wirtschaftlichen St\u00e4rken der Bundesrepublik vor, und zeigt, was Deutschland auch ist: ein wundersch\u00f6nes Land mit vielf\u00e4ltiger Natur und einer vielf\u00e4ltigen Flora und Fauna.<br \/>\nIn Verbindung mit dem umfangreichen Zusatzmaterial (Arbeitsbl\u00e4tter, interaktive Aufgaben, Testfragen, Glossar) l\u00e4sst sich das Medium hervorragend im Unterricht verwenden.<br \/>\nDie interaktiven Aufgaben, das Glossar und die Testfragen wurden mit H5P erstellt und k\u00f6nnen ohne weitere Software verwendet werden.<\/p>\n","protected":false},"excerpt":{"rendered":"<p>Seit 70 Jahren hat die Bundesrepublik Deutschland stabile politische Verh\u00e4ltnisse. Welchen Weg die Bundesrepublik gegangen ist, wie die Wiedervereinigung gemeistert wurde, das zeigt der Film ebenso wie er auf die naturr\u00e4umliche Gliederung eingeht.<\/p>\n","protected":false},"featured_media":9760,"template":"","meta":{"_acf_changed":false},"product_brand":[],"product_cat":[70],"product_tag":[91,125],"class_list":{"0":"post-9762","1":"product","2":"type-product","3":"status-publish","4":"has-post-thumbnail","6":"product_cat-film","7":"product_tag-subject-geografie","8":"product_tag-target-sek-i","9":"product_shipping_class-dvd-versand","11":"first","12":"instock","13":"taxable","14":"shipping-taxable","15":"purchasable","16":"product-type-variable"},"acf":{"subtitle":"Politik, Geschichte, Wirtschaft, Natur","article_id":"46500895 \/ 55500651","languages":"DE","thumb_up":true,"cover_image":28721,"linked_product":"","linked_products":null,"banner":{"show":true,"text":"","color":""},"length":"24:33 min","content_movie":"Im ausf\u00fchrlichen Datenteil der DVD 142\u00a0Seiten Unterrichts- und Begleitmaterial, davon:\r\n74 Seiten Arbeitsbl\u00e4tter und Erg\u00e4nzungen mit L\u00f6sungen\r\n20 Testaufgaben\r\n10 Interaktive Aufgaben","learning_goals":"","preview_gif":9759,"trailer":{"file":"","url":"https:\/\/www.lehrmediathek.de\/trailer\/Trailer_Deutschland_2020.mp4","image":9768},"mediathek_id":633,"amount":"","demo_url":"","h5p_demo_id":"","content_interactive":"","hide_numbers":false,"flyer":"","info_columns":null},"_links":{"self":[{"href":"https:\/\/www.medienlb.com\/en\/wp-json\/wp\/v2\/product\/9762","targetHints":{"allow":["GET"]}}],"collection":[{"href":"https:\/\/www.medienlb.com\/en\/wp-json\/wp\/v2\/product"}],"about":[{"href":"https:\/\/www.medienlb.com\/en\/wp-json\/wp\/v2\/types\/product"}],"wp:featuredmedia":[{"embeddable":true,"href":"https:\/\/www.medienlb.com\/en\/wp-json\/wp\/v2\/media\/9760"}],"wp:attachment":[{"href":"https:\/\/www.medienlb.com\/en\/wp-json\/wp\/v2\/media?parent=9762"}],"wp:term":[{"taxonomy":"product_brand","embeddable":true,"href":"https:\/\/www.medienlb.com\/en\/wp-json\/wp\/v2\/product_brand?post=9762"},{"taxonomy":"product_cat","embeddable":true,"href":"https:\/\/www.medienlb.com\/en\/wp-json\/wp\/v2\/product_cat?post=9762"},{"taxonomy":"product_tag","embeddable":true,"href":"https:\/\/www.medienlb.com\/en\/wp-json\/wp\/v2\/product_tag?post=9762"}],"curies":[{"name":"wp","href":"https:\/\/api.w.org\/{rel}","templated":true}]}}