{"id":9651,"date":"2023-12-20T18:05:17","date_gmt":"2023-12-20T18:05:17","guid":{"rendered":"https:\/\/medienlb.com\/produkt\/handelsrouten\/"},"modified":"2023-12-09T15:16:30","modified_gmt":"2023-12-09T15:16:30","slug":"handelsrouten","status":"publish","type":"product","link":"https:\/\/www.medienlb.com\/en\/produkt\/handelsrouten\/","title":{"rendered":"Handelsrouten"},"content":{"rendered":"<p>Seit Jahrtausenden handeln Menschen mit den verschiedensten Waren. Anfangs geschah dies in einem sehr begrenzten Umfeld, im Laufe der Geschichte wurden f\u00fcr seltene und exotische Handelsg\u00fcter allerdings auch weite Wege und gef\u00e4hrliche Reisen in Kauf genommen.<\/p>\n","protected":false},"excerpt":{"rendered":"<p>Seit Jahrtausenden handeln Menschen mit den verschiedensten Waren. Anfangs geschah dies in einem sehr begrenzten Umfeld, im Laufe der Geschichte wurden f\u00fcr seltene und exotische Handelsg\u00fcter allerdings auch weite Wege und gef\u00e4hrliche Reisen in Kauf genommen.<\/p>\n","protected":false},"featured_media":9643,"template":"","meta":{"_acf_changed":false},"product_brand":[],"product_cat":[71],"product_tag":[92,126,128],"class_list":{"0":"post-9651","1":"product","2":"type-product","3":"status-publish","4":"has-post-thumbnail","6":"product_cat-movie","7":"product_tag-subject-geography","8":"product_tag-target-sek-i-2","9":"product_tag-target-sek-ii-2","10":"product_shipping_class-dvd","12":"first","13":"instock","14":"taxable","15":"shipping-taxable","16":"purchasable","17":"product-type-variable"},"acf":{"subtitle":"Der Weg durch den Panamakanal","article_id":"46504546 \/ 55503714","languages":"DE, EN","thumb_up":false,"cover_image":null,"linked_product":"","linked_products":null,"banner":{"show":false,"text":"","color":""},"length":"18:43 min","content_movie":"","learning_goals":"","preview_gif":9641,"trailer":{"file":"","url":"https:\/\/www.lehrmediathek.de\/trailer\/Trailer_Handelsrouten.mp4","image":9650},"mediathek_id":718,"amount":"","demo_url":"","h5p_demo_id":"","content_interactive":"","hide_numbers":false,"flyer":"","info_columns":null},"_links":{"self":[{"href":"https:\/\/www.medienlb.com\/en\/wp-json\/wp\/v2\/product\/9651","targetHints":{"allow":["GET"]}}],"collection":[{"href":"https:\/\/www.medienlb.com\/en\/wp-json\/wp\/v2\/product"}],"about":[{"href":"https:\/\/www.medienlb.com\/en\/wp-json\/wp\/v2\/types\/product"}],"wp:featuredmedia":[{"embeddable":true,"href":"https:\/\/www.medienlb.com\/en\/wp-json\/wp\/v2\/media\/9643"}],"wp:attachment":[{"href":"https:\/\/www.medienlb.com\/en\/wp-json\/wp\/v2\/media?parent=9651"}],"wp:term":[{"taxonomy":"product_brand","embeddable":true,"href":"https:\/\/www.medienlb.com\/en\/wp-json\/wp\/v2\/product_brand?post=9651"},{"taxonomy":"product_cat","embeddable":true,"href":"https:\/\/www.medienlb.com\/en\/wp-json\/wp\/v2\/product_cat?post=9651"},{"taxonomy":"product_tag","embeddable":true,"href":"https:\/\/www.medienlb.com\/en\/wp-json\/wp\/v2\/product_tag?post=9651"}],"curies":[{"name":"wp","href":"https:\/\/api.w.org\/{rel}","templated":true}]}}