{"id":9622,"date":"2023-12-20T18:05:17","date_gmt":"2023-12-20T18:05:17","guid":{"rendered":"https:\/\/medienlb.com\/produkt\/europa\/"},"modified":"2025-02-07T14:26:55","modified_gmt":"2025-02-07T14:26:55","slug":"europa","status":"publish","type":"product","link":"https:\/\/www.medienlb.com\/en\/produkt\/europa\/","title":{"rendered":"Europa"},"content":{"rendered":"<p>Europa ist ein Subkontinent mit mehr als 750 Millionen Einwohnern. Es ist der am st\u00e4rksten verst\u00e4dterte der Kontinente und von gro\u00dfen klimatischen und geomorphologischen Gegens\u00e4tzen gepr\u00e4gt.<br \/>\nDer Film nimmt die Zuschauer mit auf eine Reise durch diesen Kontinent und geht auf wirtschaftliche und politische Themen ein.<br \/>\nIn Verbindung mit dem umfangreichen Zusatzmaterial (Arbeitsbl\u00e4tter, Testfragen, Glossar, interaktive Aufgaben) ist das Medium hervorragend f\u00fcr die Verwendung im Unterricht geeignet.<\/p>\n","protected":false},"excerpt":{"rendered":"<p>Europa ist ein Subkontinent mit mehr als 750 Millionen Einwohnern. Es ist der am st\u00e4rksten verst\u00e4dterte der Kontinente und von gro\u00dfen klimatischen und geomorphologischen Gegens\u00e4tzen gepr\u00e4gt.<\/p>\n","protected":false},"featured_media":9620,"template":"","meta":{"_acf_changed":false},"product_brand":[],"product_cat":[70],"product_tag":[91,125],"class_list":{"0":"post-9622","1":"product","2":"type-product","3":"status-publish","4":"has-post-thumbnail","6":"product_cat-film","7":"product_tag-subject-geografie","8":"product_tag-target-sek-i","9":"product_shipping_class-dvd-versand","11":"first","12":"instock","13":"taxable","14":"shipping-taxable","15":"purchasable","16":"product-type-variable"},"acf":{"subtitle":"Geschichte, Politik und Geografie","article_id":"46504552 \/ 55503720","languages":"DE","thumb_up":true,"cover_image":28741,"linked_product":"","linked_products":null,"banner":{"show":true,"text":"","color":""},"length":"13:01 min","content_movie":"Im ausf\u00fchrlichen Datenteil der DVD 81 Seiten Unterrichts- und Begleitmaterial, davon:\r\n20 Seiten Arbeitsbl\u00e4tter und Erg\u00e4nzungen mit L\u00f6sungen\r\n20 Testaufgaben\r\n10 Interaktive Aufgaben","learning_goals":"Die Sch\u00fcler:innen kennen die wichtigsten L\u00e4nder Europas\r\nDie Sch\u00fcler:innen vergleichen die geografischen \u00dcbereinstimmungen zweier europ\u00e4ischer Staaten\r\n\r\n&nbsp;","preview_gif":9619,"trailer":{"file":"","url":"https:\/\/www.lehrmediathek.de\/trailer\/Europa_2022_Trailer.mp4","image":9628},"mediathek_id":753,"amount":"","demo_url":"","h5p_demo_id":"","content_interactive":"","hide_numbers":false,"flyer":"","info_columns":null},"_links":{"self":[{"href":"https:\/\/www.medienlb.com\/en\/wp-json\/wp\/v2\/product\/9622","targetHints":{"allow":["GET"]}}],"collection":[{"href":"https:\/\/www.medienlb.com\/en\/wp-json\/wp\/v2\/product"}],"about":[{"href":"https:\/\/www.medienlb.com\/en\/wp-json\/wp\/v2\/types\/product"}],"wp:featuredmedia":[{"embeddable":true,"href":"https:\/\/www.medienlb.com\/en\/wp-json\/wp\/v2\/media\/9620"}],"wp:attachment":[{"href":"https:\/\/www.medienlb.com\/en\/wp-json\/wp\/v2\/media?parent=9622"}],"wp:term":[{"taxonomy":"product_brand","embeddable":true,"href":"https:\/\/www.medienlb.com\/en\/wp-json\/wp\/v2\/product_brand?post=9622"},{"taxonomy":"product_cat","embeddable":true,"href":"https:\/\/www.medienlb.com\/en\/wp-json\/wp\/v2\/product_cat?post=9622"},{"taxonomy":"product_tag","embeddable":true,"href":"https:\/\/www.medienlb.com\/en\/wp-json\/wp\/v2\/product_tag?post=9622"}],"curies":[{"name":"wp","href":"https:\/\/api.w.org\/{rel}","templated":true}]}}