{"id":9611,"date":"2023-12-20T18:05:17","date_gmt":"2023-12-20T18:05:17","guid":{"rendered":"https:\/\/medienlb.com\/produkt\/klimazonen-der-erde\/"},"modified":"2025-02-07T14:26:59","modified_gmt":"2025-02-07T14:26:59","slug":"55504926_klimazonen-der-erde","status":"publish","type":"product","link":"https:\/\/www.medienlb.com\/en\/produkt\/55504926_klimazonen-der-erde\/","title":{"rendered":"Klimazonen der Erde"},"content":{"rendered":"<p>Schematisch ist die Erde eine Kugel, von einem Gradnetz umspannt, am Nord- und S\u00fcdpol abgeflacht. Um sich selbst rotierend, umrundet die Erde die Sonne innerhalb eines Jahres. Der ungleiche Strahleneinfall beeinflusst die Jahreszeiten, Tages- und Nachtl\u00e4nge und das Klima mit Folgen f\u00fcr unser Leben, Fauna und Flora.<br \/>\nAm Beispiel Alaskas stellt der Film die subpolare Zone vor: Starke Bilder zeigen die Natur des n\u00f6rdlichsten Staates der USA. Permafrostb\u00f6den machen Landwirtschaft unm\u00f6glich, daf\u00fcr sind u.a. Gold, Silber, Kupfer oder Erd\u00f6l wirtschaftliche Ressourcen. Wo Stra\u00dfen enden, kommen Flugzeug und Schiff zum Einsatz. Der Klimawandel l\u00e4sst Meereis und Gletscher schmelzen, verringert den Lebensraum der Tiere und ruft zum Handeln auf.<\/p>\n<p>Interaktive Aufgaben, Testfragen und Glossar wurden mit H5P erstellt und k\u00f6nnen ohne weitere Software verwendet werden.<\/p>\n<p>&nbsp;<\/p>\n","protected":false},"excerpt":{"rendered":"<p>Schematisch ist die Erde eine Kugel, von einem Gradnetz umspannt, am Nord- und S\u00fcdpol abgeflacht. Um sich selbst rotierend, umrundet die Erde die Sonne innerhalb eines Jahres. Der ungleiche Strahleneinfall beeinflusst die Jahreszeiten, Tages- und Nachtl\u00e4nge und das Klima mit Folgen f\u00fcr unser Leben, Fauna und Flora.<\/p>\n","protected":false},"featured_media":29800,"template":"","meta":{"_acf_changed":false},"product_brand":[],"product_cat":[70],"product_tag":[91,125],"class_list":{"0":"post-9611","1":"product","2":"type-product","3":"status-publish","4":"has-post-thumbnail","6":"product_cat-film","7":"product_tag-subject-geografie","8":"product_tag-target-sek-i","9":"product_shipping_class-dvd-versand","11":"first","12":"instock","13":"taxable","14":"shipping-taxable","15":"purchasable","16":"product-type-variable"},"acf":{"subtitle":"Alaska","article_id":"46505046 \/ 55504926","languages":"DE, EN","thumb_up":false,"cover_image":29809,"linked_product":27483,"linked_products":null,"banner":{"show":true,"text":"","color":""},"length":"29:07 min","content_movie":"Im ausf\u00fchrlichen Datenteil der DVD 94 Seiten Unterrichts- und Begleitmaterial, davon:\r\n20 Seiten Arbeitsbl\u00e4tter und Erg\u00e4nzungen mit L\u00f6sungen\r\n20 Testaufgaben\r\n10 interaktive Aufgaben","learning_goals":"Die Sch\u00fcler:innen lernen die typischen Merkmale der Klimazonen\r\nDie Sch\u00fcler:innen erkl\u00e4ren den Zusammenhang zwischen Klima und Vegetation\r\nDie Sch\u00fcler:innen res\u00fcmieren wirtschaftliche Prozesse und Wechselwirkungen zur Natur\r\n\r\n&nbsp;","preview_gif":9608,"trailer":{"file":"","url":"https:\/\/www.lehrmediathek.de\/trailer\/Trailer_Klimazonen_der_Erde.mp4","image":9617},"mediathek_id":768,"amount":"","demo_url":"","h5p_demo_id":"","content_interactive":"","hide_numbers":false,"flyer":"","info_columns":null},"_links":{"self":[{"href":"https:\/\/www.medienlb.com\/en\/wp-json\/wp\/v2\/product\/9611","targetHints":{"allow":["GET"]}}],"collection":[{"href":"https:\/\/www.medienlb.com\/en\/wp-json\/wp\/v2\/product"}],"about":[{"href":"https:\/\/www.medienlb.com\/en\/wp-json\/wp\/v2\/types\/product"}],"acf:post":[{"embeddable":true,"href":"https:\/\/www.medienlb.com\/en\/wp-json\/wp\/v2\/product\/27483"}],"wp:featuredmedia":[{"embeddable":true,"href":"https:\/\/www.medienlb.com\/en\/wp-json\/wp\/v2\/media\/29800"}],"wp:attachment":[{"href":"https:\/\/www.medienlb.com\/en\/wp-json\/wp\/v2\/media?parent=9611"}],"wp:term":[{"taxonomy":"product_brand","embeddable":true,"href":"https:\/\/www.medienlb.com\/en\/wp-json\/wp\/v2\/product_brand?post=9611"},{"taxonomy":"product_cat","embeddable":true,"href":"https:\/\/www.medienlb.com\/en\/wp-json\/wp\/v2\/product_cat?post=9611"},{"taxonomy":"product_tag","embeddable":true,"href":"https:\/\/www.medienlb.com\/en\/wp-json\/wp\/v2\/product_tag?post=9611"}],"curies":[{"name":"wp","href":"https:\/\/api.w.org\/{rel}","templated":true}]}}