{"id":8262,"date":"2023-12-20T18:05:17","date_gmt":"2023-12-20T18:05:17","guid":{"rendered":"https:\/\/medienlb.com\/produkt\/die-5-sinne\/"},"modified":"2025-02-07T14:34:44","modified_gmt":"2025-02-07T14:34:44","slug":"die-5-sinne","status":"publish","type":"product","link":"https:\/\/www.medienlb.com\/en\/produkt\/die-5-sinne\/","title":{"rendered":"Die 5 Sinne"},"content":{"rendered":"<p>Wie selbstverst\u00e4ndlich sehen, h\u00f6ren, riechen, schmecken und f\u00fchlen wir. Jeder benutzt t\u00e4glich seine f\u00fcnf Sinne, ohne sie bewusst einzusetzen. &#8220;Schau dich schlau!&#8221; untersucht in dieser Sendung, warum sie f\u00fcr uns \u00fcberlebenswichtig sind und wie sie funktionieren.<br \/>\nFero Anderson trifft sich mit einem blinden Menschen, der ihm seine pers\u00f6nliche Geschichte erz\u00e4hlt. Es wird dabei klar, was der Verlust des Augenlichts f\u00fcr einen Menschen bedeutet und wie er zugleich die anderen Sinne wie etwa das H\u00f6ren und F\u00fchlen sch\u00e4rft. Manche Menschen k\u00f6nnen zum Beispiel ihre Umgebung durch Echo-Ortung &#8220;sehen&#8221;, das hei\u00dft sie nehmen ihre Umgebung aufgrund von Schallwellen wahr. Joey Grit Winkler erkl\u00e4rt, wie Sehen funktioniert, und testet in einer Fu\u00dfg\u00e4ngerzone, wie gut oder schlecht die Deutschen sehen.<br \/>\n&#8220;Schau dich schlau!&#8221; kommt auf den Geschmack und zeigt, auf welchen Zungenbereichen man welche Geschmacksrichtungen (s\u00fc\u00df, sauer, bitter oder salzig) schmeckt und warum das so ist. Ob Saucen, Gew\u00fcrzt\u00fcten, Chips oder Fertigessen &#8211; \u00fcberall sind Geschmacksverst\u00e4rker drin. Fero und Joey zeigen, wie man Geschmacksverst\u00e4rker erkennt, wo man sie \u00fcberall findet und kl\u00e4ren, was sich hinter ihren Bezeichnungen wie E426 oder E511 verbirgt.<br \/>\nViele Brillentr\u00e4ger stellen sich zuweilen die Frage: Augenlasern &#8211; ist das gef\u00e4hrlich oder nicht? &#8220;Schau dich schlau!&#8221; geht der Sache auf den Grund und begleitet eine Augen-OP. Ein Augenarzt erkl\u00e4rt, wie der Eingriff funktioniert, unter welchen Voraussetzungen die Fehlsichtigkeit korrigiert werden kann, und welche Alternativen es zu Lasern gibt.<br \/>\nAu\u00dferdem: Woher kommt die Redewendung &#8220;Jemanden riechen k\u00f6nnen&#8221;? Welche Ger\u00e4usche nehmen wir nicht wahr, weil unser Gehirn sie ausblendet? Und wann sollte man auf seinen &#8220;sechsten Sinn&#8221; h\u00f6ren und seinem Bauchgef\u00fchl vertrauen?<\/p>\n","protected":false},"excerpt":{"rendered":"<p>Wie selbstverst\u00e4ndlich sehen, h\u00f6ren, riechen, schmecken und f\u00fchlen wir. Jeder benutzt t\u00e4glich seine f\u00fcnf Sinne, ohne sie bewusst einzusetzen. &#8220;Schau dich schlau!&#8221; untersucht in dieser Sendung, warum sie f\u00fcr uns \u00fcberlebenswichtig sind und wie sie funktionieren.<\/p>\n","protected":false},"featured_media":8260,"template":"","meta":{"_acf_changed":false},"product_brand":[],"product_cat":[70],"product_tag":[87,129,125],"class_list":{"0":"post-8262","1":"product","2":"type-product","3":"status-publish","4":"has-post-thumbnail","6":"product_cat-film","7":"product_tag-subject-biologie","8":"product_tag-target-gru","9":"product_tag-target-sek-i","10":"product_shipping_class-dvd-versand","12":"first","13":"instock","14":"taxable","15":"shipping-taxable","16":"purchasable","17":"product-type-variable"},"acf":{"subtitle":"Wahrnehmung des Menschen","article_id":"4670854 \/ 5560960","languages":"DE","thumb_up":false,"cover_image":28917,"linked_product":[8042],"linked_products":null,"banner":{"show":true,"text":"","color":""},"length":"44:13 min","content_movie":"","learning_goals":"","preview_gif":8259,"trailer":{"file":null,"url":"https:\/\/www.lehrmediathek.de\/trailer\/5-Sinne_Trailer.mp4","image":8268},"mediathek_id":"","amount":"","demo_url":"","h5p_demo_id":"","content_interactive":"","hide_numbers":false,"flyer":null,"info_columns":null},"_links":{"self":[{"href":"https:\/\/www.medienlb.com\/en\/wp-json\/wp\/v2\/product\/8262","targetHints":{"allow":["GET"]}}],"collection":[{"href":"https:\/\/www.medienlb.com\/en\/wp-json\/wp\/v2\/product"}],"about":[{"href":"https:\/\/www.medienlb.com\/en\/wp-json\/wp\/v2\/types\/product"}],"acf:post":[{"embeddable":true,"href":"https:\/\/www.medienlb.com\/en\/wp-json\/wp\/v2\/product\/8042"}],"wp:featuredmedia":[{"embeddable":true,"href":"https:\/\/www.medienlb.com\/en\/wp-json\/wp\/v2\/media\/8260"}],"wp:attachment":[{"href":"https:\/\/www.medienlb.com\/en\/wp-json\/wp\/v2\/media?parent=8262"}],"wp:term":[{"taxonomy":"product_brand","embeddable":true,"href":"https:\/\/www.medienlb.com\/en\/wp-json\/wp\/v2\/product_brand?post=8262"},{"taxonomy":"product_cat","embeddable":true,"href":"https:\/\/www.medienlb.com\/en\/wp-json\/wp\/v2\/product_cat?post=8262"},{"taxonomy":"product_tag","embeddable":true,"href":"https:\/\/www.medienlb.com\/en\/wp-json\/wp\/v2\/product_tag?post=8262"}],"curies":[{"name":"wp","href":"https:\/\/api.w.org\/{rel}","templated":true}]}}