{"id":8251,"date":"2023-12-20T18:05:17","date_gmt":"2023-12-20T18:05:17","guid":{"rendered":"https:\/\/medienlb.com\/produkt\/salz\/"},"modified":"2025-02-07T14:34:49","modified_gmt":"2025-02-07T14:34:49","slug":"salz","status":"publish","type":"product","link":"https:\/\/www.medienlb.com\/en\/produkt\/salz\/","title":{"rendered":"Salz"},"content":{"rendered":"<p>Ein vermeintlich gew\u00f6hnliches und billiges, wei\u00dfes Gew\u00fcrz gilt im Altertum als G\u00f6ttergabe, in unserer Zeit kann man es kiloweise im Supermarkt kaufen. Die Rede ist von Salz, der chemischen Verbindung aus Natrium und Chlorid.<br \/>\nSeit Jahrtausenden kennen die Menschen mannigfache Verwendungsm\u00f6glichkeiten f\u00fcr das Mineral. Am bekanntesten ist es als Gew\u00fcrz, aber es dient auch als Arznei-, Konservierungs- und Desinfektionsmittel. &#8220;Schau dich schlau!&#8221; pr\u00e4sentiert die spannendsten und erstaunlichsten Fakten rund um das &#8220;wei\u00dfe Gold&#8221;.<br \/>\nWer glaubt, dass Salz einfach Salz ist, hat sich geirrt. Auch hier gibt es Qualit\u00e4ts- und damit enorme Preisunterschiede. W\u00e4hrend im Supermarkt 500 Gramm herk\u00f6mmliches Salz ungef\u00e4hr 20 Cent kosten, muss man f\u00fcr die gleiche Menge an &#8220;Flor de Sal&#8221; zirka acht Euro und mehr hinbl\u00e4ttern. Denn &#8220;Flor de Sal&#8221; wird in m\u00fchevoller Handarbeit auf Mallorca hergestellt. Bevor die Kristalle unter der warmen Mittelmeersonne trocknen k\u00f6nnen, muss ein Arbeiter sie von der Wasseroberfl\u00e4che absch\u00f6pfen. Durch diese vorsichtige und schonende Produktion wird garantiert, dass alle Mineralien und Spurenelemente im &#8220;Flor de Sal&#8221; erhalten bleiben. F\u00fcr &#8220;Schau dich schlau!&#8221; reist Fero Andersen zur Salz-Ernte nach Mallorca. Mit der Ausbeute im Gep\u00e4ck besucht er einen Sterne-Koch und kreiert mit ihm exklusive Gourmet-Kreationen. Au\u00dferdem: Wie kann versalzenes Essen gerettet werden?<br \/>\nW\u00e4hrenddessen bleibt Joey Grit Winkler im wahrsten Sinne des Wortes bodenst\u00e4ndig und begibt sich unter Tage in ein Salzbergwerk. Hier lernt sie alles \u00fcber Salz &#8211; vom Entstehen des Minerals bis hin zur Verarbeitung. Au\u00dferdem stellt Joey die sch\u00f6nen Seiten des Salzes vor. Denn zur Sch\u00f6nheitspflege und zur Wellness dient das vielf\u00e4ltige Mittel genauso wie zum W\u00fcrzen. Zum Abschluss gibt &#8220;Schau dich schlau!&#8221; noch viele Tipps zum richtigen Umgang mit dem &#8220;wei\u00dfen Gold&#8221; und beantwortet Fragen wie: Verursacht zu viel Salz wirklich Bluthochdruck? Oder: Kann Salzwasser Wunden heilen?<br \/>\nZusammen mit dem umfangreichen Begleitmaterial eignet sich die DVD bestens f\u00fcr den Einsatz im Unterricht.<\/p>\n","protected":false},"excerpt":{"rendered":"<p>Ein vermeintlich gew\u00f6hnliches und billiges, wei\u00dfes Gew\u00fcrz gilt im Altertum als G\u00f6ttergabe, in unserer Zeit kann man es kiloweise im Supermarkt kaufen. Die Rede ist von Salz, der chemischen Verbindung aus Natrium und Chlorid.<\/p>\n","protected":false},"featured_media":8249,"template":"","meta":{"_acf_changed":false},"product_brand":[],"product_cat":[70],"product_tag":[87,131,125],"class_list":{"0":"post-8251","1":"product","2":"type-product","3":"status-publish","4":"has-post-thumbnail","6":"product_cat-film","7":"product_tag-subject-biologie","8":"product_tag-target-gs","9":"product_tag-target-sek-i","10":"product_shipping_class-dvd-versand","12":"first","13":"instock","14":"taxable","15":"shipping-taxable","16":"purchasable","17":"product-type-variable"},"acf":{"subtitle":"Vom W\u00fcrz- zum Wundermittel","article_id":"4670853 \/ 5560959","languages":"DE","thumb_up":false,"cover_image":28919,"linked_product":null,"linked_products":null,"banner":{"show":true,"text":"","color":""},"length":"26:55 min","content_movie":"","learning_goals":"","preview_gif":8248,"trailer":{"file":null,"url":"https:\/\/www.lehrmediathek.de\/trailer\/SDS-Salz.mp4","image":8257},"mediathek_id":"","amount":"","demo_url":"","h5p_demo_id":"","content_interactive":"","hide_numbers":false,"flyer":null,"info_columns":null},"_links":{"self":[{"href":"https:\/\/www.medienlb.com\/en\/wp-json\/wp\/v2\/product\/8251","targetHints":{"allow":["GET"]}}],"collection":[{"href":"https:\/\/www.medienlb.com\/en\/wp-json\/wp\/v2\/product"}],"about":[{"href":"https:\/\/www.medienlb.com\/en\/wp-json\/wp\/v2\/types\/product"}],"wp:featuredmedia":[{"embeddable":true,"href":"https:\/\/www.medienlb.com\/en\/wp-json\/wp\/v2\/media\/8249"}],"wp:attachment":[{"href":"https:\/\/www.medienlb.com\/en\/wp-json\/wp\/v2\/media?parent=8251"}],"wp:term":[{"taxonomy":"product_brand","embeddable":true,"href":"https:\/\/www.medienlb.com\/en\/wp-json\/wp\/v2\/product_brand?post=8251"},{"taxonomy":"product_cat","embeddable":true,"href":"https:\/\/www.medienlb.com\/en\/wp-json\/wp\/v2\/product_cat?post=8251"},{"taxonomy":"product_tag","embeddable":true,"href":"https:\/\/www.medienlb.com\/en\/wp-json\/wp\/v2\/product_tag?post=8251"}],"curies":[{"name":"wp","href":"https:\/\/api.w.org\/{rel}","templated":true}]}}