{"id":8229,"date":"2023-12-20T18:05:17","date_gmt":"2023-12-20T18:05:17","guid":{"rendered":"https:\/\/medienlb.com\/produkt\/huhn-und-ei\/"},"modified":"2025-02-07T14:35:01","modified_gmt":"2025-02-07T14:35:01","slug":"huhn-und-ei","status":"publish","type":"product","link":"https:\/\/www.medienlb.com\/en\/produkt\/huhn-und-ei\/","title":{"rendered":"Huhn und Ei"},"content":{"rendered":"<p>Erstaunliche Zahlen im Zeitalter der Vogelgrippe: \u00dcber 18 Milliarden Eier werden j\u00e4hrlich in Deutschland verzehrt und \u00fcber 10 Kilo Gefl\u00fcgelfleisch landen durchschnittlich im Magen eines jeden B\u00fcrgers. \u201eSchau Dich schlau!\u201c widmet sich heute einer der leckersten Erfindungen der Natur: dem Ei und dem Huhn.<br \/>\nH\u00fchner legen entweder als Legehennen Eier oder wachsen als Masthuhn innerhalb von wenigen Monaten zu einem Brath\u00e4hnchen heran. Legehennen sind extrem effektive und gen\u00fcgsame Eierlegemaschinen. T\u00e4glich ein Schnapsglas Wasser und eine Hand voll K\u00f6rner und schon wird ein Ei produziert. Und das an fast 300 Tagen im Jahr.<br \/>\n\u201eSchau dich schlau!\u201c zeigt, wie ein Ei entsteht, warum es oval ist und woran man erkennt, wie frisch es ist. Doch wie schaut es aus mit den verschiedenen Haltungsmethoden und G\u00fcteklassen? Was bedeuten Boden-, K\u00e4fig- oder Freilandhaltung eigentlich? Schmeckt man den Unterschied? \u201eSchau dich schlau!\u201c macht den Test.<br \/>\nAu\u00dferdem wirft das Team um Joey Grit Winkler und Fero Andersen einen Blick auf die aktuelle Forschung. Wissenschaftler pr\u00fcfen n\u00e4mlich, ob sich in einem Ei Wirkstoffe z\u00fcchten lassen, die dem Menschen als Grippeschutz dienen k\u00f6nnen.<br \/>\nUnd schlie\u00dflich stellt \u201eSchau dich schlau!\u201c nat\u00fcrlich die Frage aller Fragen: Was war zuerst da? Das Huhn oder das Ei?<\/p>\n","protected":false},"excerpt":{"rendered":"<p>Erstaunliche Zahlen im Zeitalter der Vogelgrippe: \u00dcber 18 Milliarden Eier werden j\u00e4hrlich in Deutschland verzehrt und \u00fcber 10 Kilo Gefl\u00fcgelfleisch landen durchschnittlich im Magen eines jeden B\u00fcrgers. \u201eSchau Dich schlau!\u201c widmet sich heute einer der leckersten Erfindungen der Natur: dem Ei und dem Huhn.<\/p>\n","protected":false},"featured_media":8227,"template":"","meta":{"_acf_changed":false},"product_brand":[],"product_cat":[70],"product_tag":[87,97,129,125],"class_list":{"0":"post-8229","1":"product","2":"type-product","3":"status-publish","4":"has-post-thumbnail","6":"product_cat-film","7":"product_tag-subject-biologie","8":"product_tag-subject-grundschule","9":"product_tag-target-gru","10":"product_tag-target-sek-i","11":"product_shipping_class-dvd-versand","13":"first","14":"instock","15":"taxable","16":"shipping-taxable","17":"purchasable","18":"product-type-variable"},"acf":{"subtitle":"Haltung und Mythen","article_id":"4670850 \/ 5560956","languages":"DE","thumb_up":true,"cover_image":28923,"linked_product":"","linked_products":null,"banner":{"show":true,"text":"","color":""},"length":"40:45 min","content_movie":"","learning_goals":"","preview_gif":8226,"trailer":{"file":"","url":"https:\/\/www.lehrmediathek.de\/trailer\/SDS-Huhn_Ei.mp4","image":8235},"mediathek_id":"","amount":"","demo_url":"","h5p_demo_id":"","content_interactive":"","hide_numbers":false,"flyer":"","info_columns":null},"_links":{"self":[{"href":"https:\/\/www.medienlb.com\/en\/wp-json\/wp\/v2\/product\/8229","targetHints":{"allow":["GET"]}}],"collection":[{"href":"https:\/\/www.medienlb.com\/en\/wp-json\/wp\/v2\/product"}],"about":[{"href":"https:\/\/www.medienlb.com\/en\/wp-json\/wp\/v2\/types\/product"}],"wp:featuredmedia":[{"embeddable":true,"href":"https:\/\/www.medienlb.com\/en\/wp-json\/wp\/v2\/media\/8227"}],"wp:attachment":[{"href":"https:\/\/www.medienlb.com\/en\/wp-json\/wp\/v2\/media?parent=8229"}],"wp:term":[{"taxonomy":"product_brand","embeddable":true,"href":"https:\/\/www.medienlb.com\/en\/wp-json\/wp\/v2\/product_brand?post=8229"},{"taxonomy":"product_cat","embeddable":true,"href":"https:\/\/www.medienlb.com\/en\/wp-json\/wp\/v2\/product_cat?post=8229"},{"taxonomy":"product_tag","embeddable":true,"href":"https:\/\/www.medienlb.com\/en\/wp-json\/wp\/v2\/product_tag?post=8229"}],"curies":[{"name":"wp","href":"https:\/\/api.w.org\/{rel}","templated":true}]}}