{"id":7409,"date":"2023-12-20T18:05:17","date_gmt":"2023-12-20T18:05:17","guid":{"rendered":"https:\/\/medienlb.com\/produkt\/natur-erleben\/"},"modified":"2025-02-07T14:40:02","modified_gmt":"2025-02-07T14:40:02","slug":"natur-erleben","status":"publish","type":"product","link":"https:\/\/www.medienlb.com\/en\/produkt\/natur-erleben\/","title":{"rendered":"Natur erleben"},"content":{"rendered":"<p>Die Naturwissenschaften gelangen zu ihren Ergebnissen durch pr\u00e4zise Beobachtung, durch fundierte Hypothesenbildung, deren experimentelle \u00dcberpr\u00fcfung und Auswertung. Vermittelt werden die Ergebnisse in einem festgelegten Kanon der Darstellung, sei es durch Schaffung eines anschaulichen Modells oder einer detaillierten Zeichnung, sei es durch ein aussagekr\u00e4ftiges Diagramm.<br \/>\nDer Film stellt diese naturwissenschaftlichen Methoden anhand einfacher und f\u00fcr Sch\u00fcler jederzeit nachvollziehbarer Beispiele aus dem Alltagsbereich vor.<br \/>\nDie Zuschauer erfahren, wie man ein Herbarium anlegt, worauf es bei einem Waldspaziergang zu achten gilt, aber auch, wie man den St\u00e4rkegehalt in Lebensmitteln qualitativ nachweisen kann.<br \/>\nIn Verbindung mit dem umfangreichen Zusatzmaterial (Arbeitsbl\u00e4tter, interaktive Aufgaben, Testfragen, Glossar) l\u00e4sst sich die vorliegende DVD hervorragend im Unterricht verwenden.<br \/>\nDie mit H5P programmierten interaktiven Aufgaben lassen sich ohne zus\u00e4tzliche Software verwenden.<\/p>\n<p>&nbsp;<\/p>\n","protected":false},"excerpt":{"rendered":"<p>Die Naturwissenschaften gelangen zu ihren Ergebnissen durch pr\u00e4zise Beobachtung, durch fundierte Hypothesenbildung, deren experimentelle \u00dcberpr\u00fcfung und Auswertung. Vermittelt werden die Ergebnisse in einem festgelegten Kanon der Darstellung, sei es durch Schaffung eines anschaulichen Modells oder einer detaillierten Zeichnung, sei es durch ein aussagekr\u00e4ftiges Diagramm.<\/p>\n","protected":false},"featured_media":7407,"template":"","meta":{"_acf_changed":false},"product_brand":[],"product_cat":[70],"product_tag":[87,125],"class_list":{"0":"post-7409","1":"product","2":"type-product","3":"status-publish","4":"has-post-thumbnail","6":"product_cat-film","7":"product_tag-subject-biologie","8":"product_tag-target-sek-i","9":"product_shipping_class-dvd-versand","11":"first","12":"instock","13":"taxable","14":"shipping-taxable","15":"purchasable","16":"product-type-variable"},"acf":{"subtitle":"Beobachten, Experimentieren, Protokollieren","article_id":"4679016 \/ 5565777","languages":"DE","thumb_up":false,"cover_image":29027,"linked_product":"","linked_products":null,"banner":{"show":true,"text":"","color":""},"length":"19:36 min","content_movie":"Im ausf\u00fchrlichen Datenteil der DVD 103 Seiten Unterrichts- und Begleitmaterial, davon:\r\n78 Seiten Arbeitsbl\u00e4tter und Erg\u00e4nzungen mit L\u00f6sungen\r\n22 Testaufgaben\r\n+ Interaktive Aufgaben","learning_goals":"","preview_gif":7406,"trailer":{"file":"","url":"https:\/\/www.lehrmediathek.de\/trailer\/Trailer_Natur_erleben_Website.mp4","image":7415},"mediathek_id":585,"amount":"","demo_url":"","h5p_demo_id":"","content_interactive":"","hide_numbers":false,"flyer":"","info_columns":null},"_links":{"self":[{"href":"https:\/\/www.medienlb.com\/en\/wp-json\/wp\/v2\/product\/7409","targetHints":{"allow":["GET"]}}],"collection":[{"href":"https:\/\/www.medienlb.com\/en\/wp-json\/wp\/v2\/product"}],"about":[{"href":"https:\/\/www.medienlb.com\/en\/wp-json\/wp\/v2\/types\/product"}],"wp:featuredmedia":[{"embeddable":true,"href":"https:\/\/www.medienlb.com\/en\/wp-json\/wp\/v2\/media\/7407"}],"wp:attachment":[{"href":"https:\/\/www.medienlb.com\/en\/wp-json\/wp\/v2\/media?parent=7409"}],"wp:term":[{"taxonomy":"product_brand","embeddable":true,"href":"https:\/\/www.medienlb.com\/en\/wp-json\/wp\/v2\/product_brand?post=7409"},{"taxonomy":"product_cat","embeddable":true,"href":"https:\/\/www.medienlb.com\/en\/wp-json\/wp\/v2\/product_cat?post=7409"},{"taxonomy":"product_tag","embeddable":true,"href":"https:\/\/www.medienlb.com\/en\/wp-json\/wp\/v2\/product_tag?post=7409"}],"curies":[{"name":"wp","href":"https:\/\/api.w.org\/{rel}","templated":true}]}}