{"id":7137,"date":"2023-12-20T18:05:17","date_gmt":"2023-12-20T18:05:17","guid":{"rendered":"https:\/\/medienlb.com\/produkt\/duengemittel\/"},"modified":"2025-02-07T14:42:10","modified_gmt":"2025-02-07T14:42:10","slug":"duengemittel","status":"publish","type":"product","link":"https:\/\/www.medienlb.com\/en\/produkt\/duengemittel\/","title":{"rendered":"D\u00fcngemittel"},"content":{"rendered":"<p>Pflanzen ben\u00f6tigen f\u00fcr ihr Wachstum, Licht, Wasser und N\u00e4hrstoffe. Den Ausgleich f\u00fcr nicht vorhandene N\u00e4hrstoffe schaffen D\u00fcngemittel. Doch welche D\u00fcngemittel gibt es? Welcher D\u00fcnger eignet sich f\u00fcr welchen Boden? Welche Konsequenzen bringt die D\u00fcngung mit sich?<\/p>\n<p>In drei Abschnitten zeigt der Film eine Bestandsaufnahme \u00fcber die landwirtschaftliche Situation in Deutschland, die Unterscheidung von organischen und mineralischen D\u00fcngern und deren Anwendung und die Probleme, die die D\u00fcngung f\u00fcr die Umwelt und den Menschen mit sich bringt. Ebenso angesprochen werden die daraus resultierenden gesetzlichen Regelungen.<\/p>\n<p>Im Film vermitteln Landwirte ihr Fachwissen aus erster Hand. Anschaulich berichten sie aus ihrem Praxisalltag von den M\u00f6glichkeiten und Herausforderungen, die D\u00fcngemittel mit sich bringen.<\/p>\n<p>&nbsp;<\/p>\n<p>&nbsp;<\/p>\n","protected":false},"excerpt":{"rendered":"<p>Pflanzen ben\u00f6tigen f\u00fcr ihr Wachstum, Licht, Wasser und N\u00e4hrstoffe. Den Ausgleich f\u00fcr nicht vorhandene N\u00e4hrstoffe schaffen D\u00fcngemittel. Doch welche D\u00fcngemittel gibt es? Welcher D\u00fcnger eignet sich f\u00fcr welchen Boden? Welche Konsequenzen bringt die D\u00fcngung mit sich?<\/p>\n","protected":false},"featured_media":7135,"template":"","meta":{"_acf_changed":false},"product_brand":[],"product_cat":[70],"product_tag":[87,113,125],"class_list":{"0":"post-7137","1":"product","2":"type-product","3":"status-publish","4":"has-post-thumbnail","6":"product_cat-film","7":"product_tag-subject-biologie","8":"product_tag-subject-chemie","9":"product_tag-target-sek-i","10":"product_shipping_class-dvd-versand","12":"first","13":"instock","14":"taxable","15":"shipping-taxable","16":"purchasable","17":"product-type-variable"},"acf":{"subtitle":"Konventionell und \u00d6kologisch","article_id":"46505039 \/ 55504918","languages":"DE","thumb_up":false,"cover_image":29071,"linked_product":"","linked_products":null,"banner":{"show":true,"text":"","color":""},"length":"23:29 min","content_movie":"","learning_goals":"Die Sch\u00fcler:innen lernen die Bedarfe von Pflanzen und B\u00f6den f\u00fcr eine ertragreiche Landwirtschaft\r\nDie Sch\u00fcler:innen untersuchen die Beschaffenheit von B\u00f6den\r\nDie Sch\u00fcler:innen argumentieren den Eingriff des Menschen in das \u00d6kosystem","preview_gif":7134,"trailer":{"file":"","url":"https:\/\/www.lehrmediathek.de\/trailer\/Trailer_D\u00fcnger.mp4","image":7143},"mediathek_id":784,"amount":"","demo_url":"","h5p_demo_id":"","content_interactive":"","hide_numbers":false,"flyer":"","info_columns":null},"_links":{"self":[{"href":"https:\/\/www.medienlb.com\/en\/wp-json\/wp\/v2\/product\/7137","targetHints":{"allow":["GET"]}}],"collection":[{"href":"https:\/\/www.medienlb.com\/en\/wp-json\/wp\/v2\/product"}],"about":[{"href":"https:\/\/www.medienlb.com\/en\/wp-json\/wp\/v2\/types\/product"}],"wp:featuredmedia":[{"embeddable":true,"href":"https:\/\/www.medienlb.com\/en\/wp-json\/wp\/v2\/media\/7135"}],"wp:attachment":[{"href":"https:\/\/www.medienlb.com\/en\/wp-json\/wp\/v2\/media?parent=7137"}],"wp:term":[{"taxonomy":"product_brand","embeddable":true,"href":"https:\/\/www.medienlb.com\/en\/wp-json\/wp\/v2\/product_brand?post=7137"},{"taxonomy":"product_cat","embeddable":true,"href":"https:\/\/www.medienlb.com\/en\/wp-json\/wp\/v2\/product_cat?post=7137"},{"taxonomy":"product_tag","embeddable":true,"href":"https:\/\/www.medienlb.com\/en\/wp-json\/wp\/v2\/product_tag?post=7137"}],"curies":[{"name":"wp","href":"https:\/\/api.w.org\/{rel}","templated":true}]}}