{"id":6944,"date":"2023-12-20T18:05:17","date_gmt":"2023-12-20T18:05:17","guid":{"rendered":"https:\/\/medienlb.com\/produkt\/romanik\/"},"modified":"2025-02-07T14:43:25","modified_gmt":"2025-02-07T14:43:25","slug":"romanik","status":"publish","type":"product","link":"https:\/\/www.medienlb.com\/en\/produkt\/romanik\/","title":{"rendered":"Romanik"},"content":{"rendered":"<p>Die Romanik, die im 8. Jahrhundert begann, war die erste Kunstepoche, die europaweit zu finden ist.<br \/>\nIhren Namen hat sie durch die \u00dcbernahme der r\u00f6mischen Rundb\u00f6gen, charakteristisch sind in der Architektur au\u00dferdem die gedrungenen W\u00e4nde und die massiven S\u00e4ulen und Pfeiler.<br \/>\nWoran man ein romanisches Geb\u00e4ude erkennt, woran eine romanische Buchmalerei, welche Kraft die Wandmalereien entfalteten, diesen Fragen geht der Film unterhaltsam und anschaulich nach.<br \/>\nIn Verbindung mit dem Zusatzmaterial (Arbeitsbl\u00e4tter, interaktive Aufgaben, Glossar, Testfragen) l\u00e4sst sich das Medium hervorragend im Unterricht verwenden.<br \/>\nDie interaktiven Aufgaben wurden mit H5P erstellt und sind ohne weitere Software verwendbar.<\/p>\n","protected":false},"excerpt":{"rendered":"<p>Die Romanik, die im 8. Jahrhundert begann, war die erste Kunstepoche, die europaweit zu finden ist.<\/p>\n","protected":false},"featured_media":6942,"template":"","meta":{"_acf_changed":false},"product_brand":[],"product_cat":[70],"product_tag":[85,125],"class_list":{"0":"post-6944","1":"product","2":"type-product","3":"status-publish","4":"has-post-thumbnail","6":"product_cat-film","7":"product_tag-subject-kunst","8":"product_tag-target-sek-i","9":"product_shipping_class-dvd-versand","11":"first","12":"instock","13":"taxable","14":"shipping-taxable","15":"purchasable","16":"product-type-variable"},"acf":{"subtitle":"Kunst und Architektur","article_id":"46500917 \/ 55500673","languages":"DE","thumb_up":true,"cover_image":29097,"linked_product":"","linked_products":null,"banner":{"show":true,"text":"","color":""},"length":"19:38 min","content_movie":"Im ausf\u00fchrlichen Datenteil der DVD 90 Seiten Unterrichts- und Begleitmaterial, davon:\r\n37 Seiten Arbeitsbl\u00e4tter und Erg\u00e4nzungen mit L\u00f6sungen\r\n20 Testaufgaben\r\n7 Interaktive Aufgaben","learning_goals":"","preview_gif":6941,"trailer":{"file":"","url":"https:\/\/www.lehrmediathek.de\/trailer\/Trailer_Romanik.mp4","image":6950},"mediathek_id":624,"amount":"","demo_url":"","h5p_demo_id":"","content_interactive":"","hide_numbers":false,"flyer":"","info_columns":null},"_links":{"self":[{"href":"https:\/\/www.medienlb.com\/en\/wp-json\/wp\/v2\/product\/6944","targetHints":{"allow":["GET"]}}],"collection":[{"href":"https:\/\/www.medienlb.com\/en\/wp-json\/wp\/v2\/product"}],"about":[{"href":"https:\/\/www.medienlb.com\/en\/wp-json\/wp\/v2\/types\/product"}],"wp:featuredmedia":[{"embeddable":true,"href":"https:\/\/www.medienlb.com\/en\/wp-json\/wp\/v2\/media\/6942"}],"wp:attachment":[{"href":"https:\/\/www.medienlb.com\/en\/wp-json\/wp\/v2\/media?parent=6944"}],"wp:term":[{"taxonomy":"product_brand","embeddable":true,"href":"https:\/\/www.medienlb.com\/en\/wp-json\/wp\/v2\/product_brand?post=6944"},{"taxonomy":"product_cat","embeddable":true,"href":"https:\/\/www.medienlb.com\/en\/wp-json\/wp\/v2\/product_cat?post=6944"},{"taxonomy":"product_tag","embeddable":true,"href":"https:\/\/www.medienlb.com\/en\/wp-json\/wp\/v2\/product_tag?post=6944"}],"curies":[{"name":"wp","href":"https:\/\/api.w.org\/{rel}","templated":true}]}}