{"id":6922,"date":"2023-12-20T18:05:17","date_gmt":"2023-12-20T18:05:17","guid":{"rendered":"https:\/\/medienlb.com\/produkt\/drucktechnik\/"},"modified":"2025-02-07T14:43:38","modified_gmt":"2025-02-07T14:43:38","slug":"drucktechnik","status":"publish","type":"product","link":"https:\/\/www.medienlb.com\/en\/produkt\/drucktechnik\/","title":{"rendered":"Drucktechnik"},"content":{"rendered":"<p>Heute ist Druck \u00fcberall und kaum aus unserem Leben wegzudenken. Die M\u00f6glichkeiten, die moderne Druckverfahren heute bieten, w\u00e4ren noch vor wenigen Jahrzehnten undenkbar gewesen. Um so weit zu kommen, musste der Druck einen langen Weg zur\u00fccklegen. Das Prinzip ist bereits Jahrtausende alt.<br \/>\nGutenberg machte das Buch zum Massenartikel: 1440 erm\u00f6glichte es seine Druckerpresse mit metallenen Lettern, Schriften g\u00fcnstig und schnell zu vervielf\u00e4ltigen.<br \/>\nIn diesem Film werden die wichtigsten Verfahren zur Vervielf\u00e4ltigung von Druckvorlagen zusammengefasst, wie Buchdruck, Offsetdruck, Tiefdruck, Lithografie und Siebdruck.<\/p>\n<p>&nbsp;<\/p>\n","protected":false},"excerpt":{"rendered":"<p>Heute ist Druck \u00fcberall und kaum aus unserem Leben wegzudenken. Die M\u00f6glichkeiten, die moderne Druckverfahren heute bieten, w\u00e4ren noch vor wenigen Jahrzehnten undenkbar gewesen. Um so weit zu kommen, musste der Druck einen langen Weg zur\u00fccklegen. Das Prinzip ist bereits Jahrtausende alt.<\/p>\n","protected":false},"featured_media":6920,"template":"","meta":{"_acf_changed":false},"product_brand":[],"product_cat":[70],"product_tag":[85,125],"class_list":{"0":"post-6922","1":"product","2":"type-product","3":"status-publish","4":"has-post-thumbnail","6":"product_cat-film","7":"product_tag-subject-kunst","8":"product_tag-target-sek-i","9":"product_shipping_class-dvd-versand","11":"first","12":"instock","13":"taxable","14":"shipping-taxable","15":"purchasable","16":"product-type-variable"},"acf":{"subtitle":"Druckverfahren und ihre Geschichte","article_id":"46504603 \/ 55504044","languages":"DE","thumb_up":false,"cover_image":29101,"linked_product":"","linked_products":null,"banner":{"show":true,"text":"","color":""},"length":"19:10 min","content_movie":"","learning_goals":"1. Die Sch\u00fcler:innen kennen grundlegende druckgrafische Verfahren\r\n2. Die Sch\u00fcler:innen erfassen die Bedeutung des Buchdrucks als Motor des Medienwandels","preview_gif":6919,"trailer":{"file":"","url":"https:\/\/www.lehrmediathek.de\/trailer\/Drucktechnik_Trailer.mp4","image":6928},"mediathek_id":725,"amount":"","demo_url":"","h5p_demo_id":"","content_interactive":"","hide_numbers":false,"flyer":"","info_columns":null},"_links":{"self":[{"href":"https:\/\/www.medienlb.com\/en\/wp-json\/wp\/v2\/product\/6922","targetHints":{"allow":["GET"]}}],"collection":[{"href":"https:\/\/www.medienlb.com\/en\/wp-json\/wp\/v2\/product"}],"about":[{"href":"https:\/\/www.medienlb.com\/en\/wp-json\/wp\/v2\/types\/product"}],"wp:featuredmedia":[{"embeddable":true,"href":"https:\/\/www.medienlb.com\/en\/wp-json\/wp\/v2\/media\/6920"}],"wp:attachment":[{"href":"https:\/\/www.medienlb.com\/en\/wp-json\/wp\/v2\/media?parent=6922"}],"wp:term":[{"taxonomy":"product_brand","embeddable":true,"href":"https:\/\/www.medienlb.com\/en\/wp-json\/wp\/v2\/product_brand?post=6922"},{"taxonomy":"product_cat","embeddable":true,"href":"https:\/\/www.medienlb.com\/en\/wp-json\/wp\/v2\/product_cat?post=6922"},{"taxonomy":"product_tag","embeddable":true,"href":"https:\/\/www.medienlb.com\/en\/wp-json\/wp\/v2\/product_tag?post=6922"}],"curies":[{"name":"wp","href":"https:\/\/api.w.org\/{rel}","templated":true}]}}