{"id":6463,"date":"2023-12-20T18:05:17","date_gmt":"2023-12-20T18:05:17","guid":{"rendered":"https:\/\/medienlb.com\/produkt\/akustik\/"},"modified":"2025-02-07T14:46:21","modified_gmt":"2025-02-07T14:46:21","slug":"akustik","status":"publish","type":"product","link":"https:\/\/www.medienlb.com\/en\/produkt\/akustik\/","title":{"rendered":"Akustik"},"content":{"rendered":"<p>Musik ist aus unserem Leben nicht wegzudenken. Doch warum lassen wir uns tagt\u00e4glich durch Radio, iPod, CD oder Fernsehen beschallen? Welchen Einfluss hat die Musik auf K\u00f6rper, Geist und Seele? Wie beeinflusst sie unsere Emotionen? Und macht Musik wirklich intelligent? Joey Grit Winkler besucht heute eine K\u00f6lner Musikschule und zeigt, welche Auswirkungen Musik auf die Intelligenz hat, wie unterschiedliche Musikrichtungen unsere Konzentration beeinflussen k\u00f6nnen und stellt zusammen mit Musiksch\u00fclern die beliebtesten Musikinstrumente vor. Fero Andersen begleitet w\u00e4hrenddessen die Band \u201eLexington Bridge\u201c ins Tonstudio. Er erf\u00e4hrt, wie die Star-Maschinerie von Gesangsausbildung, \u00fcber perfektes Styling bis hin zur PR-Strategie funktioniert. \u201eSchau dich schlau!\u201c erkl\u00e4rt heute auch, wie man seine Wohnung inklusive M\u00f6bel und Boxen richtig einrichtet, um sich das perfekte Klangerlebnis ins eigene Heim zu holen. Au\u00dferdem zeigt uns ein Komponist anhand einer beispielhaften Spielfilmszene, wie uns Musik in Filmen bewusst in die \u201erichtige\u201c Stimmung versetzt und auch unser Liebesleben positiv oder negativ beeinflusst.<\/p>\n","protected":false},"excerpt":{"rendered":"<p>Musik ist aus unserem Leben nicht wegzudenken. Doch warum lassen wir uns tagt\u00e4glich durch Radio, iPod, CD oder Fernsehen beschallen? Welchen Einfluss hat die Musik auf K\u00f6rper, Geist und Seele? Wie beeinflusst sie unsere Emotionen? Und macht Musik wirklich intelligent? Joey Grit Winkler besucht heute eine K\u00f6lner Musikschule und zeigt, welche Auswirkungen Musik auf die Intelligenz hat, wie unterschiedliche Musikrichtungen unsere Konzentration beeinflussen k\u00f6nnen und stellt zusammen mit Musiksch\u00fclern die beliebtesten Musikinstrumente vor. Fero Andersen begleitet w\u00e4hrenddessen die Band \u201eLexington Bridge\u201c ins Tonstudio. Er erf\u00e4hrt, wie die Star-Maschinerie von Gesangsausbildung, \u00fcber perfektes Styling bis hin zur PR-Strategie funktioniert. \u201eSchau dich schlau!\u201c erkl\u00e4rt heute auch, wie man seine Wohnung inklusive M\u00f6bel und Boxen richtig einrichtet, um sich das perfekte Klangerlebnis ins eigene Heim zu holen. Au\u00dferdem zeigt uns ein Komponist anhand einer beispielhaften Spielfilmszene, wie uns Musik in Filmen bewusst in die \u201erichtige\u201c Stimmung versetzt und auch unser Liebesleben positiv oder negativ beeinflusst.<\/p>\n","protected":false},"featured_media":6461,"template":"","meta":{"_acf_changed":false},"product_brand":[],"product_cat":[70],"product_tag":[79,125],"class_list":{"0":"post-6463","1":"product","2":"type-product","3":"status-publish","4":"has-post-thumbnail","6":"product_cat-film","7":"product_tag-subject-musik","8":"product_tag-target-sek-i","9":"product_shipping_class-dvd-versand","11":"first","12":"instock","13":"taxable","14":"shipping-taxable","15":"purchasable","16":"product-type-variable"},"acf":{"subtitle":"Vom Tonstudio zum Auftritt","article_id":"4668261 \/ 5559752","languages":"DE","thumb_up":false,"cover_image":29160,"linked_product":null,"linked_products":null,"banner":{"show":true,"text":"","color":""},"length":"44:39 min","content_movie":"","learning_goals":"","preview_gif":6460,"trailer":{"file":null,"url":"https:\/\/www.lehrmediathek.de\/trailer\/SDS-Akustik.mp4","image":6469},"mediathek_id":"","amount":"","demo_url":"","h5p_demo_id":"","content_interactive":"","hide_numbers":false,"flyer":null,"info_columns":null},"_links":{"self":[{"href":"https:\/\/www.medienlb.com\/en\/wp-json\/wp\/v2\/product\/6463","targetHints":{"allow":["GET"]}}],"collection":[{"href":"https:\/\/www.medienlb.com\/en\/wp-json\/wp\/v2\/product"}],"about":[{"href":"https:\/\/www.medienlb.com\/en\/wp-json\/wp\/v2\/types\/product"}],"wp:featuredmedia":[{"embeddable":true,"href":"https:\/\/www.medienlb.com\/en\/wp-json\/wp\/v2\/media\/6461"}],"wp:attachment":[{"href":"https:\/\/www.medienlb.com\/en\/wp-json\/wp\/v2\/media?parent=6463"}],"wp:term":[{"taxonomy":"product_brand","embeddable":true,"href":"https:\/\/www.medienlb.com\/en\/wp-json\/wp\/v2\/product_brand?post=6463"},{"taxonomy":"product_cat","embeddable":true,"href":"https:\/\/www.medienlb.com\/en\/wp-json\/wp\/v2\/product_cat?post=6463"},{"taxonomy":"product_tag","embeddable":true,"href":"https:\/\/www.medienlb.com\/en\/wp-json\/wp\/v2\/product_tag?post=6463"}],"curies":[{"name":"wp","href":"https:\/\/api.w.org\/{rel}","templated":true}]}}