{"id":6388,"date":"2023-12-20T18:05:17","date_gmt":"2023-12-20T18:05:17","guid":{"rendered":"https:\/\/medienlb.com\/produkt\/kraft-der-musik\/"},"modified":"2025-02-07T14:46:50","modified_gmt":"2025-02-07T14:46:50","slug":"kraft-der-musik","status":"publish","type":"product","link":"https:\/\/www.medienlb.com\/en\/produkt\/kraft-der-musik\/","title":{"rendered":"Kraft der Musik"},"content":{"rendered":"<p>150 Helfer und Helferinnen haben das gleiche Ziel: Die Show im Jahr 2012 soll noch gr\u00f6\u00dfer und spektakul\u00e4rer sein als alle bisherigen, denn es ist das 20-j\u00e4hrige B\u00fchnenjubil\u00e4um von DJ BOBO. Mehr als 4 Millionen Menschen haben seine Shows bereits gesehen. Die Fans lieben seine Musik, vor allem aber auch seine speziellen B\u00fchnenshows und die besonderen Lichteffekte. Seine Hits und die immer wieder gigantischen B\u00fchnenbilder animieren die Zuschauer zum Kauf einer Konzertkarte. Die Tournee dauert 7 Wochen und 8 Trucks, die mit 140 t B\u00fchnentechnik beladen sind, fahren von Stadt zu Stadt. Nur etwa 12 Stunden bleiben zum Aufbau der riesigen Showb\u00fchne.<br \/>\n\u00a0<br \/>\nHans G\u00fcnther Bastian, Universit\u00e4t Paderborn hat f\u00fcnf Jahre lang an Berliner Grundschulen geforscht (Bastian-Studie). Er fand heraus: Regelm\u00e4\u00dfiges Singen, zus\u00e4tzlicher Musikunterricht und das Spielen auf Instrumenten steigerte den IQ und die Konzentration der Sch\u00fclerinnen und Sch\u00fcler. W\u00e4hrend des Singens trainiert man das Ged\u00e4chtnis, man lernt Sozialverhalten, erlebt Motivation und Freude und erreicht gemeinsam neue Ziele.<\/p>\n","protected":false},"excerpt":{"rendered":"<p>150 Helfer und Helferinnen haben das gleiche Ziel: Die Show im Jahr 2012 soll noch gr\u00f6\u00dfer und spektakul\u00e4rer sein als alle bisherigen, denn es ist das 20-j\u00e4hrige B\u00fchnenjubil\u00e4um von DJ BOBO. Mehr als 4 Millionen Menschen haben seine Shows bereits gesehen. Die Fans lieben seine Musik, vor allem aber auch seine speziellen B\u00fchnenshows und die besonderen Lichteffekte. Seine Hits und die immer wieder gigantischen B\u00fchnenbilder animieren die Zuschauer zum Kauf einer Konzertkarte. Die Tournee dauert 7 Wochen und 8 Trucks, die mit 140 t B\u00fchnentechnik beladen sind, fahren von Stadt zu Stadt. Nur etwa 12 Stunden bleiben zum Aufbau der riesigen Showb\u00fchne.<\/p>\n","protected":false},"featured_media":6386,"template":"","meta":{"_acf_changed":false},"product_brand":[],"product_cat":[70],"product_tag":[79,129,125],"class_list":{"0":"post-6388","1":"product","2":"type-product","3":"status-publish","4":"has-post-thumbnail","6":"product_cat-film","7":"product_tag-subject-musik","8":"product_tag-target-gru","9":"product_tag-target-sek-i","10":"product_shipping_class-dvd-versand","12":"first","13":"instock","14":"taxable","15":"shipping-taxable","16":"purchasable","17":"product-type-variable"},"acf":{"subtitle":"Kommerz und Faszination","article_id":"4670857 \/ 5560963","languages":"DE","thumb_up":false,"cover_image":29170,"linked_product":null,"linked_products":null,"banner":{"show":true,"text":"","color":""},"length":"45:06 min","content_movie":"","learning_goals":"","preview_gif":6385,"trailer":{"file":null,"url":"https:\/\/www.lehrmediathek.de\/trailer\/SDS-Musik.mp4","image":6394},"mediathek_id":"","amount":"","demo_url":"","h5p_demo_id":"","content_interactive":"","hide_numbers":false,"flyer":null,"info_columns":null},"_links":{"self":[{"href":"https:\/\/www.medienlb.com\/en\/wp-json\/wp\/v2\/product\/6388","targetHints":{"allow":["GET"]}}],"collection":[{"href":"https:\/\/www.medienlb.com\/en\/wp-json\/wp\/v2\/product"}],"about":[{"href":"https:\/\/www.medienlb.com\/en\/wp-json\/wp\/v2\/types\/product"}],"wp:featuredmedia":[{"embeddable":true,"href":"https:\/\/www.medienlb.com\/en\/wp-json\/wp\/v2\/media\/6386"}],"wp:attachment":[{"href":"https:\/\/www.medienlb.com\/en\/wp-json\/wp\/v2\/media?parent=6388"}],"wp:term":[{"taxonomy":"product_brand","embeddable":true,"href":"https:\/\/www.medienlb.com\/en\/wp-json\/wp\/v2\/product_brand?post=6388"},{"taxonomy":"product_cat","embeddable":true,"href":"https:\/\/www.medienlb.com\/en\/wp-json\/wp\/v2\/product_cat?post=6388"},{"taxonomy":"product_tag","embeddable":true,"href":"https:\/\/www.medienlb.com\/en\/wp-json\/wp\/v2\/product_tag?post=6388"}],"curies":[{"name":"wp","href":"https:\/\/api.w.org\/{rel}","templated":true}]}}