{"id":6345,"date":"2023-12-20T18:05:17","date_gmt":"2023-12-20T18:05:17","guid":{"rendered":"https:\/\/medienlb.com\/produkt\/johann-sebastian-bach\/"},"modified":"2025-02-07T14:47:05","modified_gmt":"2025-02-07T14:47:05","slug":"johann-sebastian-bach","status":"publish","type":"product","link":"https:\/\/www.medienlb.com\/en\/produkt\/johann-sebastian-bach\/","title":{"rendered":"Johann Sebastian Bach"},"content":{"rendered":"<p>Johann Sebastian Bach ist der bedeutendste Komponist des Barock.<br \/>\nEr entstammt einer Familie von Musikern, die in Erfurt so pr\u00e4gend war, dass man Musiker dort einfach \u201eDie Bache\u201c nannte.<br \/>\nDer Film zeigt Kindheit und Jugend des Komponisten ebenso wie sein Wirken in K\u00f6then, Weimar, L\u00fcneburg und Leipzig.<br \/>\nIn Interviews mit jugendlichen Musikern, Kirchenmusikern und Choreographen wird die Bedeutung und Inspiration, die seine Musik heute noch ungebrochen besitzt, verdeutlicht.<br \/>\nIn Verbindung mit dem umfangreichen Zusatzmaterial (klassische und interaktive Arbeitsbl\u00e4tter, Glossar, Testfragen) ist die vorliegende DVD hervorragend im Unterricht verwendbar.<br \/>\nIm ausf\u00fchrlichen Datenteil der DVD 100 Seiten Unterrichts- und Begleitmaterial, davon:<\/p>\n","protected":false},"excerpt":{"rendered":"<p>Johann Sebastian Bach ist der bedeutendste Komponist des Barock.<\/p>\n","protected":false},"featured_media":6343,"template":"","meta":{"_acf_changed":false},"product_brand":[],"product_cat":[70],"product_tag":[79,125],"class_list":{"0":"post-6345","1":"product","2":"type-product","3":"status-publish","4":"has-post-thumbnail","6":"product_cat-film","7":"product_tag-subject-musik","8":"product_tag-target-sek-i","9":"product_shipping_class-dvd-versand","11":"first","12":"instock","13":"taxable","14":"shipping-taxable","15":"purchasable","16":"product-type-variable"},"acf":{"subtitle":"Sch\u00fcler entdecken klassische Musik","article_id":"4675545 \/ 5563692","languages":"DE, EN","thumb_up":true,"cover_image":29176,"linked_product":"","linked_products":null,"banner":{"show":true,"text":"","color":""},"length":"23:01 min","content_movie":"60 Seiten Arbeitsbl\u00e4tter und Erg\u00e4nzungen mit L\u00f6sungen!\r\n20 Testaufgaben\r\n10 Arbeitsbl\u00e4tter f\u00fcr interaktive Whiteboards!\r\n5 Master Tool Folien","learning_goals":"","preview_gif":6342,"trailer":{"file":"","url":"https:\/\/www.lehrmediathek.de\/trailer\/Trailer_Bach.mp4","image":6351},"mediathek_id":520,"amount":"","demo_url":"","h5p_demo_id":"","content_interactive":"","hide_numbers":false,"flyer":"","info_columns":null},"_links":{"self":[{"href":"https:\/\/www.medienlb.com\/en\/wp-json\/wp\/v2\/product\/6345","targetHints":{"allow":["GET"]}}],"collection":[{"href":"https:\/\/www.medienlb.com\/en\/wp-json\/wp\/v2\/product"}],"about":[{"href":"https:\/\/www.medienlb.com\/en\/wp-json\/wp\/v2\/types\/product"}],"wp:featuredmedia":[{"embeddable":true,"href":"https:\/\/www.medienlb.com\/en\/wp-json\/wp\/v2\/media\/6343"}],"wp:attachment":[{"href":"https:\/\/www.medienlb.com\/en\/wp-json\/wp\/v2\/media?parent=6345"}],"wp:term":[{"taxonomy":"product_brand","embeddable":true,"href":"https:\/\/www.medienlb.com\/en\/wp-json\/wp\/v2\/product_brand?post=6345"},{"taxonomy":"product_cat","embeddable":true,"href":"https:\/\/www.medienlb.com\/en\/wp-json\/wp\/v2\/product_cat?post=6345"},{"taxonomy":"product_tag","embeddable":true,"href":"https:\/\/www.medienlb.com\/en\/wp-json\/wp\/v2\/product_tag?post=6345"}],"curies":[{"name":"wp","href":"https:\/\/api.w.org\/{rel}","templated":true}]}}