{"id":6301,"date":"2023-12-20T18:05:17","date_gmt":"2023-12-20T18:05:17","guid":{"rendered":"https:\/\/medienlb.com\/produkt\/beatbox\/"},"modified":"2025-02-07T14:47:26","modified_gmt":"2025-02-07T14:47:26","slug":"beatbox","status":"publish","type":"product","link":"https:\/\/www.medienlb.com\/en\/produkt\/beatbox\/","title":{"rendered":"Beatbox"},"content":{"rendered":"<p>Beatboxing ist eine Technik der Stimmenimitation, die seit den 1980er Jahren eine weite Verbreitung vor allem in der Hip-Hop-Musik gefunden hat. Beatboxing sorgt stets f\u00fcr gro\u00dfes Erstaunen, wenn die Bestandteile eines Schlagzeugs, Kick Drum, Hi Hat und Snare Drum verbl\u00fcffend realistisch nachgeahmt werden.<br \/>\nDie gemeinsam mit der GORILLA Schulprogramm gGmbH entstandene Produktion zeigt mit dem Beat Box-Botschafter Elias, wie die grundlegenden Techniken des Beatboxing erlernt und wie sie musikalisch eingesetzt werden k\u00f6nnen.<br \/>\nIn Verbindung mit dem umfangreichen Zusatzmaterial (Transkriptionen der Beats, Interaktive Aufgaben, Glossar) l\u00e4sst sich das Medium hervorragend im Unterricht verwenden.<br \/>\nGlossar und interaktive Aufgaben wurden mit H5P erstellt und k\u00f6nnen ohne weitere Software eingesetzt werden.<\/p>\n<p>&nbsp;<\/p>\n","protected":false},"excerpt":{"rendered":"<p>Beatboxing ist eine Technik der Stimmenimitation, die seit den 1980er Jahren eine weite Verbreitung vor allem in der Hip-Hop-Musik gefunden hat. Beatboxing sorgt stets f\u00fcr gro\u00dfes Erstaunen, wenn die Bestandteile eines Schlagzeugs, Kick Drum, Hi Hat und Snare Drum verbl\u00fcffend realistisch nachgeahmt werden.<\/p>\n","protected":false},"featured_media":6299,"template":"","meta":{"_acf_changed":false},"product_brand":[],"product_cat":[70],"product_tag":[79,125],"class_list":{"0":"post-6301","1":"product","2":"type-product","3":"status-publish","4":"has-post-thumbnail","6":"product_cat-film","7":"product_tag-subject-musik","8":"product_tag-target-sek-i","9":"product_shipping_class-dvd-versand","11":"first","12":"instock","13":"taxable","14":"shipping-taxable","15":"purchasable","16":"product-type-variable"},"acf":{"subtitle":"Grundbeats und Soundeffekte schnell lernen","article_id":"46502666 \/ 55502261","languages":"DE","thumb_up":true,"cover_image":29184,"linked_product":"","linked_products":null,"banner":{"show":true,"text":"","color":""},"length":"30:21 min","content_movie":"Im ausf\u00fchrlichen Datenteil der DVD 58 Seiten Unterrichts- und Begleitmaterial, davon:\r\n6 Seiten Arbeitsbl\u00e4tter und Erg\u00e4nzungen mit L\u00f6sungen\r\n12 Interaktive Aufgaben","learning_goals":"","preview_gif":6298,"trailer":{"file":"","url":"https:\/\/www.lehrmediathek.de\/trailer\/Beatbox_Trailer.mp4","image":6307},"mediathek_id":683,"amount":"","demo_url":"","h5p_demo_id":"","content_interactive":"","hide_numbers":false,"flyer":"","info_columns":null},"_links":{"self":[{"href":"https:\/\/www.medienlb.com\/en\/wp-json\/wp\/v2\/product\/6301","targetHints":{"allow":["GET"]}}],"collection":[{"href":"https:\/\/www.medienlb.com\/en\/wp-json\/wp\/v2\/product"}],"about":[{"href":"https:\/\/www.medienlb.com\/en\/wp-json\/wp\/v2\/types\/product"}],"wp:featuredmedia":[{"embeddable":true,"href":"https:\/\/www.medienlb.com\/en\/wp-json\/wp\/v2\/media\/6299"}],"wp:attachment":[{"href":"https:\/\/www.medienlb.com\/en\/wp-json\/wp\/v2\/media?parent=6301"}],"wp:term":[{"taxonomy":"product_brand","embeddable":true,"href":"https:\/\/www.medienlb.com\/en\/wp-json\/wp\/v2\/product_brand?post=6301"},{"taxonomy":"product_cat","embeddable":true,"href":"https:\/\/www.medienlb.com\/en\/wp-json\/wp\/v2\/product_cat?post=6301"},{"taxonomy":"product_tag","embeddable":true,"href":"https:\/\/www.medienlb.com\/en\/wp-json\/wp\/v2\/product_tag?post=6301"}],"curies":[{"name":"wp","href":"https:\/\/api.w.org\/{rel}","templated":true}]}}