{"id":6129,"date":"2023-12-20T18:05:17","date_gmt":"2023-12-20T18:05:17","guid":{"rendered":"https:\/\/medienlb.com\/produkt\/privatsphaere\/"},"modified":"2025-02-07T14:48:30","modified_gmt":"2025-02-07T14:48:30","slug":"privatsphaere","status":"publish","type":"product","link":"https:\/\/www.medienlb.com\/en\/produkt\/privatsphaere\/","title":{"rendered":"Privatsph\u00e4re"},"content":{"rendered":"<p>&#8220;I&#8217;m watching you&#8221; \u2013 heutzutage kein Problem mehr. Die rasend schnelle Entwicklung der Technik erm\u00f6glicht \u00dcberwachung und Spionage zu jeder Zeit und an jedem Ort. Ob mit aufw\u00e4ndigen Mitteln oder im kleinen Rahmen ganz nebenbei \u2013 fast \u00fcberall wird man beobachtet. Jedoch birgt diese transparente Welt jede Menge Gefahren. &#8220;Schau dich schlau!&#8221; versucht deshalb herauszufinden, wie es m\u00f6glich ist, seine Spuren im Alltag zu verwischen. Ob Facebook oder Twitter \u2013 es wird gepostet, gebloggt, kommentiert und dabei oft viel zu viel preisgegeben. Die &#8220;Schau dich schlau!&#8221;-Moderatoren Joey Grit Winkler und Fero Andersen werden dieses Mal vor eine besondere Herausforderung gestellt: Sie sollen den genauen Tagesablauf des jeweils anderen an einem ihnen nicht bekannten Tag des Monats wiedergeben. Wer mehr Infos zusammentr\u00e4gt, gewinnt das Duell. Fero hofft auf n\u00fctzliche Informationen \u00fcber das Facebook-Profil seiner Kontrahentin. Des Weiteren engagiert er einen Privatdetektiv und versteckt eine Kamera vor Joeys Wohnung. Dagegen setzt sie bei ihrer Mission auf Handyortung und bringt sich selbst ins Spiel. Mit Hilfe der passenden Verkleidung verfolgt sie Fero auf Schritt und Tritt. In Gespr\u00e4chen mit seinen Kollegen und Freunden hofft sie auf besondere Informationen zu sto\u00dfen, um die Spionage-Challenge f\u00fcr sich zu entscheiden. Au\u00dferdem in der Sendung: Ohne Bedenken telefonieren \u2013 das d\u00fcrfte doch wohl m\u00f6glich sein. Oder stimmt es wirklich, dass unsere Gespr\u00e4che am Telefon bei W\u00f6rtern wie &#8220;Drogen&#8221; oder &#8220;Bombe&#8221; abgeh\u00f6rt werden? &#8220;Schau dich schlau!&#8221; tritt an zum gro\u00dfen Test.<\/p>\n","protected":false},"excerpt":{"rendered":"<p>&#8220;I&#8217;m watching you&#8221; \u2013 heutzutage kein Problem mehr. Die rasend schnelle Entwicklung der Technik erm\u00f6glicht \u00dcberwachung und Spionage zu jeder Zeit und an jedem Ort. Ob mit aufw\u00e4ndigen Mitteln oder im kleinen Rahmen ganz nebenbei \u2013 fast \u00fcberall wird man beobachtet. Jedoch birgt diese transparente Welt jede Menge Gefahren. &#8220;Schau dich schlau!&#8221; versucht deshalb herauszufinden, wie es m\u00f6glich ist, seine Spuren im Alltag zu verwischen. Ob Facebook oder Twitter \u2013 es wird gepostet, gebloggt, kommentiert und dabei oft viel zu viel preisgegeben. Die &#8220;Schau dich schlau!&#8221;-Moderatoren Joey Grit Winkler und Fero Andersen werden dieses Mal vor eine besondere Herausforderung gestellt: Sie sollen den genauen Tagesablauf des jeweils anderen an einem ihnen nicht bekannten Tag des Monats wiedergeben. Wer mehr Infos zusammentr\u00e4gt, gewinnt das Duell. Fero hofft auf n\u00fctzliche Informationen \u00fcber das Facebook-Profil seiner Kontrahentin. Des Weiteren engagiert er einen Privatdetektiv und versteckt eine Kamera vor Joeys Wohnung. Dagegen setzt sie bei ihrer Mission auf Handyortung und bringt sich selbst ins Spiel. Mit Hilfe der passenden Verkleidung verfolgt sie Fero auf Schritt und Tritt. In Gespr\u00e4chen mit seinen Kollegen und Freunden hofft sie auf besondere Informationen zu sto\u00dfen, um die Spionage-Challenge f\u00fcr sich zu entscheiden. Au\u00dferdem in der Sendung: Ohne Bedenken telefonieren \u2013 das d\u00fcrfte doch wohl m\u00f6glich sein. Oder stimmt es wirklich, dass unsere Gespr\u00e4che am Telefon bei W\u00f6rtern wie &#8220;Drogen&#8221; oder &#8220;Bombe&#8221; abgeh\u00f6rt werden? &#8220;Schau dich schlau!&#8221; tritt an zum gro\u00dfen Test.<\/p>\n","protected":false},"featured_media":6127,"template":"","meta":{"_acf_changed":false},"product_brand":[],"product_cat":[70],"product_tag":[77,125],"class_list":{"0":"post-6129","1":"product","2":"type-product","3":"status-publish","4":"has-post-thumbnail","6":"product_cat-film","7":"product_tag-subject-gesellschaft","8":"product_tag-target-sek-i","9":"product_shipping_class-dvd-versand","11":"first","12":"instock","13":"taxable","14":"shipping-taxable","15":"purchasable","16":"product-type-variable"},"acf":{"subtitle":"Im digitalen Zeitalter","article_id":"4668262 \/ 5559753","languages":"DE","thumb_up":false,"cover_image":29212,"linked_product":"","linked_products":null,"banner":{"show":true,"text":"","color":""},"length":"46:51 min","content_movie":"Im ausf\u00fchrlichen PC-ROM-Teil:\r\nauf den Film abgestimmtes Begleitmaterial:\r\n5 Seiten Arbeitsbl\u00e4tter!\r\n5 Arbeitsbl\u00e4tter f\u00fcr interaktive Whiteboards!","learning_goals":"","preview_gif":6126,"trailer":{"file":"","url":"https:\/\/www.lehrmediathek.de\/trailer\/SDS-Privatsphaere.mp4","image":6135},"mediathek_id":5,"amount":"","demo_url":"","h5p_demo_id":"","content_interactive":"","hide_numbers":false,"flyer":"","info_columns":null},"_links":{"self":[{"href":"https:\/\/www.medienlb.com\/en\/wp-json\/wp\/v2\/product\/6129","targetHints":{"allow":["GET"]}}],"collection":[{"href":"https:\/\/www.medienlb.com\/en\/wp-json\/wp\/v2\/product"}],"about":[{"href":"https:\/\/www.medienlb.com\/en\/wp-json\/wp\/v2\/types\/product"}],"wp:featuredmedia":[{"embeddable":true,"href":"https:\/\/www.medienlb.com\/en\/wp-json\/wp\/v2\/media\/6127"}],"wp:attachment":[{"href":"https:\/\/www.medienlb.com\/en\/wp-json\/wp\/v2\/media?parent=6129"}],"wp:term":[{"taxonomy":"product_brand","embeddable":true,"href":"https:\/\/www.medienlb.com\/en\/wp-json\/wp\/v2\/product_brand?post=6129"},{"taxonomy":"product_cat","embeddable":true,"href":"https:\/\/www.medienlb.com\/en\/wp-json\/wp\/v2\/product_cat?post=6129"},{"taxonomy":"product_tag","embeddable":true,"href":"https:\/\/www.medienlb.com\/en\/wp-json\/wp\/v2\/product_tag?post=6129"}],"curies":[{"name":"wp","href":"https:\/\/api.w.org\/{rel}","templated":true}]}}