{"id":6118,"date":"2023-12-20T18:05:17","date_gmt":"2023-12-20T18:05:17","guid":{"rendered":"https:\/\/medienlb.com\/produkt\/recht-verstehen\/"},"modified":"2025-02-07T14:48:34","modified_gmt":"2025-02-07T14:48:34","slug":"recht-verstehen","status":"publish","type":"product","link":"https:\/\/www.medienlb.com\/en\/produkt\/recht-verstehen\/","title":{"rendered":"Recht verstehen"},"content":{"rendered":"<p>Von der Approbationsordnung f\u00fcr Apotheker bis hin zum Zerlegungsgesetz \u2013 in Deutschland wird fast alles durch Gesetze und Verordnungen geregelt. Kein Wunder, dass es in der Bundesrepublik \u00fcber 1.900 Gesetze und mehr als 3.400 Verordnungen gibt. Diese unterteilen sich in 76.382 Artikel und Paragrafen. Wer kann da noch den \u00dcberblick behalten? Und sind alle Regelungen wirklich sinnvoll? Das finden Joey Grit Winkler und Fero Andersen f\u00fcr &#8220;Schau dich schlau!&#8221; heraus und entdecken dabei so manche Kuriosit\u00e4t. Nicht nur die juristische Fachsprache ist f\u00fcr Laien verwirrend, die Inhalte der Gesetze werfen oft Fragen nach ihrem Sinn auf. In der Verfassung von Hessen existiert sogar noch die Todesstrafe. Doch da diese im Grundgesetz abgeschafft wurde, ist das Gesetz gl\u00fccklicherweise ung\u00fcltig. &#8220;Schau dich schlau!&#8221; wirft auch einen Blick auf die popul\u00e4rsten Rechtsirrt\u00fcmer. Diese passieren nicht nur im gro\u00dfen Stil, sondern begegnen uns tagt\u00e4glich beim Einkaufen, Zuhause oder im B\u00fcro. Besonders beliebt ist in Kaufh\u00e4usern der Hinweise &#8220;Reduzierte Ware ist vom Umtausch ausgeschlossen&#8221;. Stopp, sagen die Gesetzgeber. Wenn die Ware mangelhaft, darf der Kunde das reklamieren, auch bei Sonderangeboten.<\/p>\n","protected":false},"excerpt":{"rendered":"<p>Von der Approbationsordnung f\u00fcr Apotheker bis hin zum Zerlegungsgesetz \u2013 in Deutschland wird fast alles durch Gesetze und Verordnungen geregelt. Kein Wunder, dass es in der Bundesrepublik \u00fcber 1.900 Gesetze und mehr als 3.400 Verordnungen gibt. Diese unterteilen sich in 76.382 Artikel und Paragrafen. Wer kann da noch den \u00dcberblick behalten? Und sind alle Regelungen wirklich sinnvoll? Das finden Joey Grit Winkler und Fero Andersen f\u00fcr &#8220;Schau dich schlau!&#8221; heraus und entdecken dabei so manche Kuriosit\u00e4t. Nicht nur die juristische Fachsprache ist f\u00fcr Laien verwirrend, die Inhalte der Gesetze werfen oft Fragen nach ihrem Sinn auf. In der Verfassung von Hessen existiert sogar noch die Todesstrafe. Doch da diese im Grundgesetz abgeschafft wurde, ist das Gesetz gl\u00fccklicherweise ung\u00fcltig. &#8220;Schau dich schlau!&#8221; wirft auch einen Blick auf die popul\u00e4rsten Rechtsirrt\u00fcmer. Diese passieren nicht nur im gro\u00dfen Stil, sondern begegnen uns tagt\u00e4glich beim Einkaufen, Zuhause oder im B\u00fcro. Besonders beliebt ist in Kaufh\u00e4usern der Hinweise &#8220;Reduzierte Ware ist vom Umtausch ausgeschlossen&#8221;. Stopp, sagen die Gesetzgeber. Wenn die Ware mangelhaft, darf der Kunde das reklamieren, auch bei Sonderangeboten.<\/p>\n","protected":false},"featured_media":6116,"template":"","meta":{"_acf_changed":false},"product_brand":[],"product_cat":[70],"product_tag":[77,125],"class_list":{"0":"post-6118","1":"product","2":"type-product","3":"status-publish","4":"has-post-thumbnail","6":"product_cat-film","7":"product_tag-subject-gesellschaft","8":"product_tag-target-sek-i","9":"product_shipping_class-dvd-versand","11":"first","12":"instock","13":"taxable","14":"shipping-taxable","15":"purchasable","16":"product-type-variable"},"acf":{"subtitle":"Justitia im Einsatz","article_id":"4668256 \/ 5559747","languages":"DE","thumb_up":false,"cover_image":29214,"linked_product":"","linked_products":null,"banner":{"show":true,"text":"","color":""},"length":"39:33 min","content_movie":"Im ausf\u00fchrlichen PC-ROM-Teil:\r\nauf den Film abgestimmtes Begleitmaterial:\r\n5 Seiten Arbeitsbl\u00e4tter!\r\n5 Arbeitsbl\u00e4tter f\u00fcr interaktive Whiteboards!","learning_goals":"","preview_gif":6115,"trailer":{"file":"","url":"https:\/\/www.lehrmediathek.de\/trailer\/SDS-Recht_001.mp4","image":6124},"mediathek_id":6,"amount":"","demo_url":"","h5p_demo_id":"","content_interactive":"","hide_numbers":false,"flyer":"","info_columns":null},"_links":{"self":[{"href":"https:\/\/www.medienlb.com\/en\/wp-json\/wp\/v2\/product\/6118","targetHints":{"allow":["GET"]}}],"collection":[{"href":"https:\/\/www.medienlb.com\/en\/wp-json\/wp\/v2\/product"}],"about":[{"href":"https:\/\/www.medienlb.com\/en\/wp-json\/wp\/v2\/types\/product"}],"wp:featuredmedia":[{"embeddable":true,"href":"https:\/\/www.medienlb.com\/en\/wp-json\/wp\/v2\/media\/6116"}],"wp:attachment":[{"href":"https:\/\/www.medienlb.com\/en\/wp-json\/wp\/v2\/media?parent=6118"}],"wp:term":[{"taxonomy":"product_brand","embeddable":true,"href":"https:\/\/www.medienlb.com\/en\/wp-json\/wp\/v2\/product_brand?post=6118"},{"taxonomy":"product_cat","embeddable":true,"href":"https:\/\/www.medienlb.com\/en\/wp-json\/wp\/v2\/product_cat?post=6118"},{"taxonomy":"product_tag","embeddable":true,"href":"https:\/\/www.medienlb.com\/en\/wp-json\/wp\/v2\/product_tag?post=6118"}],"curies":[{"name":"wp","href":"https:\/\/api.w.org\/{rel}","templated":true}]}}