{"id":6087,"date":"2023-12-20T18:05:17","date_gmt":"2023-12-20T18:05:17","guid":{"rendered":"https:\/\/medienlb.com\/produkt\/kaufhaus\/"},"modified":"2025-02-07T14:48:50","modified_gmt":"2025-02-07T14:48:50","slug":"kaufhaus","status":"publish","type":"product","link":"https:\/\/www.medienlb.com\/en\/produkt\/kaufhaus\/","title":{"rendered":"Kaufhaus"},"content":{"rendered":"<p>\u201eSchau dich schlau!\u201c begibt sich in eine der \u00e4ltesten deutschen Warenhausketten und zeigt an diesem Beispiel, was alles n\u00f6tig ist, damit die Kunden sorgenfrei einkaufen k\u00f6nnen.<br \/>\nJoey Grit Winkler und Fero Andersen werfen einen Blick hinter die Kulissen der \u00e4ltesten deutschen Warenhauskette um zu erfahren, wie Warenh\u00e4user funktionieren. Warum gibt es in Kaufh\u00e4usern so gut wie keine Fenster? Wie funktioniert eine Rolltreppe? Au\u00dferdem nehmen die beiden Moderatoren die Logistik eines Kaufhauses unter die Lupe und wollen wissen, mit welchen Tricks die Verkaufspsychologen uns zum Kauf animieren wollen. Zu guter letzt widmen sie sich noch dem geradezu unscheinbaren Thema Plastikt\u00fcte.<\/p>\n","protected":false},"excerpt":{"rendered":"<p>\u201eSchau dich schlau!\u201c begibt sich in eine der \u00e4ltesten deutschen Warenhausketten und zeigt an diesem Beispiel, was alles n\u00f6tig ist, damit die Kunden sorgenfrei einkaufen k\u00f6nnen.<\/p>\n","protected":false},"featured_media":6085,"template":"","meta":{"_acf_changed":false},"product_brand":[],"product_cat":[70],"product_tag":[77,125],"class_list":{"0":"post-6087","1":"product","2":"type-product","3":"status-publish","4":"has-post-thumbnail","6":"product_cat-film","7":"product_tag-subject-gesellschaft","8":"product_tag-target-sek-i","9":"product_shipping_class-dvd-versand","11":"first","12":"instock","13":"taxable","14":"shipping-taxable","15":"purchasable","16":"product-type-variable"},"acf":{"subtitle":"Die Tricks der Kaufh\u00e4user","article_id":"4667157 \/ 5558683","languages":"DE","thumb_up":false,"cover_image":29220,"linked_product":"","linked_products":null,"banner":{"show":true,"text":"","color":""},"length":"45:10 min","content_movie":"Im ausf\u00fchrlichen PC-ROM-Teil:\r\nauf den Film abgestimmtes Begleitmaterial:\r\n7 Seiten Arbeitsbl\u00e4tter!\r\n4 Arbeitsbl\u00e4tter f\u00fcr interaktive Whiteboard","learning_goals":"","preview_gif":6084,"trailer":{"file":"","url":"https:\/\/www.lehrmediathek.de\/trailer\/Kaufhaus_001.mp4","image":6093},"mediathek_id":"","amount":"","demo_url":"","h5p_demo_id":"","content_interactive":"","hide_numbers":false,"flyer":"","info_columns":null},"_links":{"self":[{"href":"https:\/\/www.medienlb.com\/en\/wp-json\/wp\/v2\/product\/6087","targetHints":{"allow":["GET"]}}],"collection":[{"href":"https:\/\/www.medienlb.com\/en\/wp-json\/wp\/v2\/product"}],"about":[{"href":"https:\/\/www.medienlb.com\/en\/wp-json\/wp\/v2\/types\/product"}],"wp:featuredmedia":[{"embeddable":true,"href":"https:\/\/www.medienlb.com\/en\/wp-json\/wp\/v2\/media\/6085"}],"wp:attachment":[{"href":"https:\/\/www.medienlb.com\/en\/wp-json\/wp\/v2\/media?parent=6087"}],"wp:term":[{"taxonomy":"product_brand","embeddable":true,"href":"https:\/\/www.medienlb.com\/en\/wp-json\/wp\/v2\/product_brand?post=6087"},{"taxonomy":"product_cat","embeddable":true,"href":"https:\/\/www.medienlb.com\/en\/wp-json\/wp\/v2\/product_cat?post=6087"},{"taxonomy":"product_tag","embeddable":true,"href":"https:\/\/www.medienlb.com\/en\/wp-json\/wp\/v2\/product_tag?post=6087"}],"curies":[{"name":"wp","href":"https:\/\/api.w.org\/{rel}","templated":true}]}}