{"id":6076,"date":"2023-12-20T18:05:17","date_gmt":"2023-12-20T18:05:17","guid":{"rendered":"https:\/\/medienlb.com\/produkt\/bahn\/"},"modified":"2025-02-07T14:48:56","modified_gmt":"2025-02-07T14:48:56","slug":"bahn","status":"publish","type":"product","link":"https:\/\/www.medienlb.com\/en\/produkt\/bahn\/","title":{"rendered":"Bahn"},"content":{"rendered":"<p>Wie wird man eigentlich Lokf\u00fchrer? Schau Dich schlau zeigt den Weg zum Traumberuf. Und: Wie kommen eigentlich die F\u00e4kalien aus einem ICE? Wie putzt man einen riesigen ICE-Zug? Schau Dich schlau ist bei ein einem Boxenstopp des Vorzeigezuges der Deutschen Bahn dabei! Und wir gehen der Frage nach, wie eigentlich die Schienen auf den Schotter kommen. Das und mehr bei Schau Dich schlau!<br \/>\nAls wichtige Drehscheibe im deutschen Schienenverkehr und als Bindeglied nach S\u00fcd- und Osteuropa geh\u00f6rt der Hauptbahnhof M\u00fcnchen zu den gr\u00f6\u00dften Kopfbahnh\u00f6fen Europas. Er umfasst ein Gel\u00e4nde von 1,9 Kilometern L\u00e4nge und 400 Metern Breite und verf\u00fcgt \u00fcber 32 Gleise. 240 Z\u00fcge im Fernverkehr und 510 im Nahverkehr befahren t\u00e4glich den Hauptbahnhof. Aber der M\u00fcnchener Hauptbahnhof ist mehr als nur ein riesiger Verkehrsknotenpunkt &#8211; auf 29.000 m\u00b2 Ladenfl\u00e4che pr\u00e4sentiert sich ein vielf\u00e4ltiges Angebot von Gastronomie \u00fcber Dienstleistungsgewerbe bis Einzelhandel. 350.000 Reisende und Besucher lockt der Bahnhof t\u00e4glich. Rund 2.000 Menschen arbeiten hier. Mit journalistischer Neugier blickt die \u201eReporterin\u201c Joey in die genannten Bereiche.<\/p>\n","protected":false},"excerpt":{"rendered":"<p>Wie wird man eigentlich Lokf\u00fchrer? Schau Dich schlau zeigt den Weg zum Traumberuf. Und: Wie kommen eigentlich die F\u00e4kalien aus einem ICE? Wie putzt man einen riesigen ICE-Zug? Schau Dich schlau ist bei ein einem Boxenstopp des Vorzeigezuges der Deutschen Bahn dabei! Und wir gehen der Frage nach, wie eigentlich die Schienen auf den Schotter kommen. Das und mehr bei Schau Dich schlau!<\/p>\n","protected":false},"featured_media":6074,"template":"","meta":{"_acf_changed":false},"product_brand":[],"product_cat":[70],"product_tag":[77,125],"class_list":{"0":"post-6076","1":"product","2":"type-product","3":"status-publish","4":"has-post-thumbnail","6":"product_cat-film","7":"product_tag-subject-gesellschaft","8":"product_tag-target-sek-i","9":"product_shipping_class-dvd-versand","11":"first","12":"instock","13":"taxable","14":"shipping-taxable","15":"purchasable","16":"product-type-variable"},"acf":{"subtitle":"Z\u00fcgig unterwegs","article_id":"4667152 \/ 5558678","languages":"DE","thumb_up":false,"cover_image":29222,"linked_product":"","linked_products":null,"banner":{"show":true,"text":"","color":""},"length":"30:35 min","content_movie":"Im ausf\u00fchrlichen PC-ROM-Teil:\r\nauf den Film abgestimmtes Begleitmaterial:\r\n8 Seiten Arbeitsbl\u00e4tter!\r\n4 Arbeitsbl\u00e4tter f\u00fcr interaktive Whiteboards!\r\nArbeitsbl\u00e4tter und Interaktive Materialien (Auszug)","learning_goals":"","preview_gif":6073,"trailer":{"file":"","url":"https:\/\/www.lehrmediathek.de\/trailer\/BahnTrailer.mp4","image":6082},"mediathek_id":"","amount":"","demo_url":"","h5p_demo_id":"","content_interactive":"","hide_numbers":false,"flyer":"","info_columns":null},"_links":{"self":[{"href":"https:\/\/www.medienlb.com\/en\/wp-json\/wp\/v2\/product\/6076","targetHints":{"allow":["GET"]}}],"collection":[{"href":"https:\/\/www.medienlb.com\/en\/wp-json\/wp\/v2\/product"}],"about":[{"href":"https:\/\/www.medienlb.com\/en\/wp-json\/wp\/v2\/types\/product"}],"wp:featuredmedia":[{"embeddable":true,"href":"https:\/\/www.medienlb.com\/en\/wp-json\/wp\/v2\/media\/6074"}],"wp:attachment":[{"href":"https:\/\/www.medienlb.com\/en\/wp-json\/wp\/v2\/media?parent=6076"}],"wp:term":[{"taxonomy":"product_brand","embeddable":true,"href":"https:\/\/www.medienlb.com\/en\/wp-json\/wp\/v2\/product_brand?post=6076"},{"taxonomy":"product_cat","embeddable":true,"href":"https:\/\/www.medienlb.com\/en\/wp-json\/wp\/v2\/product_cat?post=6076"},{"taxonomy":"product_tag","embeddable":true,"href":"https:\/\/www.medienlb.com\/en\/wp-json\/wp\/v2\/product_tag?post=6076"}],"curies":[{"name":"wp","href":"https:\/\/api.w.org\/{rel}","templated":true}]}}