{"id":5937,"date":"2023-12-20T18:05:17","date_gmt":"2023-12-20T18:05:17","guid":{"rendered":"https:\/\/medienlb.com\/produkt\/gewaltpraevention\/"},"modified":"2025-02-07T14:49:45","modified_gmt":"2025-02-07T14:49:45","slug":"gewaltpraevention","status":"publish","type":"product","link":"https:\/\/www.medienlb.com\/en\/produkt\/gewaltpraevention\/","title":{"rendered":"Gewaltpr\u00e4vention"},"content":{"rendered":"<p>GEWALTPR\u00c4VENTION &#8211; GEWALT IST KEINE L\u00d6SUNG! Dies ist kein Pr\u00e4ventionsmedium im klassischen Sinne: Nicht die \u00fcblichen Fachleute f\u00fcr schulische Gewaltpr\u00e4vention haben es erstellt, sondern Jugendliche aus dem Rems-Murr-Kreis, die sich in ihrer Freizeit in der Jugendfeuerwehr engagieren. Sie planten die Filmszenen und waren als Darsteller dabei.<\/p>\n<p>Der Filminhalt ist fiktiv, kann sich aber jeden Tag so in Deutschland abspielen. Deshalb sind viele Filmrollen von authentischen Darstellern wie z. B. dem \u00f6rtlichen Jugendrichter besetzt. Anhand der Filmszenen sollen die Sch\u00fcler Risiken und m\u00f6gliche Straftaten im Zusammenhang mit dem unbedarften Nutzen eines Handys mit Foto-\/Videofunktion erkennen und gemeinsam den konfliktfreien Umgang erlernen. Das Filmbegleitheft erlaubt die Filmszenen einzeln oder komplett mit der Schulklasse p\u00e4dagogisch aufzuarbeiten.<\/p>\n<p>Das Medienpaket ist Bestandteil des Pr\u00e4ventionsprojekts \u201eGewalt ist keine L\u00f6sung!\u201c und entstand im Rahmen der Landesf\u00f6rderung von kriminalpr\u00e4ventiven Modellprojekten (KPM) in enger Zusammenarbeit von Jugendfeuerwehr Rems-Murr und der Polizeidirektion Waiblingen.<\/p>\n","protected":false},"excerpt":{"rendered":"<p>GEWALTPR\u00c4VENTION &#8211; GEWALT IST KEINE L\u00d6SUNG! Dies ist kein Pr\u00e4ventionsmedium im klassischen Sinne: Nicht die \u00fcblichen Fachleute f\u00fcr schulische Gewaltpr\u00e4vention haben es erstellt, sondern Jugendliche aus dem Rems-Murr-Kreis, die sich in ihrer Freizeit in der Jugendfeuerwehr engagieren. Sie planten die Filmszenen und waren als Darsteller dabei.<\/p>\n","protected":false},"featured_media":5935,"template":"","meta":{"_acf_changed":false},"product_brand":[],"product_cat":[70],"product_tag":[77,125,127],"class_list":{"0":"post-5937","1":"product","2":"type-product","3":"status-publish","4":"has-post-thumbnail","6":"product_cat-film","7":"product_tag-subject-gesellschaft","8":"product_tag-target-sek-i","9":"product_tag-target-sek-ii","10":"product_shipping_class-dvd-versand","12":"first","13":"instock","14":"taxable","15":"shipping-taxable","16":"purchasable","17":"product-type-variable"},"acf":{"subtitle":"Gewalt ist keine L\u00f6sung!","article_id":"4663178 \/ 5554816","languages":"DE","thumb_up":false,"cover_image":29242,"linked_product":null,"linked_products":null,"banner":{"show":true,"text":"","color":""},"length":"14:36 min","content_movie":"","learning_goals":"","preview_gif":5934,"trailer":{"file":null,"url":"https:\/\/www.lehrmediathek.de\/trailer\/Gewaltpraevention.mp4","image":5943},"mediathek_id":114,"amount":"","demo_url":"","h5p_demo_id":"","content_interactive":"","hide_numbers":false,"flyer":null,"info_columns":null},"_links":{"self":[{"href":"https:\/\/www.medienlb.com\/en\/wp-json\/wp\/v2\/product\/5937","targetHints":{"allow":["GET"]}}],"collection":[{"href":"https:\/\/www.medienlb.com\/en\/wp-json\/wp\/v2\/product"}],"about":[{"href":"https:\/\/www.medienlb.com\/en\/wp-json\/wp\/v2\/types\/product"}],"wp:featuredmedia":[{"embeddable":true,"href":"https:\/\/www.medienlb.com\/en\/wp-json\/wp\/v2\/media\/5935"}],"wp:attachment":[{"href":"https:\/\/www.medienlb.com\/en\/wp-json\/wp\/v2\/media?parent=5937"}],"wp:term":[{"taxonomy":"product_brand","embeddable":true,"href":"https:\/\/www.medienlb.com\/en\/wp-json\/wp\/v2\/product_brand?post=5937"},{"taxonomy":"product_cat","embeddable":true,"href":"https:\/\/www.medienlb.com\/en\/wp-json\/wp\/v2\/product_cat?post=5937"},{"taxonomy":"product_tag","embeddable":true,"href":"https:\/\/www.medienlb.com\/en\/wp-json\/wp\/v2\/product_tag?post=5937"}],"curies":[{"name":"wp","href":"https:\/\/api.w.org\/{rel}","templated":true}]}}