{"id":5835,"date":"2023-12-20T18:05:17","date_gmt":"2023-12-20T18:05:17","guid":{"rendered":"https:\/\/medienlb.com\/produkt\/geht-es-auch-ohne\/"},"modified":"2025-02-07T14:50:24","modified_gmt":"2025-02-07T14:50:24","slug":"geht-es-auch-ohne","status":"publish","type":"product","link":"https:\/\/www.medienlb.com\/en\/produkt\/geht-es-auch-ohne\/","title":{"rendered":"Geht es auch ohne?"},"content":{"rendered":"<p>Ist es Joey \u00fcberhaupt m\u00f6glich, einen ganz normalen Einkauf zu t\u00e4tigen, ohne dass Plastik in ihrem Einkaufswagen landet? Das Moderatoren Duo macht die Erfahrung, dass es eine Welt ohne Plastik kaum gibt. Unser t\u00e4gliches Leben wird durch Plastik bestimmt: vom Smartphone, den Schuhen bis hin zur Softdrinkflasche und auch dem Fernseher. Das gro\u00dfe Problem des Plastikm\u00fclls ist die schlechte Recyclingf\u00e4higkeit. Plastik hat als M\u00fcll eine extrem lange Lebensdauer und ist insbesondere in L\u00e4nder ohne funktionierendes Recycling ein nicht gel\u00f6stes Umweltproblem.<br \/>\nFero und Grit machen im Selbstversuch die Erfahrung, dass es uns \u2013 verw\u00f6hnten \u2013 Konsummenschen zwar m\u00f6glich ist, ohne Strom, ohne Plastik, gar ohne Sonne und auch ohne L\u00fcgen auszukommen. Was jedoch m\u00f6glich ist, ist nicht auch realistisch. Die Einschr\u00e4nkungen im Alltag sind gewaltig und der Mensch als Gewohnheitstier und Mitl\u00e4ufer bei allen technischen Neuheiten, ist kaum in der Lage allen Annehmlichkeiten im Alltag zu widerstehen. Selbst einen Tag mal nicht l\u00fcgen, f\u00e4llt extrem schwer. Ein Student macht die Erfahrung, dass mit der vollen Wahrheit doch jede Freundschaft, Liebesbeziehung und selbst das Studium auf sehr t\u00f6nernen F\u00fc\u00dfen steht und die von uns allen gern und effizient verwendete Notl\u00fcge das Leben wesentlich einfacher und gestaltet.<\/p>\n","protected":false},"excerpt":{"rendered":"<p>Ist es Joey \u00fcberhaupt m\u00f6glich, einen ganz normalen Einkauf zu t\u00e4tigen, ohne dass Plastik in ihrem Einkaufswagen landet? Das Moderatoren Duo macht die Erfahrung, dass es eine Welt ohne Plastik kaum gibt. Unser t\u00e4gliches Leben wird durch Plastik bestimmt: vom Smartphone, den Schuhen bis hin zur Softdrinkflasche und auch dem Fernseher. Das gro\u00dfe Problem des Plastikm\u00fclls ist die schlechte Recyclingf\u00e4higkeit. Plastik hat als M\u00fcll eine extrem lange Lebensdauer und ist insbesondere in L\u00e4nder ohne funktionierendes Recycling ein nicht gel\u00f6stes Umweltproblem.<\/p>\n","protected":false},"featured_media":5833,"template":"","meta":{"_acf_changed":false},"product_brand":[],"product_cat":[70],"product_tag":[77,125],"class_list":{"0":"post-5835","1":"product","2":"type-product","3":"status-publish","4":"has-post-thumbnail","6":"product_cat-film","7":"product_tag-subject-gesellschaft","8":"product_tag-target-sek-i","9":"product_shipping_class-dvd-versand","11":"first","12":"instock","13":"taxable","14":"shipping-taxable","15":"purchasable","16":"product-type-variable"},"acf":{"subtitle":"Plastik, Strom und Sonne","article_id":"4670856 \/ 5560962","languages":"DE","thumb_up":true,"cover_image":29258,"linked_product":"","linked_products":null,"banner":{"show":true,"text":"","color":""},"length":"41:27 min","content_movie":"","learning_goals":"","preview_gif":5832,"trailer":{"file":"","url":"https:\/\/www.lehrmediathek.de\/trailer\/SDS-Gehts-auch-ohne-Plastik-Strom.mp4","image":5841},"mediathek_id":"","amount":"","demo_url":"","h5p_demo_id":"","content_interactive":"","hide_numbers":false,"flyer":"","info_columns":null},"_links":{"self":[{"href":"https:\/\/www.medienlb.com\/en\/wp-json\/wp\/v2\/product\/5835","targetHints":{"allow":["GET"]}}],"collection":[{"href":"https:\/\/www.medienlb.com\/en\/wp-json\/wp\/v2\/product"}],"about":[{"href":"https:\/\/www.medienlb.com\/en\/wp-json\/wp\/v2\/types\/product"}],"wp:featuredmedia":[{"embeddable":true,"href":"https:\/\/www.medienlb.com\/en\/wp-json\/wp\/v2\/media\/5833"}],"wp:attachment":[{"href":"https:\/\/www.medienlb.com\/en\/wp-json\/wp\/v2\/media?parent=5835"}],"wp:term":[{"taxonomy":"product_brand","embeddable":true,"href":"https:\/\/www.medienlb.com\/en\/wp-json\/wp\/v2\/product_brand?post=5835"},{"taxonomy":"product_cat","embeddable":true,"href":"https:\/\/www.medienlb.com\/en\/wp-json\/wp\/v2\/product_cat?post=5835"},{"taxonomy":"product_tag","embeddable":true,"href":"https:\/\/www.medienlb.com\/en\/wp-json\/wp\/v2\/product_tag?post=5835"}],"curies":[{"name":"wp","href":"https:\/\/api.w.org\/{rel}","templated":true}]}}