{"id":5824,"date":"2023-12-20T18:05:17","date_gmt":"2023-12-20T18:05:17","guid":{"rendered":"https:\/\/medienlb.com\/produkt\/koerpersprache\/"},"modified":"2025-02-07T14:50:30","modified_gmt":"2025-02-07T14:50:30","slug":"koerpersprache","status":"publish","type":"product","link":"https:\/\/www.medienlb.com\/en\/produkt\/koerpersprache\/","title":{"rendered":"K\u00f6rpersprache"},"content":{"rendered":"<p>K\u00f6rpersprache \u2013 jeder benutzt sie, aber meistens ist uns das gar nicht bewusst.<br \/>\nUnser K\u00f6rper spricht sogar, wenn wir telefonieren, obwohl uns der andere dabei gar nicht sehen kann. Es gibt Grundformen, die jedem Menschen angeboren sind, etwa wenn wir Angst haben oder lachen. Diese Signale werden deshalb auf der ganzen Welt in gleicher Weise verstanden.<br \/>\nEs gibt aber auch kulturelle Unterschiede, vor allem dann, wenn gestikuliert wird. Welche Bedeutung haben einzelne Signale, die wir \u00fcbermitteln? Wie k\u00f6nnen wir sie so aussenden, dass andere sie richtig verstehen, und wie k\u00f6nnen wir sie selbst richtig interpretieren?<br \/>\nWie wichtig K\u00f6rpersprache ist, zeigt sich, wenn es gilt die Signale von potenziellen Gewaltt\u00e4tern fr\u00fchzeitig zu erkennen. Auf einem Anti-Gewalt-Training gehen Joey Grit Winkler und Fero Andersen der Frage nach, woran man gewaltbereite Jugendliche erkennt und wie man seine eigene K\u00f6rpersprache gezielt einsetzen kann, um das Schlimmste zu verhindern.<br \/>\nOb bewusst oder nicht: Auch in allt\u00e4glicheren Situationen sprechen vor allem Gesicht und Mimik B\u00e4nde. Was verr\u00e4t unser K\u00f6rper beim Bewerbungsgespr\u00e4ch, ohne dass wir auch nur ein Wort sagen, und wie wird er \u201egelesen\u201c?<br \/>\nWie setze ich ein Pokerface auf? Wo lauern beim Flirten \u00fcble Fettn\u00e4pfchen? Das und vieles mehr heute bei \u201eSchau dich schlau!\u201c.<\/p>\n","protected":false},"excerpt":{"rendered":"<p>K\u00f6rpersprache \u2013 jeder benutzt sie, aber meistens ist uns das gar nicht bewusst.<\/p>\n","protected":false},"featured_media":5822,"template":"","meta":{"_acf_changed":false},"product_brand":[],"product_cat":[70],"product_tag":[87,77,125],"class_list":{"0":"post-5824","1":"product","2":"type-product","3":"status-publish","4":"has-post-thumbnail","6":"product_cat-film","7":"product_tag-subject-biologie","8":"product_tag-subject-gesellschaft","9":"product_tag-target-sek-i","10":"product_shipping_class-dvd-versand","12":"first","13":"instock","14":"taxable","15":"shipping-taxable","16":"purchasable","17":"product-type-variable"},"acf":{"subtitle":"Was verr\u00e4t uns der K\u00f6rper","article_id":"4670849 \/ 5560955","languages":"DE","thumb_up":false,"cover_image":29260,"linked_product":null,"linked_products":null,"banner":{"show":true,"text":"","color":""},"length":"43:36 min","content_movie":"","learning_goals":"","preview_gif":5821,"trailer":{"file":null,"url":"https:\/\/www.lehrmediathek.de\/trailer\/SDS_Koerpersprache.mp4","image":5830},"mediathek_id":"","amount":"","demo_url":"","h5p_demo_id":"","content_interactive":"","hide_numbers":false,"flyer":null,"info_columns":null},"_links":{"self":[{"href":"https:\/\/www.medienlb.com\/en\/wp-json\/wp\/v2\/product\/5824","targetHints":{"allow":["GET"]}}],"collection":[{"href":"https:\/\/www.medienlb.com\/en\/wp-json\/wp\/v2\/product"}],"about":[{"href":"https:\/\/www.medienlb.com\/en\/wp-json\/wp\/v2\/types\/product"}],"wp:featuredmedia":[{"embeddable":true,"href":"https:\/\/www.medienlb.com\/en\/wp-json\/wp\/v2\/media\/5822"}],"wp:attachment":[{"href":"https:\/\/www.medienlb.com\/en\/wp-json\/wp\/v2\/media?parent=5824"}],"wp:term":[{"taxonomy":"product_brand","embeddable":true,"href":"https:\/\/www.medienlb.com\/en\/wp-json\/wp\/v2\/product_brand?post=5824"},{"taxonomy":"product_cat","embeddable":true,"href":"https:\/\/www.medienlb.com\/en\/wp-json\/wp\/v2\/product_cat?post=5824"},{"taxonomy":"product_tag","embeddable":true,"href":"https:\/\/www.medienlb.com\/en\/wp-json\/wp\/v2\/product_tag?post=5824"}],"curies":[{"name":"wp","href":"https:\/\/api.w.org\/{rel}","templated":true}]}}