{"id":5791,"date":"2023-12-20T18:05:17","date_gmt":"2023-12-20T18:05:17","guid":{"rendered":"https:\/\/medienlb.com\/produkt\/sexting\/"},"modified":"2025-02-07T14:50:45","modified_gmt":"2025-02-07T14:50:45","slug":"sexting","status":"publish","type":"product","link":"https:\/\/www.medienlb.com\/en\/produkt\/sexting\/","title":{"rendered":"Sexting"},"content":{"rendered":"<p>\u201eSexting\u201c ist eine Kombination aus \u201eSex\u201c und \u201eTexting\u201c, dem englischen Begriff f\u00fcr \u201eSMS-Schreiben\u201c. Und Sexting ist in Deutschland angekommen \u2013 in einem Ausma\u00df, mit dem kaum einer gerechnet hat.<br \/>\nViele Jugendliche leiden unter dem Leichtsinn, mit dem sie ein intimes Foto versendet haben und dies dann ohne Kontrolle weiterverbreitet wurde. Ist ein derartiges Foto einmal im Netz, kann es nicht wieder zur\u00fcckgenommen werden.<br \/>\nViele Opfer leiden unter heftigen Mobbingaktionen. Mit den daraus resultierenden psychologischen Sch\u00e4den k\u00e4mpfen viele ihr Leben lang, wenn sie denn \u00fcberhaupt mit dieser Last leben k\u00f6nnen.<br \/>\nEs gibt mittlerweile viele Jugendliche, wie die 15-j\u00e4hrige Amanda Todd, die aufgrund dessen Suizid begehen.<br \/>\nDer Film zeigt die Folgen des Ph\u00e4nomens \u201eSexting\u201c auf, die den Jugendlichen meist gar nicht bewusst sind. Er soll ihnen die Augen \u00f6ffnen daf\u00fcr, was passieren kann und welche kurz- und langfristigen \u00a0Konsequenzen un\u00fcberlegtes Handeln auf diesem Gebiet haben kann.<br \/>\nGemeinsam mit dem umfangreichen Begleitmaterial im Datenteil ist die DVD bestens zum Einsatz im Unterricht geeignet.<\/p>\n<p>&nbsp;<\/p>\n","protected":false},"excerpt":{"rendered":"<p>\u201eSexting\u201c ist eine Kombination aus \u201eSex\u201c und \u201eTexting\u201c, dem englischen Begriff f\u00fcr \u201eSMS-Schreiben\u201c. Und Sexting ist in Deutschland angekommen \u2013 in einem Ausma\u00df, mit dem kaum einer gerechnet hat.<\/p>\n","protected":false},"featured_media":5789,"template":"","meta":{"_acf_changed":false},"product_brand":[],"product_cat":[70],"product_tag":[77,125],"class_list":{"0":"post-5791","1":"product","2":"type-product","3":"status-publish","4":"has-post-thumbnail","6":"product_cat-film","7":"product_tag-subject-gesellschaft","8":"product_tag-target-sek-i","9":"product_shipping_class-dvd-versand","11":"first","12":"instock","13":"taxable","14":"shipping-taxable","15":"purchasable","16":"product-type-variable"},"acf":{"subtitle":"Jugendlicher Leichtsinn","article_id":"4671638 \/ 5561461","languages":"DE","thumb_up":true,"cover_image":29266,"linked_product":"","linked_products":null,"banner":{"show":true,"text":"","color":""},"length":"19:26 min","content_movie":"Im ausf\u00fchrlichen Datenteil der DVD 84 Seiten Unterrichts- und Begleitmaterial, davon:\r\n20 Seiten Arbeitsbl\u00e4tter!\r\n20 Testaufgaben!\r\n9 Seiten erg\u00e4nzendes Unterrichtsmaterial!\r\n5 Arbeitsbl\u00e4tter f\u00fcr interaktive Whiteboards!\r\n5 MasterTool-Folien!","learning_goals":"","preview_gif":5788,"trailer":{"file":"","url":"https:\/\/www.lehrmediathek.de\/trailer\/Sexting_Trailer.mp4","image":5797},"mediathek_id":"","amount":"","demo_url":"","h5p_demo_id":"","content_interactive":"","hide_numbers":false,"flyer":"","info_columns":null},"_links":{"self":[{"href":"https:\/\/www.medienlb.com\/en\/wp-json\/wp\/v2\/product\/5791","targetHints":{"allow":["GET"]}}],"collection":[{"href":"https:\/\/www.medienlb.com\/en\/wp-json\/wp\/v2\/product"}],"about":[{"href":"https:\/\/www.medienlb.com\/en\/wp-json\/wp\/v2\/types\/product"}],"wp:featuredmedia":[{"embeddable":true,"href":"https:\/\/www.medienlb.com\/en\/wp-json\/wp\/v2\/media\/5789"}],"wp:attachment":[{"href":"https:\/\/www.medienlb.com\/en\/wp-json\/wp\/v2\/media?parent=5791"}],"wp:term":[{"taxonomy":"product_brand","embeddable":true,"href":"https:\/\/www.medienlb.com\/en\/wp-json\/wp\/v2\/product_brand?post=5791"},{"taxonomy":"product_cat","embeddable":true,"href":"https:\/\/www.medienlb.com\/en\/wp-json\/wp\/v2\/product_cat?post=5791"},{"taxonomy":"product_tag","embeddable":true,"href":"https:\/\/www.medienlb.com\/en\/wp-json\/wp\/v2\/product_tag?post=5791"}],"curies":[{"name":"wp","href":"https:\/\/api.w.org\/{rel}","templated":true}]}}