{"id":5758,"date":"2023-12-20T18:05:17","date_gmt":"2023-12-20T18:05:17","guid":{"rendered":"https:\/\/medienlb.com\/produkt\/soziale-netzwerke\/"},"modified":"2025-02-07T14:51:01","modified_gmt":"2025-02-07T14:51:01","slug":"soziale-netzwerke","status":"publish","type":"product","link":"https:\/\/www.medienlb.com\/en\/produkt\/soziale-netzwerke\/","title":{"rendered":"Soziale Netzwerke"},"content":{"rendered":"<p>Ich wei\u00df, wer du bist und wo du bist, obwohl du mich gar nicht kennst &#8230; Das ist das erschreckende Ergebnis des Facebook-Experiments einer Reporterin. Vier Wochen lang sammelt diese mit einem Fake-Profil Informationen wie Adresse, Telefonnummer, Arbeitszeiten und vieles mehr. Mit den richtigen Interessen hat sie innerhalb von drei Wochen 113 Facebook-Freunde, die sie gar nicht kennt.<br \/>\nDer Film zeigt, dass Jugendliche zu unvorsichtig mit ihrer Privatsph\u00e4re im Netz umgehen. Auf den ersten Blick sehen die Informationen harmlos aus, doch die Reporterin erf\u00e4hrt, wann wer wo ist. Das bedeutet, sie kann die Jugendlichen auf dem Schul- oder Arbeitsweg abfangen. Der Film soll zeigen, wie wichtig es ist, seine Privatsph\u00e4re im Netz zu sch\u00fctzen und nicht zu viel preiszugeben. Er soll Jugendliche daf\u00fcr sensibilisieren, keine Fremden zu adden, seine Privatsph\u00e4re zu sch\u00fctzen und niemals zu posten, wann man wo ist.<\/p>\n<p>Gemeinsam mit dem umfangreichen Unterrichtsmaterial ist die DVD bestens f\u00fcr den Einsatz im Unterricht geeignet.<\/p>\n<p>&nbsp;<\/p>\n","protected":false},"excerpt":{"rendered":"<p>Ich wei\u00df, wer du bist und wo du bist, obwohl du mich gar nicht kennst &#8230; Das ist das erschreckende Ergebnis des Facebook-Experiments einer Reporterin. Vier Wochen lang sammelt diese mit einem Fake-Profil Informationen wie Adresse, Telefonnummer, Arbeitszeiten und vieles mehr. Mit den richtigen Interessen hat sie innerhalb von drei Wochen 113 Facebook-Freunde, die sie gar nicht kennt.<\/p>\n","protected":false},"featured_media":5756,"template":"","meta":{"_acf_changed":false},"product_brand":[],"product_cat":[70],"product_tag":[77,125],"class_list":{"0":"post-5758","1":"product","2":"type-product","3":"status-publish","4":"has-post-thumbnail","6":"product_cat-film","7":"product_tag-subject-gesellschaft","8":"product_tag-target-sek-i","9":"product_shipping_class-dvd-versand","11":"first","12":"instock","13":"taxable","14":"shipping-taxable","15":"purchasable","16":"product-type-variable"},"acf":{"subtitle":"Cool, aber gef\u00e4hrlich!","article_id":"4671722 \/ 5561521","languages":"DE","thumb_up":true,"cover_image":29272,"linked_product":[24899],"linked_products":null,"banner":{"show":true,"text":"","color":""},"length":"17:25 min","content_movie":"Im ausf\u00fchrlichen Datenteil der DVD 79 Seiten Unterrichts- und Begleitmaterial, davon:\r\n21 Seiten Arbeitsbl\u00e4tter!\r\n10 Testaufgaben!\r\n4 Seiten erg\u00e4nzendes Unterrichtsmaterial!\r\n6 Arbeitsbl\u00e4tter f\u00fcr interaktive Whiteboards!\r\n5 MasterTool-Folien!","learning_goals":"","preview_gif":5755,"trailer":{"file":"","url":"https:\/\/www.lehrmediathek.de\/trailer\/Soziale-Netzwerke_Trailer.mp4","image":5764},"mediathek_id":"","amount":"","demo_url":"","h5p_demo_id":"","content_interactive":"","hide_numbers":false,"flyer":"","info_columns":null},"_links":{"self":[{"href":"https:\/\/www.medienlb.com\/en\/wp-json\/wp\/v2\/product\/5758","targetHints":{"allow":["GET"]}}],"collection":[{"href":"https:\/\/www.medienlb.com\/en\/wp-json\/wp\/v2\/product"}],"about":[{"href":"https:\/\/www.medienlb.com\/en\/wp-json\/wp\/v2\/types\/product"}],"acf:post":[{"embeddable":true,"href":"https:\/\/www.medienlb.com\/en\/wp-json\/wp\/v2\/product\/24899"}],"wp:featuredmedia":[{"embeddable":true,"href":"https:\/\/www.medienlb.com\/en\/wp-json\/wp\/v2\/media\/5756"}],"wp:attachment":[{"href":"https:\/\/www.medienlb.com\/en\/wp-json\/wp\/v2\/media?parent=5758"}],"wp:term":[{"taxonomy":"product_brand","embeddable":true,"href":"https:\/\/www.medienlb.com\/en\/wp-json\/wp\/v2\/product_brand?post=5758"},{"taxonomy":"product_cat","embeddable":true,"href":"https:\/\/www.medienlb.com\/en\/wp-json\/wp\/v2\/product_cat?post=5758"},{"taxonomy":"product_tag","embeddable":true,"href":"https:\/\/www.medienlb.com\/en\/wp-json\/wp\/v2\/product_tag?post=5758"}],"curies":[{"name":"wp","href":"https:\/\/api.w.org\/{rel}","templated":true}]}}