{"id":5747,"date":"2023-12-20T18:05:17","date_gmt":"2023-12-20T18:05:17","guid":{"rendered":"https:\/\/medienlb.com\/produkt\/jugendgewalt\/"},"modified":"2025-02-07T14:51:06","modified_gmt":"2025-02-07T14:51:06","slug":"jugendgewalt","status":"publish","type":"product","link":"https:\/\/www.medienlb.com\/en\/produkt\/jugendgewalt\/","title":{"rendered":"Jugendgewalt"},"content":{"rendered":"<p>Laut einer hessischen Studie haben \u00fcber 60 % der 14-18-j\u00e4hrigen Sch\u00fcler und Sch\u00fclerinnen durch ihren Partner oder ihre Partnerin mindestens einmal irgendeine Form von grenz\u00fcberschreitendem Verhalten oder Gewalt erlitten. Das sind Verhaltensweisen, die Bed\u00fcrfnisse und Befindlichkeiten der Gesch\u00e4digten\/des Gesch\u00e4digten ignorieren, \u00fcber Dem\u00fctigungen, Beleidigungen und Einsch\u00fcchterungen sowie psychischen, physischen und sexuellen Misshandlungen bis hin zu Vergewaltigungen und T\u00f6tungen. K\u00f6rperliche Gewalthandlungen wurden seltener berichtet als Kontrollverhalten oder der Druck zu ungewollten Handlungen. Verst\u00e4rkt sind diejenigen betroffen, die in ihrem famili\u00e4ren Umfeld Gewalt erlebten oder bezeugten.<br \/>\nDoch wie kommt man aus diesem Teufelskreis heraus? Sich anzuvertrauen und offen zu sprechen, ist das Wichtigste und zugleich das Schwierigste, wenn man sich in einer scheinbar aussichtslosen Situation befindet.<\/p>\n<p>Gemeinsam mit den umfangreichen Arbeitsbl\u00e4ttern und Begleitmaterialien ist der Unterrichtsfilm sehr gut zum Einsatz im Unterricht geeignet.<\/p>\n<p>&nbsp;<\/p>\n","protected":false},"excerpt":{"rendered":"<p>Laut einer hessischen Studie haben \u00fcber 60 % der 14-18-j\u00e4hrigen Sch\u00fcler und Sch\u00fclerinnen durch ihren Partner oder ihre Partnerin mindestens einmal irgendeine Form von grenz\u00fcberschreitendem Verhalten oder Gewalt erlitten. Das sind Verhaltensweisen, die Bed\u00fcrfnisse und Befindlichkeiten der Gesch\u00e4digten\/des Gesch\u00e4digten ignorieren, \u00fcber Dem\u00fctigungen, Beleidigungen und Einsch\u00fcchterungen sowie psychischen, physischen und sexuellen Misshandlungen bis hin zu Vergewaltigungen und T\u00f6tungen. K\u00f6rperliche Gewalthandlungen wurden seltener berichtet als Kontrollverhalten oder der Druck zu ungewollten Handlungen. Verst\u00e4rkt sind diejenigen betroffen, die in ihrem famili\u00e4ren Umfeld Gewalt erlebten oder bezeugten.<\/p>\n","protected":false},"featured_media":5745,"template":"","meta":{"_acf_changed":false},"product_brand":[],"product_cat":[70],"product_tag":[77,125,127],"class_list":{"0":"post-5747","1":"product","2":"type-product","3":"status-publish","4":"has-post-thumbnail","6":"product_cat-film","7":"product_tag-subject-gesellschaft","8":"product_tag-target-sek-i","9":"product_tag-target-sek-ii","10":"product_shipping_class-dvd-versand","12":"first","13":"instock","14":"taxable","15":"shipping-taxable","16":"purchasable","17":"product-type-variable"},"acf":{"subtitle":"Gewalt in der ersten Liebesbeziehung","article_id":"4671720 \/ 5561519","languages":"DE","thumb_up":true,"cover_image":29274,"linked_product":"","linked_products":null,"banner":{"show":true,"text":"","color":""},"length":"10:08 min","content_movie":"Im ausf\u00fchrlichen Datenteil der DVD 76 Seiten Unterrichts- und Begleitmaterial, davon:\r\n20 Seiten Arbeitsbl\u00e4tter mit L\u00f6sungen!\r\n10 Testaufgaben!\r\n7\u00a0\u00a0 Seiten erg\u00e4nzendes Unterrichtsmaterial mit L\u00f6sungen!\r\n5\u00a0\u00a0 Arbeitsbl\u00e4tter f\u00fcr interaktive Whiteboards!\r\n5\u00a0\u00a0 MasterTool-Folien!","learning_goals":"","preview_gif":5744,"trailer":{"file":"","url":"https:\/\/www.lehrmediathek.de\/trailer\/Jugendgewalt_trailer.mp4","image":5753},"mediathek_id":"","amount":"","demo_url":"","h5p_demo_id":"","content_interactive":"","hide_numbers":false,"flyer":"","info_columns":null},"_links":{"self":[{"href":"https:\/\/www.medienlb.com\/en\/wp-json\/wp\/v2\/product\/5747","targetHints":{"allow":["GET"]}}],"collection":[{"href":"https:\/\/www.medienlb.com\/en\/wp-json\/wp\/v2\/product"}],"about":[{"href":"https:\/\/www.medienlb.com\/en\/wp-json\/wp\/v2\/types\/product"}],"wp:featuredmedia":[{"embeddable":true,"href":"https:\/\/www.medienlb.com\/en\/wp-json\/wp\/v2\/media\/5745"}],"wp:attachment":[{"href":"https:\/\/www.medienlb.com\/en\/wp-json\/wp\/v2\/media?parent=5747"}],"wp:term":[{"taxonomy":"product_brand","embeddable":true,"href":"https:\/\/www.medienlb.com\/en\/wp-json\/wp\/v2\/product_brand?post=5747"},{"taxonomy":"product_cat","embeddable":true,"href":"https:\/\/www.medienlb.com\/en\/wp-json\/wp\/v2\/product_cat?post=5747"},{"taxonomy":"product_tag","embeddable":true,"href":"https:\/\/www.medienlb.com\/en\/wp-json\/wp\/v2\/product_tag?post=5747"}],"curies":[{"name":"wp","href":"https:\/\/api.w.org\/{rel}","templated":true}]}}