{"id":5720,"date":"2023-12-20T18:05:17","date_gmt":"2023-12-20T18:05:17","guid":{"rendered":"https:\/\/medienlb.com\/produkt\/pruegelopfer\/"},"modified":"2025-02-07T14:51:16","modified_gmt":"2025-02-07T14:51:16","slug":"pruegelopfer","status":"publish","type":"product","link":"https:\/\/www.medienlb.com\/en\/produkt\/pruegelopfer\/","title":{"rendered":"Pr\u00fcgelopfer"},"content":{"rendered":"<p>Der Film zeigt die potenziell verheerenden Folgen von Jugendgewalt am Beispiel des 25-j\u00e4hrigen Christoph, der 2007 das Opfer einer brutalen Attacke aus Eifersucht geworden ist.<br \/>\nDie Sch\u00fcler bekommen ein anschauliches Bild von der Krankengeschichte Christophs, seinen schweren k\u00f6rperlichen Einschr\u00e4nkungen, aber auch von seinem harten Kampf zur\u00fcck in ein halbwegs selbstbestimmtes Leben.<\/p>\n<p>Die Sch\u00fcler erfahren aus Christophs Interview hautnah, welch dramatischen Einschnitt ein derart tragischer Vorfall auch im Hinblick auf die eigene gesellschaftliche Anbindung (Aktivit\u00e4ten, Freundeskreis, etc.) haben kann.<\/p>\n<p>Au\u00dferdem beleuchtet der Film die rechtliche Seite des \u00dcbergriffes und befasst sich mit der Situation des T\u00e4ters, heute und w\u00e4hrend Christophs Koma.<\/p>\n<p>Das umfassende Begleitmaterial (klassische und interaktive Arbeitsbl\u00e4tter, Testaufgaben, Lehrtexte \u2013 allesamt auf der DVD) befasst sich unter anderem mit den Ursachen der Gewalt unter Jugendlichen und liefert eine Vielfalt an Aufgaben, welche die Sch\u00fcler zum Nachdenken und zur Diskussion anregen. Damit ist die DVD ideal f\u00fcr den Einsatz im Unterricht.<\/p>\n<p>&nbsp;<\/p>\n","protected":false},"excerpt":{"rendered":"<p>Der Film zeigt die potenziell verheerenden Folgen von Jugendgewalt am Beispiel des 25-j\u00e4hrigen Christoph, der 2007 das Opfer einer brutalen Attacke aus Eifersucht geworden ist.<\/p>\n","protected":false},"featured_media":5718,"template":"","meta":{"_acf_changed":false},"product_brand":[],"product_cat":[70],"product_tag":[77,125,127],"class_list":{"0":"post-5720","1":"product","2":"type-product","3":"status-publish","4":"has-post-thumbnail","6":"product_cat-film","7":"product_tag-subject-gesellschaft","8":"product_tag-target-sek-i","9":"product_tag-target-sek-ii","10":"product_shipping_class-dvd-versand","12":"first","13":"instock","14":"taxable","15":"shipping-taxable","16":"purchasable","17":"product-type-variable"},"acf":{"subtitle":"Gezeichnet f\u00fcrs Leben","article_id":"4671719 \/ 5561518","languages":"DE","thumb_up":true,"cover_image":29278,"linked_product":"","linked_products":null,"banner":{"show":true,"text":"","color":""},"length":"10:50 min","content_movie":"Im ausf\u00fchrlichen Datenteil der DVD 78 Seiten Unterrichts- und Begleitmaterial, davon:\r\n18 Seiten Arbeitsbl\u00e4tter mit L\u00f6sungen!\r\n10 Testaufgaben!\r\n6\u00a0\u00a0 Seiten erg\u00e4nzendes Unterrichtsmaterial mit L\u00f6sungen!\r\n5\u00a0\u00a0 Arbeitsbl\u00e4tter f\u00fcr interaktive Whiteboards!\r\n5\u00a0\u00a0 MasterTool-Folien!","learning_goals":"","preview_gif":5717,"trailer":{"file":"","url":"https:\/\/www.lehrmediathek.de\/trailer\/Pruegelopfer_Trailer.mp4","image":5726},"mediathek_id":"","amount":"","demo_url":"","h5p_demo_id":"","content_interactive":"","hide_numbers":false,"flyer":"","info_columns":null},"_links":{"self":[{"href":"https:\/\/www.medienlb.com\/en\/wp-json\/wp\/v2\/product\/5720","targetHints":{"allow":["GET"]}}],"collection":[{"href":"https:\/\/www.medienlb.com\/en\/wp-json\/wp\/v2\/product"}],"about":[{"href":"https:\/\/www.medienlb.com\/en\/wp-json\/wp\/v2\/types\/product"}],"wp:featuredmedia":[{"embeddable":true,"href":"https:\/\/www.medienlb.com\/en\/wp-json\/wp\/v2\/media\/5718"}],"wp:attachment":[{"href":"https:\/\/www.medienlb.com\/en\/wp-json\/wp\/v2\/media?parent=5720"}],"wp:term":[{"taxonomy":"product_brand","embeddable":true,"href":"https:\/\/www.medienlb.com\/en\/wp-json\/wp\/v2\/product_brand?post=5720"},{"taxonomy":"product_cat","embeddable":true,"href":"https:\/\/www.medienlb.com\/en\/wp-json\/wp\/v2\/product_cat?post=5720"},{"taxonomy":"product_tag","embeddable":true,"href":"https:\/\/www.medienlb.com\/en\/wp-json\/wp\/v2\/product_tag?post=5720"}],"curies":[{"name":"wp","href":"https:\/\/api.w.org\/{rel}","templated":true}]}}