{"id":5709,"date":"2023-12-20T18:05:17","date_gmt":"2023-12-20T18:05:17","guid":{"rendered":"https:\/\/medienlb.com\/produkt\/misshandlungen\/"},"modified":"2025-02-07T14:51:22","modified_gmt":"2025-02-07T14:51:22","slug":"misshandlungen","status":"publish","type":"product","link":"https:\/\/www.medienlb.com\/en\/produkt\/misshandlungen\/","title":{"rendered":"Misshandlungen"},"content":{"rendered":"<p>Im Paragraf 1631 Inhalt und Grenzen der Personensorge steht (2) Kinder haben ein Recht auf gewaltfreie Erziehung. K\u00f6rperliche Bestrafungen, seelische Verletzungen und andere entw\u00fcrdigende Ma\u00dfnahmen sind unzul\u00e4ssig. (\u2026)<br \/>\nTrotzdem kommt es in Deutschland immer wieder zu k\u00f6rperlicher und sexueller Gewalt gegen Kinder und Jugendliche. Der Film zeigt zwei Fallbeispiele k\u00f6rperlicher und sexueller Gewalt und das Problem der Kinder, Hilfe zu bekommen. Die Opfer klagen dar\u00fcber, dass viele Menschen aus der Umgebung wegsehen und auch das Jugendamt manche F\u00e4lle nicht ernst nimmt.<br \/>\nDie Kinder und Jugendlichen brauchen vertrauensvolle Ansprechpartner wie Erzieher\/-innen und Lehrer\/-innen, die den Kindern zuh\u00f6ren und Glauben schenken, auch wenn die Erz\u00e4hlungen unwirklich erscheinen.<\/p>\n<p>Gemeinsam mit dem umfangreichen Begleitmaterial eignet sich die DVD daf\u00fcr, das Thema im Unterricht anzusprechen und zu erarbeiten.<\/p>\n","protected":false},"excerpt":{"rendered":"<p>Im Paragraf 1631 Inhalt und Grenzen der Personensorge steht (2) Kinder haben ein Recht auf gewaltfreie Erziehung. K\u00f6rperliche Bestrafungen, seelische Verletzungen und andere entw\u00fcrdigende Ma\u00dfnahmen sind unzul\u00e4ssig. (\u2026)<\/p>\n","protected":false},"featured_media":5707,"template":"","meta":{"_acf_changed":false},"product_brand":[],"product_cat":[70],"product_tag":[77,125,127],"class_list":{"0":"post-5709","1":"product","2":"type-product","3":"status-publish","4":"has-post-thumbnail","6":"product_cat-film","7":"product_tag-subject-gesellschaft","8":"product_tag-target-sek-i","9":"product_tag-target-sek-ii","10":"product_shipping_class-dvd-versand","12":"first","13":"instock","14":"taxable","15":"shipping-taxable","16":"purchasable","17":"product-type-variable"},"acf":{"subtitle":"an Kindern und Jugendlichen","article_id":"4671639 \/ 5561462","languages":"DE","thumb_up":true,"cover_image":29280,"linked_product":"","linked_products":null,"banner":{"show":true,"text":"","color":""},"length":"18:40 min","content_movie":"Im ausf\u00fchrlichen Datenteil der DVD 86 Seiten Unterrichts- und Begleitmaterial, davon:\r\n20 Seiten Arbeitsbl\u00e4tter mit L\u00f6sungen!\r\n11 Testaufgaben!\r\n7\u00a0\u00a0 Seiten erg\u00e4nzendes Unterrichtsmaterial mit L\u00f6sungen!\r\n6\u00a0\u00a0 Arbeitsbl\u00e4tter f\u00fcr interaktive Whiteboards!\r\n5\u00a0\u00a0 MasterTool-Folien!","learning_goals":"","preview_gif":5706,"trailer":{"file":"","url":"https:\/\/www.lehrmediathek.de\/trailer\/Misshandlung_Trailer.mp4","image":5715},"mediathek_id":"","amount":"","demo_url":"","h5p_demo_id":"","content_interactive":"","hide_numbers":false,"flyer":"","info_columns":null},"_links":{"self":[{"href":"https:\/\/www.medienlb.com\/en\/wp-json\/wp\/v2\/product\/5709","targetHints":{"allow":["GET"]}}],"collection":[{"href":"https:\/\/www.medienlb.com\/en\/wp-json\/wp\/v2\/product"}],"about":[{"href":"https:\/\/www.medienlb.com\/en\/wp-json\/wp\/v2\/types\/product"}],"wp:featuredmedia":[{"embeddable":true,"href":"https:\/\/www.medienlb.com\/en\/wp-json\/wp\/v2\/media\/5707"}],"wp:attachment":[{"href":"https:\/\/www.medienlb.com\/en\/wp-json\/wp\/v2\/media?parent=5709"}],"wp:term":[{"taxonomy":"product_brand","embeddable":true,"href":"https:\/\/www.medienlb.com\/en\/wp-json\/wp\/v2\/product_brand?post=5709"},{"taxonomy":"product_cat","embeddable":true,"href":"https:\/\/www.medienlb.com\/en\/wp-json\/wp\/v2\/product_cat?post=5709"},{"taxonomy":"product_tag","embeddable":true,"href":"https:\/\/www.medienlb.com\/en\/wp-json\/wp\/v2\/product_tag?post=5709"}],"curies":[{"name":"wp","href":"https:\/\/api.w.org\/{rel}","templated":true}]}}