{"id":5622,"date":"2023-12-20T18:05:17","date_gmt":"2023-12-20T18:05:17","guid":{"rendered":"https:\/\/medienlb.com\/produkt\/cybermobbing\/"},"modified":"2025-06-26T08:16:20","modified_gmt":"2025-06-26T08:16:20","slug":"cybermobbing","status":"publish","type":"product","link":"https:\/\/www.medienlb.com\/en\/produkt\/cybermobbing\/","title":{"rendered":"Cybermobbing"},"content":{"rendered":"<p>F\u00fcr viele ist das Wort \u201eCybermobbing\u201c ein x-beliebiger Modebegriff, doch immer mehr Kinder und Jugendliche sehen sich mit dieser sehr realen Gefahr konfrontiert. Cybermobbing kann viele Formen annehmen \u2013 den Anfang findet es jedoch fast immer in Chatrooms und\/oder auf sozialen Netzwerken, die bei jungen Menschen besonders popul\u00e4r sind. Damit endet das Mobben hier keineswegs bei Schulschluss, sondern dauert den ganzen Tag an \u2013 das Opfer kommt \u00fcberhaupt nicht mehr zur Ruhe.<br \/>\nDer Film zeigt die verheerenden Folgen f\u00fcr die Betroffenen, die diese oftmals bis nahe an oder gar in den Selbstmord f\u00fchren. Er zeigt aber auch auf, wo und wie man als Opfer die n\u00f6tige Hilfe erhalten kann und dass es m\u00f6glich ist, das Thema Cybermobbing hinter sich zu lassen.<br \/>\nDennoch ist Pr\u00e4vention sicherlich die wesentlich bessere Methode, sich vor Cybermobbing zu sch\u00fctzen. Kinder und Jugendliche m\u00fcssen sensibilisiert werden f\u00fcr das Thema, damit sie zum einen selbst nicht zu T\u00e4tern gegen\u00fcber Gleichaltrigen werden, des Weiteren aber auch lernen, wie sie sich im Internet vor dem Zugriff Krimineller sch\u00fctzen k\u00f6nnen.<\/p>\n<p>Gemeinsam mit dem umfangreichen Unterrichtsmaterial (klassische und interaktive Arbeitsbl\u00e4tter, Testaufgaben, Lehrtexte etc.) ist der Film sehr gut f\u00fcr den Einsatz im Unterricht geeignet.<\/p>\n","protected":false},"excerpt":{"rendered":"<p>F\u00fcr viele ist das Wort \u201eCybermobbing\u201c ein x-beliebiger Modebegriff, doch immer mehr Kinder und Jugendliche sehen sich mit dieser sehr realen Gefahr konfrontiert. Cybermobbing kann viele Formen annehmen \u2013 den Anfang findet es jedoch fast immer in Chatrooms und\/oder auf sozialen Netzwerken, die bei jungen Menschen besonders popul\u00e4r sind. Damit endet das Mobben hier keineswegs bei Schulschluss, sondern dauert den ganzen Tag an \u2013 das Opfer kommt \u00fcberhaupt nicht mehr zur Ruhe.<\/p>\n","protected":false},"featured_media":5620,"template":"","meta":{"_acf_changed":false},"product_brand":[],"product_cat":[70],"product_tag":[77,156,111,125],"class_list":{"0":"post-5622","1":"product","2":"type-product","3":"status-publish","4":"has-post-thumbnail","6":"product_cat-film","7":"product_tag-subject-gesellschaft","8":"product_tag-subject-informatik","9":"product_tag-subject-medienbildung","10":"product_tag-target-sek-i","11":"product_shipping_class-dvd-versand","13":"first","14":"instock","15":"taxable","16":"shipping-taxable","17":"purchasable","18":"product-type-variable"},"acf":{"subtitle":"Schikanen im Netz","article_id":"4673644 \/ 5562333","languages":"DE","thumb_up":false,"cover_image":29294,"linked_product":"","linked_products":null,"banner":{"show":true,"text":"","color":""},"length":"17:18 min","content_movie":"Im ausf\u00fchrlichen Datenteil der DVD 78 Seiten Unterrichts- und Begleitmaterial, davon:\r\n20 Seiten Arbeitsbl\u00e4tter mit L\u00f6sungen!\r\n20 Testaufgaben!\r\n6 \u00a0 Seiten erg\u00e4nzendes Unterrichtsmaterial mit L\u00f6sungen!\r\n5\u00a0\u00a0 Arbeitsbl\u00e4tter f\u00fcr interaktive Whiteboards!\r\n5\u00a0\u00a0 MasterTool-Folien!","learning_goals":"","preview_gif":5619,"trailer":{"file":"","url":"https:\/\/www.lehrmediathek.de\/trailer\/Trailer_Cybermobbing.mp4","image":5628},"mediathek_id":"","amount":"","demo_url":"","h5p_demo_id":"","content_interactive":"","hide_numbers":false,"flyer":"","info_columns":null},"_links":{"self":[{"href":"https:\/\/www.medienlb.com\/en\/wp-json\/wp\/v2\/product\/5622","targetHints":{"allow":["GET"]}}],"collection":[{"href":"https:\/\/www.medienlb.com\/en\/wp-json\/wp\/v2\/product"}],"about":[{"href":"https:\/\/www.medienlb.com\/en\/wp-json\/wp\/v2\/types\/product"}],"wp:featuredmedia":[{"embeddable":true,"href":"https:\/\/www.medienlb.com\/en\/wp-json\/wp\/v2\/media\/5620"}],"wp:attachment":[{"href":"https:\/\/www.medienlb.com\/en\/wp-json\/wp\/v2\/media?parent=5622"}],"wp:term":[{"taxonomy":"product_brand","embeddable":true,"href":"https:\/\/www.medienlb.com\/en\/wp-json\/wp\/v2\/product_brand?post=5622"},{"taxonomy":"product_cat","embeddable":true,"href":"https:\/\/www.medienlb.com\/en\/wp-json\/wp\/v2\/product_cat?post=5622"},{"taxonomy":"product_tag","embeddable":true,"href":"https:\/\/www.medienlb.com\/en\/wp-json\/wp\/v2\/product_tag?post=5622"}],"curies":[{"name":"wp","href":"https:\/\/api.w.org\/{rel}","templated":true}]}}