{"id":5611,"date":"2023-12-20T18:05:17","date_gmt":"2023-12-20T18:05:17","guid":{"rendered":"https:\/\/medienlb.com\/produkt\/soziale-brennpunkte\/"},"modified":"2025-02-07T14:52:06","modified_gmt":"2025-02-07T14:52:06","slug":"soziale-brennpunkte","status":"publish","type":"product","link":"https:\/\/www.medienlb.com\/en\/produkt\/soziale-brennpunkte\/","title":{"rendered":"Soziale Brennpunkte"},"content":{"rendered":"<p>Barbara und S\u00fckran haben so manche Dinge gemeinsam: Sie sind etwa gleich alt, haben beide Kinder \u2013 und sie wohnen in demselben Haus in Bergkamen \u2013 einer Stadt in Nordrhein-Westfalen, in die aufgrund ihrer Bergbauvergangenheit nach dem Zweiten Weltkrieg viele Gastarbeiter aus der T\u00fcrkei gekommen sind.<br \/>\nEines unterscheidet S\u00fckran von Barbara aber ganz offensichtlich: Ihre Herkunft.<br \/>\nLeider fehlt au\u00dferdem das Verst\u00e4ndnis f\u00fcr die Belange des jeweils Anderen. So entz\u00fcndet sich an einer scheinbaren Nichtigkeit ein heftiger Nachbarschaftsstreit, den der Film begleitet, bis die beiden Frauen wieder miteinander reden.<br \/>\nIm Kindergarten \u201eVilla Kunterbunt\u201c ist man bereits einen Schritt weiter. Hier setzen sich die Erzieherinnen und Erzieher t\u00e4glich daf\u00fcr ein, dass die Bed\u00fcrfnisse der deutschst\u00e4mmigen Kinder und derer mit Migrationshintergrund miteinander in Einklang gebracht werden. So wird z. B. Fleisch angeboten, das \u201ehalal\u201c ist, also mit den Geboten des Islam vereinbar.<br \/>\nZum Schluss stellt uns der Film die beiden Freunde Ahmet und Klaus vor, die es geschafft haben, aus dem Nebeneinander der Kulturen ein Miteinander zu machen.<\/p>\n<p>Gemeinsam mit dem umfangreichen Unterrichtsmaterial (klassische und interaktive Arbeitsbl\u00e4tter, Testaufgaben, Lehrtexte etc.) ist der Film sehr gut f\u00fcr den Einsatz im Unterricht geeignet.<\/p>\n","protected":false},"excerpt":{"rendered":"<p>Barbara und S\u00fckran haben so manche Dinge gemeinsam: Sie sind etwa gleich alt, haben beide Kinder \u2013 und sie wohnen in demselben Haus in Bergkamen \u2013 einer Stadt in Nordrhein-Westfalen, in die aufgrund ihrer Bergbauvergangenheit nach dem Zweiten Weltkrieg viele Gastarbeiter aus der T\u00fcrkei gekommen sind.<\/p>\n","protected":false},"featured_media":5609,"template":"","meta":{"_acf_changed":false},"product_brand":[],"product_cat":[70],"product_tag":[77,125,127],"class_list":{"0":"post-5611","1":"product","2":"type-product","3":"status-publish","4":"has-post-thumbnail","6":"product_cat-film","7":"product_tag-subject-gesellschaft","8":"product_tag-target-sek-i","9":"product_tag-target-sek-ii","10":"product_shipping_class-dvd-versand","12":"first","13":"instock","14":"taxable","15":"shipping-taxable","16":"purchasable","17":"product-type-variable"},"acf":{"subtitle":"Kulturelle Konflikte im Alltag","article_id":"4673645 \/ 5562334","languages":"DE","thumb_up":false,"cover_image":29296,"linked_product":"","linked_products":null,"banner":{"show":true,"text":"","color":""},"length":"30:52 min","content_movie":"Im ausf\u00fchrlichen Datenteil der DVD 89 Seiten Unterrichts- und Begleitmaterial, davon:\r\n21 Seiten Arbeitsbl\u00e4tter mit L\u00f6sungen!\r\n20 Testaufgaben!\r\n7\u00a0\u00a0 Seiten erg\u00e4nzendes Unterrichtsmaterial mit L\u00f6sungen!\r\n5\u00a0\u00a0 Arbeitsbl\u00e4tter f\u00fcr interaktive Whiteboards!\r\n5\u00a0\u00a0 MasterTool-Folien!","learning_goals":"","preview_gif":5608,"trailer":{"file":"","url":"https:\/\/www.lehrmediathek.de\/trailer\/Soziale_Brennpunkte_Trailer.mp4","image":5617},"mediathek_id":"","amount":"","demo_url":"","h5p_demo_id":"","content_interactive":"","hide_numbers":false,"flyer":"","info_columns":null},"_links":{"self":[{"href":"https:\/\/www.medienlb.com\/en\/wp-json\/wp\/v2\/product\/5611","targetHints":{"allow":["GET"]}}],"collection":[{"href":"https:\/\/www.medienlb.com\/en\/wp-json\/wp\/v2\/product"}],"about":[{"href":"https:\/\/www.medienlb.com\/en\/wp-json\/wp\/v2\/types\/product"}],"wp:featuredmedia":[{"embeddable":true,"href":"https:\/\/www.medienlb.com\/en\/wp-json\/wp\/v2\/media\/5609"}],"wp:attachment":[{"href":"https:\/\/www.medienlb.com\/en\/wp-json\/wp\/v2\/media?parent=5611"}],"wp:term":[{"taxonomy":"product_brand","embeddable":true,"href":"https:\/\/www.medienlb.com\/en\/wp-json\/wp\/v2\/product_brand?post=5611"},{"taxonomy":"product_cat","embeddable":true,"href":"https:\/\/www.medienlb.com\/en\/wp-json\/wp\/v2\/product_cat?post=5611"},{"taxonomy":"product_tag","embeddable":true,"href":"https:\/\/www.medienlb.com\/en\/wp-json\/wp\/v2\/product_tag?post=5611"}],"curies":[{"name":"wp","href":"https:\/\/api.w.org\/{rel}","templated":true}]}}