{"id":5600,"date":"2023-12-20T18:05:17","date_gmt":"2023-12-20T18:05:17","guid":{"rendered":"https:\/\/medienlb.com\/produkt\/der-friedensrichter-von-neukoelln\/"},"modified":"2025-02-07T14:52:12","modified_gmt":"2025-02-07T14:52:12","slug":"der-friedensrichter-von-neukoelln","status":"publish","type":"product","link":"https:\/\/www.medienlb.com\/en\/produkt\/der-friedensrichter-von-neukoelln\/","title":{"rendered":"Der Friedensrichter von Neuk\u00f6lln"},"content":{"rendered":"<p>Hassan Allouche lebt in Berlin-Neuk\u00f6lln und ist das Gesetz \u2013 zumindest f\u00fcr viele muslimische Bewohner des Stadtteils. Der Film begleitet ihn, wie er als Friedensrichter von einem Konflikt zum n\u00e4chsten eilt und z. B. dabei hilft, einen Familienstreit beizulegen. Er hat auch schon bei einem Fall von Schutzgelderpressung eingegriffen. Nur wenn es um schwere, meist k\u00f6rperliche Delikte geht, lehnt er jede Hilfe ab.<br \/>\nWir erfahren, wie der \u201eRichter ohne Robe\u201c zu diesem inoffiziellen Ehrenamt gekommen ist und wie er selbst seine Aufgabe innerhalb der Gesellschaft sieht. Er geht dabei auch auf das deutsche Rechtssystem ein und betont, dass er keine Konkurrenz zu diesem darstellen wolle.<br \/>\nGenau das ist jedoch oftmals der Fall, wenn es um die sogenannten Friedensrichter geht. So kommen neben Heinz Buschkowsky, dem ehemaligen B\u00fcrgermeister von Neuk\u00f6lln, eine Reihe von Kritikern zu Wort, die aufzeigen, wie die entstandene Paralleljustiz eine Aufkl\u00e4rung von Verbrechen erschweren oder gar unm\u00f6glich machen kann.<\/p>\n<p>Gemeinsam mit dem umfangreichen Unterrichtsmaterial (klassische und interaktive Arbeitsbl\u00e4tter, Testaufgaben, Lehrtexte etc.) ist der Film sehr gut f\u00fcr den Einsatz im Unterricht geeignet.<\/p>\n","protected":false},"excerpt":{"rendered":"<p>Hassan Allouche lebt in Berlin-Neuk\u00f6lln und ist das Gesetz \u2013 zumindest f\u00fcr viele muslimische Bewohner des Stadtteils. Der Film begleitet ihn, wie er als Friedensrichter von einem Konflikt zum n\u00e4chsten eilt und z. B. dabei hilft, einen Familienstreit beizulegen. Er hat auch schon bei einem Fall von Schutzgelderpressung eingegriffen. Nur wenn es um schwere, meist k\u00f6rperliche Delikte geht, lehnt er jede Hilfe ab.<\/p>\n","protected":false},"featured_media":5598,"template":"","meta":{"_acf_changed":false},"product_brand":[],"product_cat":[70],"product_tag":[77,125,127],"class_list":{"0":"post-5600","1":"product","2":"type-product","3":"status-publish","4":"has-post-thumbnail","6":"product_cat-film","7":"product_tag-subject-gesellschaft","8":"product_tag-target-sek-i","9":"product_tag-target-sek-ii","10":"product_shipping_class-dvd-versand","12":"first","13":"instock","14":"taxable","15":"shipping-taxable","16":"purchasable","17":"product-type-variable"},"acf":{"subtitle":"Paralleljustiz in Deutschland?","article_id":"4673646 \/ 5562335","languages":"DE","thumb_up":false,"cover_image":29298,"linked_product":"","linked_products":null,"banner":{"show":true,"text":"","color":""},"length":"17:48 min","content_movie":"Im ausf\u00fchrlichen Datenteil der DVD 86 Seiten Unterrichts- und Begleitmaterial, davon:\r\n22 Seiten Arbeitsbl\u00e4tter mit L\u00f6sungen!\r\n20 Testaufgaben!\r\n6 \u00a0 Seiten erg\u00e4nzendes Unterrichtsmaterial mit L\u00f6sungen!\r\n5\u00a0\u00a0 Arbeitsbl\u00e4tter f\u00fcr interaktive Whiteboards!\r\n5\u00a0\u00a0 MasterTool-Folien!","learning_goals":"","preview_gif":5597,"trailer":{"file":"","url":"https:\/\/www.lehrmediathek.de\/trailer\/Trailer_Friedensrichter.mp4","image":5606},"mediathek_id":"","amount":"","demo_url":"","h5p_demo_id":"","content_interactive":"","hide_numbers":false,"flyer":"","info_columns":null},"_links":{"self":[{"href":"https:\/\/www.medienlb.com\/en\/wp-json\/wp\/v2\/product\/5600","targetHints":{"allow":["GET"]}}],"collection":[{"href":"https:\/\/www.medienlb.com\/en\/wp-json\/wp\/v2\/product"}],"about":[{"href":"https:\/\/www.medienlb.com\/en\/wp-json\/wp\/v2\/types\/product"}],"wp:featuredmedia":[{"embeddable":true,"href":"https:\/\/www.medienlb.com\/en\/wp-json\/wp\/v2\/media\/5598"}],"wp:attachment":[{"href":"https:\/\/www.medienlb.com\/en\/wp-json\/wp\/v2\/media?parent=5600"}],"wp:term":[{"taxonomy":"product_brand","embeddable":true,"href":"https:\/\/www.medienlb.com\/en\/wp-json\/wp\/v2\/product_brand?post=5600"},{"taxonomy":"product_cat","embeddable":true,"href":"https:\/\/www.medienlb.com\/en\/wp-json\/wp\/v2\/product_cat?post=5600"},{"taxonomy":"product_tag","embeddable":true,"href":"https:\/\/www.medienlb.com\/en\/wp-json\/wp\/v2\/product_tag?post=5600"}],"curies":[{"name":"wp","href":"https:\/\/api.w.org\/{rel}","templated":true}]}}