{"id":5551,"date":"2023-12-20T18:05:17","date_gmt":"2023-12-20T18:05:17","guid":{"rendered":"https:\/\/medienlb.com\/produkt\/gefahr-durch-loverboys\/"},"modified":"2025-02-07T14:52:35","modified_gmt":"2025-02-07T14:52:35","slug":"gefahr-durch-loverboys","status":"publish","type":"product","link":"https:\/\/www.medienlb.com\/en\/produkt\/gefahr-durch-loverboys\/","title":{"rendered":"Gefahr durch Loverboys"},"content":{"rendered":"<p>Die erste Liebesbeziehung ist eine sch\u00f6ne Erfahrung \u2013 f\u00fcr die meisten. Doch nicht jeder hat so viel Gl\u00fcck. Seit einigen Jahren erfreut sich bei Zuh\u00e4ltern und anderen Kriminellen eine bestimmte Masche zunehmender Beliebtheit, die darauf abzielt, besonders die Unerfahrenheit junger M\u00e4dchen auszunutzen.<\/p>\n<p>Sogenannte Loverboys, die meist selbst noch Teenager sind, spielen den M\u00e4dchen die gro\u00dfe Liebe vor, machen sie jedoch St\u00fcck f\u00fcr St\u00fcck \u2013 und oft unbemerkt vom sozialen Umfeld des Opfers \u2013 abh\u00e4ngig. Zuerst emotional, dann durch Drohungen und\/oder Drogen. Fortan tut das Opfer nur noch, wie ihm gehei\u00dfen wird. In der Regel bedeutet das den Gang in die Prostitution.<\/p>\n<p>Der Film kl\u00e4rt \u00fcber die Vorgehensweise der Loverboys auf und zeigt, warum die Opfer sich so schwer von ihrem Peiniger l\u00f6sen k\u00f6nnen. Au\u00dferdem begleitet er B\u00e4rbel Kannemann, Leiterin des Vereins NO loverboys e. V., bei ihrem Kampf um Aufkl\u00e4rung an den Schulen.<\/p>\n<p>Gemeinsam mit dem umfangreichen Unterrichtsmaterial (klassische und interaktive Arbeitsbl\u00e4tter, Testaufgaben, Lehrtexte etc.) ist der Film sehr gut f\u00fcr den Einsatz im Unterricht geeignet.<\/p>\n<p>&nbsp;<\/p>\n","protected":false},"excerpt":{"rendered":"<p>Die erste Liebesbeziehung ist eine sch\u00f6ne Erfahrung \u2013 f\u00fcr die meisten. Doch nicht jeder hat so viel Gl\u00fcck. Seit einigen Jahren erfreut sich bei Zuh\u00e4ltern und anderen Kriminellen eine bestimmte Masche zunehmender Beliebtheit, die darauf abzielt, besonders die Unerfahrenheit junger M\u00e4dchen auszunutzen.<\/p>\n","protected":false},"featured_media":5549,"template":"","meta":{"_acf_changed":false},"product_brand":[],"product_cat":[70],"product_tag":[77,125,127],"class_list":{"0":"post-5551","1":"product","2":"type-product","3":"status-publish","4":"has-post-thumbnail","6":"product_cat-film","7":"product_tag-subject-gesellschaft","8":"product_tag-target-sek-i","9":"product_tag-target-sek-ii","10":"product_shipping_class-dvd-versand","12":"first","13":"instock","14":"taxable","15":"shipping-taxable","16":"purchasable","17":"product-type-variable"},"acf":{"subtitle":"Endstation: Stra\u00dfenstrich","article_id":"4673647 \/ 5562336","languages":"DE","thumb_up":true,"cover_image":29306,"linked_product":"","linked_products":null,"banner":{"show":true,"text":"","color":""},"length":"11.20 min","content_movie":"Im ausf\u00fchrlichen Datenteil der DVD 85 Seiten Unterrichts- und Begleitmaterial, davon:\r\n21 Seiten Arbeitsbl\u00e4tter mit L\u00f6sungen!\r\n20 Testaufgaben!\r\n10 Seiten erg\u00e4nzendes Unterrichtsmaterial mit L\u00f6sungen!\r\n5 Arbeitsbl\u00e4tter f\u00fcr interaktive Whiteboards!\r\n5 MasterTool-Folien","learning_goals":"","preview_gif":5548,"trailer":{"file":"","url":"https:\/\/www.lehrmediathek.de\/trailer\/Loverboys_Trailer.mp4","image":5557},"mediathek_id":"","amount":"","demo_url":"","h5p_demo_id":"","content_interactive":"","hide_numbers":false,"flyer":"","info_columns":null},"_links":{"self":[{"href":"https:\/\/www.medienlb.com\/en\/wp-json\/wp\/v2\/product\/5551","targetHints":{"allow":["GET"]}}],"collection":[{"href":"https:\/\/www.medienlb.com\/en\/wp-json\/wp\/v2\/product"}],"about":[{"href":"https:\/\/www.medienlb.com\/en\/wp-json\/wp\/v2\/types\/product"}],"wp:featuredmedia":[{"embeddable":true,"href":"https:\/\/www.medienlb.com\/en\/wp-json\/wp\/v2\/media\/5549"}],"wp:attachment":[{"href":"https:\/\/www.medienlb.com\/en\/wp-json\/wp\/v2\/media?parent=5551"}],"wp:term":[{"taxonomy":"product_brand","embeddable":true,"href":"https:\/\/www.medienlb.com\/en\/wp-json\/wp\/v2\/product_brand?post=5551"},{"taxonomy":"product_cat","embeddable":true,"href":"https:\/\/www.medienlb.com\/en\/wp-json\/wp\/v2\/product_cat?post=5551"},{"taxonomy":"product_tag","embeddable":true,"href":"https:\/\/www.medienlb.com\/en\/wp-json\/wp\/v2\/product_tag?post=5551"}],"curies":[{"name":"wp","href":"https:\/\/api.w.org\/{rel}","templated":true}]}}