{"id":5529,"date":"2023-12-20T18:05:17","date_gmt":"2023-12-20T18:05:17","guid":{"rendered":"https:\/\/medienlb.com\/produkt\/camp-fuer-brandopfer\/"},"modified":"2025-02-07T14:52:47","modified_gmt":"2025-02-07T14:52:47","slug":"camp-fuer-brandopfer","status":"publish","type":"product","link":"https:\/\/www.medienlb.com\/en\/produkt\/camp-fuer-brandopfer\/","title":{"rendered":"Camp f\u00fcr Brandopfer"},"content":{"rendered":"<p>Wie gehen Menschen damit um, wenn sie, beispielsweise durch einen schweren Unfall, gro\u00dfe und sichtbare Narben im Gesicht und am K\u00f6rper davongetragen haben? Was tun, wenn das alte Leben schlagartig vorbei ist? Wenn viele Menschen gar nichts mehr mit einem zu tun haben wollen?<br \/>\nDie M\u00e4dchen in Lesia Cartellis Camp \u201eAngel Faces\u201c haben genau das erlebt. Sie alle sind in jungen Jahren Opfer schwerster Verbrennungen geworden und m\u00fcssen fortan mit zahlreichen Entstellungen in Gesicht und K\u00f6rper leben. Sie haben erfahren, wie es ist, von der Gesell-schaft ausgeschlossen zu sein. Sie f\u00fchlen sich h\u00e4sslich und ungeliebt, sind darum h\u00e4ufig verbittert, sehen keine Zukunft f\u00fcr sich.<br \/>\nDer Film begleitet die M\u00e4dchen auf ihrem Weg zu neuem Selbstbewusstsein. Er geht auf die Schicksale der M\u00e4dchen ein und zeigt, mit welchen Mitteln ihnen im Laufe ihrer Therapie geholfen wird. Am Ende blicken sie wieder hoffnungsvoll in die Zukunft. Dazu k\u00f6nnen auch wir Mitmenschen beitragen, indem wir die M\u00e4dchen so akzeptieren, wie sie sind.<\/p>\n<p>Gemeinsam mit dem umfangreichen Unterrichtsmaterial (klassische und interaktive Arbeitsbl\u00e4tter, Testaufgaben, Lehrtexte etc.) ist der Film sehr gut f\u00fcr den Einsatz im Unterricht geeignet.<\/p>\n","protected":false},"excerpt":{"rendered":"<p>Wie gehen Menschen damit um, wenn sie, beispielsweise durch einen schweren Unfall, gro\u00dfe und sichtbare Narben im Gesicht und am K\u00f6rper davongetragen haben? Was tun, wenn das alte Leben schlagartig vorbei ist? Wenn viele Menschen gar nichts mehr mit einem zu tun haben wollen?<\/p>\n","protected":false},"featured_media":5527,"template":"","meta":{"_acf_changed":false},"product_brand":[],"product_cat":[70],"product_tag":[77,125,127],"class_list":{"0":"post-5529","1":"product","2":"type-product","3":"status-publish","4":"has-post-thumbnail","6":"product_cat-film","7":"product_tag-subject-gesellschaft","8":"product_tag-target-sek-i","9":"product_tag-target-sek-ii","10":"product_shipping_class-dvd-versand","12":"first","13":"instock","14":"taxable","15":"shipping-taxable","16":"purchasable","17":"product-type-variable"},"acf":{"subtitle":"Selbstbewusstsein f\u00fcr das neue Leben","article_id":"4673652 \/ 5562342","languages":"DE","thumb_up":false,"cover_image":29310,"linked_product":"","linked_products":null,"banner":{"show":true,"text":"","color":""},"length":"11:15 min","content_movie":"Im ausf\u00fchrlichen Datenteil der DVD 82 Seiten Unterrichts- und Begleitmaterial, davon:\r\n22 Seiten Arbeitsbl\u00e4tter mit L\u00f6sungen!\r\n20 Testaufgaben!\r\n6 \u00a0 Seiten erg\u00e4nzendes Unterrichtsmaterial mit L\u00f6sungen!\r\n5 \u00a0 Arbeitsbl\u00e4tter f\u00fcr interaktive Whiteboards!\r\n5 \u00a0 MasterTool-Folien!","learning_goals":"","preview_gif":5526,"trailer":{"file":"","url":"https:\/\/www.lehrmediathek.de\/trailer\/Maedchencamp_Trailer.mp4","image":5535},"mediathek_id":"","amount":"","demo_url":"","h5p_demo_id":"","content_interactive":"","hide_numbers":false,"flyer":"","info_columns":null},"_links":{"self":[{"href":"https:\/\/www.medienlb.com\/en\/wp-json\/wp\/v2\/product\/5529","targetHints":{"allow":["GET"]}}],"collection":[{"href":"https:\/\/www.medienlb.com\/en\/wp-json\/wp\/v2\/product"}],"about":[{"href":"https:\/\/www.medienlb.com\/en\/wp-json\/wp\/v2\/types\/product"}],"wp:featuredmedia":[{"embeddable":true,"href":"https:\/\/www.medienlb.com\/en\/wp-json\/wp\/v2\/media\/5527"}],"wp:attachment":[{"href":"https:\/\/www.medienlb.com\/en\/wp-json\/wp\/v2\/media?parent=5529"}],"wp:term":[{"taxonomy":"product_brand","embeddable":true,"href":"https:\/\/www.medienlb.com\/en\/wp-json\/wp\/v2\/product_brand?post=5529"},{"taxonomy":"product_cat","embeddable":true,"href":"https:\/\/www.medienlb.com\/en\/wp-json\/wp\/v2\/product_cat?post=5529"},{"taxonomy":"product_tag","embeddable":true,"href":"https:\/\/www.medienlb.com\/en\/wp-json\/wp\/v2\/product_tag?post=5529"}],"curies":[{"name":"wp","href":"https:\/\/api.w.org\/{rel}","templated":true}]}}