{"id":5489,"date":"2023-12-20T18:05:17","date_gmt":"2023-12-20T18:05:17","guid":{"rendered":"https:\/\/medienlb.com\/produkt\/diskriminierung-von-minderheiten\/"},"modified":"2025-02-07T14:53:10","modified_gmt":"2025-02-07T14:53:10","slug":"diskriminierung-von-minderheiten","status":"publish","type":"product","link":"https:\/\/www.medienlb.com\/en\/produkt\/diskriminierung-von-minderheiten\/","title":{"rendered":"Diskriminierung von Minderheiten"},"content":{"rendered":"<p>&#8220;Zeit f\u00fcr Helden \u2013 Und was machst Du?&#8221; schafft Aufkl\u00e4rung rund um die Themen Diskriminierung, Rassismus, Vorurteile und Zivilcourage.<br \/>\nDie vierteilige DVD-Reihe geht der Frage auf den Grund, wie Menschen handeln, wenn vor ihren Augen ein offensichtliches Unrecht geschieht. Wie viel Zivilcourage haben unsere Mitmenschen? Greifen sie ein, schauen sie weg oder suchen sie gar gleichg\u00fcltig das Weite? Passanten geraten in von Schauspielern gestellte Situationen, die eine ordentliche Portion Zivilcourage erfordern. Mit versteckten Kameras werden die Helden unserer Zeit gesucht.<br \/>\n\u00a0<br \/>\nIn dieser DVD enthalten:<br \/>\nWas passiert, wenn ein Rassist in der \u00d6ffentlichkeit seinen schwarzen Schwiegersohn als Sklave bezeichnet, ein \u00dcbergewichtiger keinen Burger essen darf, Feindlichkeit gegen\u00fcber Minderheiten zum Ausdruck gebracht wird oder ein Homosexueller bei seinem Outing gedem\u00fctigt wird?<\/p>\n","protected":false},"excerpt":{"rendered":"<p>&#8220;Zeit f\u00fcr Helden \u2013 Und was machst Du?&#8221; schafft Aufkl\u00e4rung rund um die Themen Diskriminierung, Rassismus, Vorurteile und Zivilcourage.<\/p>\n","protected":false},"featured_media":5487,"template":"","meta":{"_acf_changed":false},"product_brand":[],"product_cat":[70],"product_tag":[77,125,127],"class_list":{"0":"post-5489","1":"product","2":"type-product","3":"status-publish","4":"has-post-thumbnail","6":"product_cat-film","7":"product_tag-subject-gesellschaft","8":"product_tag-target-sek-i","9":"product_tag-target-sek-ii","10":"product_shipping_class-dvd-versand","12":"first","13":"instock","14":"taxable","15":"shipping-taxable","16":"purchasable","17":"product-type-variable"},"acf":{"subtitle":"Wie reagieren wir?","article_id":"4673639 \/ 5562329","languages":"DE","thumb_up":false,"cover_image":29318,"linked_product":null,"linked_products":null,"banner":{"show":true,"text":"","color":""},"length":"24:35 min","content_movie":"","learning_goals":"","preview_gif":null,"trailer":{"file":null,"url":"","image":5495},"mediathek_id":"","amount":"","demo_url":"","h5p_demo_id":"","content_interactive":"","hide_numbers":false,"flyer":null,"info_columns":null},"_links":{"self":[{"href":"https:\/\/www.medienlb.com\/en\/wp-json\/wp\/v2\/product\/5489","targetHints":{"allow":["GET"]}}],"collection":[{"href":"https:\/\/www.medienlb.com\/en\/wp-json\/wp\/v2\/product"}],"about":[{"href":"https:\/\/www.medienlb.com\/en\/wp-json\/wp\/v2\/types\/product"}],"wp:featuredmedia":[{"embeddable":true,"href":"https:\/\/www.medienlb.com\/en\/wp-json\/wp\/v2\/media\/5487"}],"wp:attachment":[{"href":"https:\/\/www.medienlb.com\/en\/wp-json\/wp\/v2\/media?parent=5489"}],"wp:term":[{"taxonomy":"product_brand","embeddable":true,"href":"https:\/\/www.medienlb.com\/en\/wp-json\/wp\/v2\/product_brand?post=5489"},{"taxonomy":"product_cat","embeddable":true,"href":"https:\/\/www.medienlb.com\/en\/wp-json\/wp\/v2\/product_cat?post=5489"},{"taxonomy":"product_tag","embeddable":true,"href":"https:\/\/www.medienlb.com\/en\/wp-json\/wp\/v2\/product_tag?post=5489"}],"curies":[{"name":"wp","href":"https:\/\/api.w.org\/{rel}","templated":true}]}}