{"id":5480,"date":"2023-12-20T18:05:17","date_gmt":"2023-12-20T18:05:17","guid":{"rendered":"https:\/\/medienlb.com\/produkt\/tanzschule\/"},"modified":"2025-02-07T14:53:16","modified_gmt":"2025-02-07T14:53:16","slug":"tanzschule","status":"publish","type":"product","link":"https:\/\/www.medienlb.com\/en\/produkt\/tanzschule\/","title":{"rendered":"Tanzschule"},"content":{"rendered":"<p>Wenn Jugendliche sich zu Erwachsenen entwickeln, merken sie schnell, dass sie auch im t\u00e4glichen Umgang mit ihren Mitmenschen zunehmend nach anderen Ma\u00dfst\u00e4ben beurteilt werden als zuvor. Besonders bei der Partnersuche gelten seit jeher ganz spezielle Spielregeln.<br \/>\nUm sich auf diesem Terrain sicher zu bewegen und nebenbei wertvolle Tipps f\u00fcr das Flirten zu erhalten, besuchen die drei Sch\u00fcler Stephan, Robin und Luke eine Tanzschule. Der offensichtliche Hauptgrund der Mission lautet dabei: M\u00e4dchen kennenlernen und eine Menge Spa\u00df haben. Sie w\u00e4ren nicht die Ersten, f\u00fcr die die Tanzschule zum Ort der ersten Beziehung geworden ist.<br \/>\nWer allerdings geglaubt hat, dass es mit ein paar erlernten Tanzschritten getan sei, der f\u00fchlt sich schnell eines Besseren belehrt: Bei Tanzlehrer Martin schafft es nur auf den Abschlussball, wer sich auch zu benehmen wei\u00df. So werden seine Tanzkurse immer auch zur \u201eSchule f\u00fcrs Leben\u201c.<br \/>\nGemeinsam mit dem umfangreichen Unterrichtsmaterial (klassische und interaktive Arbeitsbl\u00e4tter, Testaufgaben, Lehrtexte etc.) ist der Film sehr gut f\u00fcr den Einsatz im Unterricht geeignet.<\/p>\n<p>&nbsp;<\/p>\n","protected":false},"excerpt":{"rendered":"<p>Wenn Jugendliche sich zu Erwachsenen entwickeln, merken sie schnell, dass sie auch im t\u00e4glichen Umgang mit ihren Mitmenschen zunehmend nach anderen Ma\u00dfst\u00e4ben beurteilt werden als zuvor. Besonders bei der Partnersuche gelten seit jeher ganz spezielle Spielregeln.<\/p>\n","protected":false},"featured_media":5478,"template":"","meta":{"_acf_changed":false},"product_brand":[],"product_cat":[70],"product_tag":[77,125,127],"class_list":{"0":"post-5480","1":"product","2":"type-product","3":"status-publish","4":"has-post-thumbnail","6":"product_cat-film","7":"product_tag-subject-gesellschaft","8":"product_tag-target-sek-i","9":"product_tag-target-sek-ii","10":"product_shipping_class-dvd-versand","12":"first","13":"instock","14":"taxable","15":"shipping-taxable","16":"purchasable","17":"product-type-variable"},"acf":{"subtitle":"Ort der ersten Beziehung","article_id":"4673649 \/ 5562338","languages":"DE","thumb_up":false,"cover_image":29320,"linked_product":"","linked_products":null,"banner":{"show":true,"text":"","color":""},"length":"18:29 min","content_movie":"Im ausf\u00fchrlichen Datenteil der DVD 84 Seiten Unterrichts- und Begleitmaterial, davon:\r\n18 Seiten Arbeitsbl\u00e4tter mit L\u00f6sungen!\r\n20 Testaufgaben!\r\n7\u00a0\u00a0 Seiten erg\u00e4nzendes Unterrichtsmaterial mit L\u00f6sungen!\r\n5\u00a0\u00a0 Arbeitsbl\u00e4tter f\u00fcr interaktive Whiteboards!\r\n5\u00a0\u00a0 MasterTool-Folien!","learning_goals":"","preview_gif":"","trailer":{"file":"","url":"","image":5486},"mediathek_id":"","amount":"","demo_url":"","h5p_demo_id":"","content_interactive":"","hide_numbers":false,"flyer":"","info_columns":null},"_links":{"self":[{"href":"https:\/\/www.medienlb.com\/en\/wp-json\/wp\/v2\/product\/5480","targetHints":{"allow":["GET"]}}],"collection":[{"href":"https:\/\/www.medienlb.com\/en\/wp-json\/wp\/v2\/product"}],"about":[{"href":"https:\/\/www.medienlb.com\/en\/wp-json\/wp\/v2\/types\/product"}],"wp:featuredmedia":[{"embeddable":true,"href":"https:\/\/www.medienlb.com\/en\/wp-json\/wp\/v2\/media\/5478"}],"wp:attachment":[{"href":"https:\/\/www.medienlb.com\/en\/wp-json\/wp\/v2\/media?parent=5480"}],"wp:term":[{"taxonomy":"product_brand","embeddable":true,"href":"https:\/\/www.medienlb.com\/en\/wp-json\/wp\/v2\/product_brand?post=5480"},{"taxonomy":"product_cat","embeddable":true,"href":"https:\/\/www.medienlb.com\/en\/wp-json\/wp\/v2\/product_cat?post=5480"},{"taxonomy":"product_tag","embeddable":true,"href":"https:\/\/www.medienlb.com\/en\/wp-json\/wp\/v2\/product_tag?post=5480"}],"curies":[{"name":"wp","href":"https:\/\/api.w.org\/{rel}","templated":true}]}}