{"id":5338,"date":"2023-12-20T18:05:17","date_gmt":"2023-12-20T18:05:17","guid":{"rendered":"https:\/\/medienlb.com\/produkt\/kraeuterdrogen\/"},"modified":"2025-02-07T14:54:09","modified_gmt":"2025-02-07T14:54:09","slug":"kraeuterdrogen","status":"publish","type":"product","link":"https:\/\/www.medienlb.com\/en\/produkt\/kraeuterdrogen\/","title":{"rendered":"Kr\u00e4uterdrogen"},"content":{"rendered":"<p>Sie bekommen minutenlange Lachflashs, haben ihre Bewegungen nicht mehr unter Kontrolle oder rennen ziellos durch die Gegend. Internetvideos zeigen, was die sogenannten Legal Highs mit Jugendlichen anstellen.<br \/>\nDer Film berichtet vom 17-j\u00e4hrigen Tobias, der einen regelrechten H\u00f6llentrip erlebte, nachdem er im Wald mit Freunden Kr\u00e4utermischungen in einer Wasserpfeife geraucht hat. Spa\u00df haben und entspannen. Dieser Wunsch wurde Tobias fast zum Verh\u00e4ngnis.<br \/>\nDie Bezeichnungen Badesalze oder Kr\u00e4utermischungen wirken harmlos. In Wahrheit sind es aber gef\u00e4hrliche, mit synthetischen Drogen versetzte Rauschmittel, die leider ganz leicht \u00fcber das Internet bestellt werden k\u00f6nnen. Die oft jugendlichen Konsumenten wissen gar nicht, was sie da zu sich nehmen, woher die Mischung kommt und wer sie zusammengemischt hat. Die Mischungen in den T\u00fctchen variieren so stark, dass eine kontrollierte Dosierung kaum m\u00f6glich ist. Laut Experten kann die Wirkung bis zu 300-mal st\u00e4rker sein als z. B. bei Cannabis.<br \/>\nGemeinsam mit dem Unterrichtsmaterial ist der Film sehr gut f\u00fcr den Einsatz im Schulunterricht geeignet.<\/p>\n","protected":false},"excerpt":{"rendered":"<p>Sie bekommen minutenlange Lachflashs, haben ihre Bewegungen nicht mehr unter Kontrolle oder rennen ziellos durch die Gegend. Internetvideos zeigen, was die sogenannten Legal Highs mit Jugendlichen anstellen.<\/p>\n","protected":false},"featured_media":5336,"template":"","meta":{"_acf_changed":false},"product_brand":[],"product_cat":[70],"product_tag":[87,77,125,127],"class_list":{"0":"post-5338","1":"product","2":"type-product","3":"status-publish","4":"has-post-thumbnail","6":"product_cat-film","7":"product_tag-subject-biologie","8":"product_tag-subject-gesellschaft","9":"product_tag-target-sek-i","10":"product_tag-target-sek-ii","11":"product_shipping_class-dvd-versand","13":"first","14":"instock","15":"taxable","16":"shipping-taxable","17":"purchasable","18":"product-type-variable"},"acf":{"subtitle":"Oft legal, aber gef\u00e4hrlich","article_id":"4675546 \/ 5563694","languages":"DE","thumb_up":true,"cover_image":29340,"linked_product":"","linked_products":null,"banner":{"show":true,"text":"","color":""},"length":"11:04 min","content_movie":"Im ausf\u00fchrlichen Datenteil der DVD 85 Seiten Unterrichts- und Begleitmaterial, davon:\r\n18 Seiten Arbeitsbl\u00e4tter mit L\u00f6sungen!\r\n18 Testaufgaben\r\n4 Seiten erg\u00e4nzendes Unterrichtsmaterial mit L\u00f6sungen!\r\n5 Arbeitsbl\u00e4tter f\u00fcr interaktive Whiteboards!\r\n5 Master Tool Folien","learning_goals":"","preview_gif":5335,"trailer":{"file":"","url":"https:\/\/www.lehrmediathek.de\/trailer\/Kraeuterdrogen_Trailer.mp4","image":5344},"mediathek_id":417,"amount":"","demo_url":"","h5p_demo_id":"","content_interactive":"","hide_numbers":false,"flyer":"","info_columns":null},"_links":{"self":[{"href":"https:\/\/www.medienlb.com\/en\/wp-json\/wp\/v2\/product\/5338","targetHints":{"allow":["GET"]}}],"collection":[{"href":"https:\/\/www.medienlb.com\/en\/wp-json\/wp\/v2\/product"}],"about":[{"href":"https:\/\/www.medienlb.com\/en\/wp-json\/wp\/v2\/types\/product"}],"wp:featuredmedia":[{"embeddable":true,"href":"https:\/\/www.medienlb.com\/en\/wp-json\/wp\/v2\/media\/5336"}],"wp:attachment":[{"href":"https:\/\/www.medienlb.com\/en\/wp-json\/wp\/v2\/media?parent=5338"}],"wp:term":[{"taxonomy":"product_brand","embeddable":true,"href":"https:\/\/www.medienlb.com\/en\/wp-json\/wp\/v2\/product_brand?post=5338"},{"taxonomy":"product_cat","embeddable":true,"href":"https:\/\/www.medienlb.com\/en\/wp-json\/wp\/v2\/product_cat?post=5338"},{"taxonomy":"product_tag","embeddable":true,"href":"https:\/\/www.medienlb.com\/en\/wp-json\/wp\/v2\/product_tag?post=5338"}],"curies":[{"name":"wp","href":"https:\/\/api.w.org\/{rel}","templated":true}]}}