{"id":5276,"date":"2023-12-20T18:05:17","date_gmt":"2023-12-20T18:05:17","guid":{"rendered":"https:\/\/medienlb.com\/produkt\/altersarmut\/"},"modified":"2025-02-07T14:54:35","modified_gmt":"2025-02-07T14:54:35","slug":"altersarmut","status":"publish","type":"product","link":"https:\/\/www.medienlb.com\/en\/produkt\/altersarmut\/","title":{"rendered":"Altersarmut"},"content":{"rendered":"<p>Innerhalb von 52 Jahren hat sich in der Bundesrepublik das Verh\u00e4ltnis von Beitragszahlern f\u00fcr die Rente zu den bestehenden Rentnern um den Faktor 3 verschlechtert. Sind 1962 noch 6 Erwerbst\u00e4tige f\u00fcr die Rentenzahlung eines Rentners aufkommen, so mussten 2014 zwei Erwerbst\u00e4tige f\u00fcr die Rentenzahlung von einem Rentner aufkommen. Die Altersarmut in Deutschland steigt. Denn nur wer 40 Jahre ohne Unterbrechung mindestens 2.100 \u20ac verdient hat, bekommt als Rente mehr als den Hartz-IV-Satz ausgezahlt. Besch\u00e4ftige im Niedriglohnsektor oder in Teilzeit k\u00f6nnen selbst nach 45 Jahren Arbeit nicht von ihrer Rente leben. Vielen Rentnern bleibt nur der entw\u00fcrdigende Weg zum Arbeitsamt.<\/p>\n<p>Die Rentner k\u00f6nnen an ihrer Situation nichts mehr \u00e4ndern. Junge Menschen jedoch k\u00f6nnen mit einem kleinen investierten Betrag pro Monat \u00fcber mehrere Jahrzehnte hinweg zus\u00e4tzlich zur staatlichen Rente ein beruhigendes finanzielles Polster aufbauen.<\/p>\n<p>Gemeinsam mit dem umfangreichen Unterrichtsmaterial (klassische und interaktive Arbeitsbl\u00e4tter, Testaufgaben, Lehrtexte etc.) ist der Film sehr gut f\u00fcr den Einsatz im Unterricht geeignet.<\/p>\n<p>&nbsp;<\/p>\n","protected":false},"excerpt":{"rendered":"<p>Innerhalb von 52 Jahren hat sich in der Bundesrepublik das Verh\u00e4ltnis von Beitragszahlern f\u00fcr die Rente zu den bestehenden Rentnern um den Faktor 3 verschlechtert. Sind 1962 noch 6 Erwerbst\u00e4tige f\u00fcr die Rentenzahlung eines Rentners aufkommen, so mussten 2014 zwei Erwerbst\u00e4tige f\u00fcr die Rentenzahlung von einem Rentner aufkommen. Die Altersarmut in Deutschland steigt. Denn nur wer 40 Jahre ohne Unterbrechung mindestens 2.100 \u20ac verdient hat, bekommt als Rente mehr als den Hartz-IV-Satz ausgezahlt. Besch\u00e4ftige im Niedriglohnsektor oder in Teilzeit k\u00f6nnen selbst nach 45 Jahren Arbeit nicht von ihrer Rente leben. Vielen Rentnern bleibt nur der entw\u00fcrdigende Weg zum Arbeitsamt.<\/p>\n","protected":false},"featured_media":5274,"template":"","meta":{"_acf_changed":false},"product_brand":[],"product_cat":[70],"product_tag":[77,125,127],"class_list":{"0":"post-5276","1":"product","2":"type-product","3":"status-publish","4":"has-post-thumbnail","6":"product_cat-film","7":"product_tag-subject-gesellschaft","8":"product_tag-target-sek-i","9":"product_tag-target-sek-ii","10":"product_shipping_class-dvd-versand","12":"first","13":"instock","14":"taxable","15":"shipping-taxable","16":"purchasable","17":"product-type-variable"},"acf":{"subtitle":"Jeder muss vorsorgen","article_id":"4677313 \/ 5564521","languages":"DE","thumb_up":false,"cover_image":29350,"linked_product":"","linked_products":null,"banner":{"show":true,"text":"","color":""},"length":"18:31 min","content_movie":"Im ausf\u00fchrlichen Datenteil der DVD 97\u00a0Seiten Unterrichts- und Begleitmaterial, davon:\r\n37 Seiten Arbeitsbl\u00e4tter und Erg\u00e4nzungen mit L\u00f6sungen!\r\n20 Testaufgaben\r\n5 Arbeitsbl\u00e4tter f\u00fcr interaktive Whiteboards!\r\n5 Master Tool Folien","learning_goals":"","preview_gif":5273,"trailer":{"file":"","url":"https:\/\/www.lehrmediathek.de\/trailer\/trailer_altersarmut.mp4","image":5282},"mediathek_id":472,"amount":"","demo_url":"","h5p_demo_id":"","content_interactive":"","hide_numbers":false,"flyer":"","info_columns":null},"_links":{"self":[{"href":"https:\/\/www.medienlb.com\/en\/wp-json\/wp\/v2\/product\/5276","targetHints":{"allow":["GET"]}}],"collection":[{"href":"https:\/\/www.medienlb.com\/en\/wp-json\/wp\/v2\/product"}],"about":[{"href":"https:\/\/www.medienlb.com\/en\/wp-json\/wp\/v2\/types\/product"}],"wp:featuredmedia":[{"embeddable":true,"href":"https:\/\/www.medienlb.com\/en\/wp-json\/wp\/v2\/media\/5274"}],"wp:attachment":[{"href":"https:\/\/www.medienlb.com\/en\/wp-json\/wp\/v2\/media?parent=5276"}],"wp:term":[{"taxonomy":"product_brand","embeddable":true,"href":"https:\/\/www.medienlb.com\/en\/wp-json\/wp\/v2\/product_brand?post=5276"},{"taxonomy":"product_cat","embeddable":true,"href":"https:\/\/www.medienlb.com\/en\/wp-json\/wp\/v2\/product_cat?post=5276"},{"taxonomy":"product_tag","embeddable":true,"href":"https:\/\/www.medienlb.com\/en\/wp-json\/wp\/v2\/product_tag?post=5276"}],"curies":[{"name":"wp","href":"https:\/\/api.w.org\/{rel}","templated":true}]}}