{"id":5249,"date":"2023-12-20T18:05:17","date_gmt":"2023-12-20T18:05:17","guid":{"rendered":"https:\/\/medienlb.com\/produkt\/soziale-medien\/"},"modified":"2025-06-26T08:11:14","modified_gmt":"2025-06-26T08:11:14","slug":"soziale-medien","status":"publish","type":"product","link":"https:\/\/www.medienlb.com\/en\/produkt\/soziale-medien\/","title":{"rendered":"Soziale Medien"},"content":{"rendered":"<p>Ein neuartiges Ph\u00e4nomen ist in den sozialen Netzwerken zu beobachten \u2013 das demonstrative Zurschaustellen des Reichtums der Eltern.<br \/>\nPlattformen wie die \u201eRich Kids of Instagram\u201c haben Hunderttausende Abonnenten.<br \/>\nDie Jugendlichen einfach zug\u00e4ngliche Reportage stellt in kontroverser Form drei \u201eRich Kids\u201c vor und l\u00e4sst Psychologen und Eltern zu Wort kommen.<br \/>\nF\u00fcr den Unterricht ist er als Diskussions- und Gespr\u00e4chsanlass hervorragend geeignet, das Begleitmaterial legt einen besonderen Schwerpunkt auf das Verhalten in sozialen Medien und auf die Ungleichverteilung von Wohlstand und Chancen. Ein weiterer Schwerpunkt liegt auf den M\u00f6glichkeiten und Methoden filmischer Wertung \u2013 die entsprechenden Beobachtungs- und Beurteilungsauftr\u00e4ge finden sich sowohl in den klassischen als auch den interaktiven Arbeitsbl\u00e4ttern.<\/p>\n<p>In Verbindung mit dem umfangreichen Zusatzmaterial (klassische und interaktive Arbeitsbl\u00e4tter, Glossar, kommentierte Linkliste) ist die vorliegende DVD hervorragend im Sozialkunde -, Religions-, Ethik-, Wirtschafts- und Deutschunterricht einzusetzen.<\/p>\n","protected":false},"excerpt":{"rendered":"<p>Ein neuartiges Ph\u00e4nomen ist in den sozialen Netzwerken zu beobachten \u2013 das demonstrative Zurschaustellen des Reichtums der Eltern.<\/p>\n","protected":false},"featured_media":5247,"template":"","meta":{"_acf_changed":false},"product_brand":[],"product_cat":[70],"product_tag":[77,111,125,127],"class_list":{"0":"post-5249","1":"product","2":"type-product","3":"status-publish","4":"has-post-thumbnail","6":"product_cat-film","7":"product_tag-subject-gesellschaft","8":"product_tag-subject-medienbildung","9":"product_tag-target-sek-i","10":"product_tag-target-sek-ii","11":"product_shipping_class-dvd-versand","13":"first","14":"instock","15":"taxable","16":"shipping-taxable","17":"purchasable","18":"product-type-variable"},"acf":{"subtitle":"Selbstdarstellung der Rich Kids","article_id":"4678986 \/ 5565749","languages":"DE","thumb_up":true,"cover_image":29354,"linked_product":[],"linked_products":null,"banner":{"show":true,"text":"","color":""},"length":"11:59 min","content_movie":"Im ausf\u00fchrlichen Datenteil der DVD 79 Seiten Unterrichts- und Begleitmaterial, davon:\r\n54 Seiten Arbeitsbl\u00e4tter und Erg\u00e4nzungen mit L\u00f6sungen!\r\n12 Testaufgaben\r\n8 Arbeitsbl\u00e4tter f\u00fcr interaktive Whiteboards!\r\n5 Master Tool Folien","learning_goals":"","preview_gif":5246,"trailer":{"file":"","url":"https:\/\/www.lehrmediathek.de\/trailer\/Trailer_Soziale_Medien.mp4","image":5255},"mediathek_id":"","amount":"","demo_url":"","h5p_demo_id":"","content_interactive":"","hide_numbers":false,"flyer":"","info_columns":null},"_links":{"self":[{"href":"https:\/\/www.medienlb.com\/en\/wp-json\/wp\/v2\/product\/5249","targetHints":{"allow":["GET"]}}],"collection":[{"href":"https:\/\/www.medienlb.com\/en\/wp-json\/wp\/v2\/product"}],"about":[{"href":"https:\/\/www.medienlb.com\/en\/wp-json\/wp\/v2\/types\/product"}],"wp:featuredmedia":[{"embeddable":true,"href":"https:\/\/www.medienlb.com\/en\/wp-json\/wp\/v2\/media\/5247"}],"wp:attachment":[{"href":"https:\/\/www.medienlb.com\/en\/wp-json\/wp\/v2\/media?parent=5249"}],"wp:term":[{"taxonomy":"product_brand","embeddable":true,"href":"https:\/\/www.medienlb.com\/en\/wp-json\/wp\/v2\/product_brand?post=5249"},{"taxonomy":"product_cat","embeddable":true,"href":"https:\/\/www.medienlb.com\/en\/wp-json\/wp\/v2\/product_cat?post=5249"},{"taxonomy":"product_tag","embeddable":true,"href":"https:\/\/www.medienlb.com\/en\/wp-json\/wp\/v2\/product_tag?post=5249"}],"curies":[{"name":"wp","href":"https:\/\/api.w.org\/{rel}","templated":true}]}}