{"id":5222,"date":"2023-12-20T18:05:17","date_gmt":"2023-12-20T18:05:17","guid":{"rendered":"https:\/\/medienlb.com\/produkt\/tattoos-und-piercings\/"},"modified":"2025-02-07T14:54:59","modified_gmt":"2025-02-07T14:54:59","slug":"tattoos-und-piercings","status":"publish","type":"product","link":"https:\/\/www.medienlb.com\/en\/produkt\/tattoos-und-piercings\/","title":{"rendered":"Tattoos und Piercings"},"content":{"rendered":"<p>T\u00e4towierungen und Piercings sind ein jahrtausendealter K\u00f6rperschmuck.<br \/>\nDer Film geht der Geschichte der T\u00e4towierungen nach und zeigt, wie sie sich im Laufe der Jahrhunderte entwickelt haben und in welchen Gesellschaftsschichten sie zu finden sind.<br \/>\nOhrl\u00f6cher stechen ist die h\u00e4ufigste Form des Piercings. Welche hygienischen Bedingungen daf\u00fcr notwendig sind und mit welchen Techniken gearbeitet wird, zeigt der Film.<br \/>\nWelche \u00dcberlegungen man anstellen sollte, bevor man sich f\u00fcr eine T\u00e4towierung oder ein Piercing entscheidet, welche Risiken lauern, das erkl\u00e4rt ein Hautarzt ausf\u00fchrlich in Interviews.<br \/>\nIn Verbindung mit dem umfangreichen Zusatzmaterial (Arbeitsbl\u00e4tter, interaktive Aufgaben, Testfragen, Glossar) l\u00e4sst sich das Medium hervorragend im Unterricht verwenden.<br \/>\nDie interaktiven Aufgabenwurden mit H5P erstellt und sind ohne weitere Software verwendbar.<\/p>\n","protected":false},"excerpt":{"rendered":"<p>T\u00e4towierungen und Piercings sind ein jahrtausendealter K\u00f6rperschmuck.<\/p>\n","protected":false},"featured_media":5220,"template":"","meta":{"_acf_changed":false},"product_brand":[],"product_cat":[70],"product_tag":[77,125],"class_list":{"0":"post-5222","1":"product","2":"type-product","3":"status-publish","4":"has-post-thumbnail","6":"product_cat-film","7":"product_tag-subject-gesellschaft","8":"product_tag-target-sek-i","9":"product_shipping_class-dvd-versand","11":"first","12":"instock","13":"taxable","14":"shipping-taxable","15":"purchasable","16":"product-type-variable"},"acf":{"subtitle":"K\u00f6rperschmuck, Durchf\u00fchrung, Risiken","article_id":"46500936 \/ 55500692","languages":"DE","thumb_up":false,"cover_image":29358,"linked_product":"","linked_products":null,"banner":{"show":true,"text":"","color":""},"length":"19:32 min","content_movie":"Im ausf\u00fchrlichen Datenteil der DVD 81\u00a0Seiten Unterrichts- und Begleitmaterial, davon:\r\n22 Seiten Arbeitsbl\u00e4tter und Erg\u00e4nzungen mit L\u00f6sungen\r\n20 Testaufgaben\r\n5 Interaktive Aufgaben","learning_goals":"","preview_gif":5219,"trailer":{"file":"","url":"https:\/\/www.lehrmediathek.de\/trailer\/Trailer_Tattoos.mp4","image":5228},"mediathek_id":627,"amount":"","demo_url":"","h5p_demo_id":"","content_interactive":"","hide_numbers":false,"flyer":"","info_columns":null},"_links":{"self":[{"href":"https:\/\/www.medienlb.com\/en\/wp-json\/wp\/v2\/product\/5222","targetHints":{"allow":["GET"]}}],"collection":[{"href":"https:\/\/www.medienlb.com\/en\/wp-json\/wp\/v2\/product"}],"about":[{"href":"https:\/\/www.medienlb.com\/en\/wp-json\/wp\/v2\/types\/product"}],"wp:featuredmedia":[{"embeddable":true,"href":"https:\/\/www.medienlb.com\/en\/wp-json\/wp\/v2\/media\/5220"}],"wp:attachment":[{"href":"https:\/\/www.medienlb.com\/en\/wp-json\/wp\/v2\/media?parent=5222"}],"wp:term":[{"taxonomy":"product_brand","embeddable":true,"href":"https:\/\/www.medienlb.com\/en\/wp-json\/wp\/v2\/product_brand?post=5222"},{"taxonomy":"product_cat","embeddable":true,"href":"https:\/\/www.medienlb.com\/en\/wp-json\/wp\/v2\/product_cat?post=5222"},{"taxonomy":"product_tag","embeddable":true,"href":"https:\/\/www.medienlb.com\/en\/wp-json\/wp\/v2\/product_tag?post=5222"}],"curies":[{"name":"wp","href":"https:\/\/api.w.org\/{rel}","templated":true}]}}