{"id":5211,"date":"2023-12-20T18:05:17","date_gmt":"2023-12-20T18:05:17","guid":{"rendered":"https:\/\/medienlb.com\/produkt\/entwicklung-der-frauenrechte\/"},"modified":"2025-02-07T14:55:05","modified_gmt":"2025-02-07T14:55:05","slug":"entwicklung-der-frauenrechte","status":"publish","type":"product","link":"https:\/\/www.medienlb.com\/en\/produkt\/entwicklung-der-frauenrechte\/","title":{"rendered":"Entwicklung der Frauenrechte"},"content":{"rendered":"<p>M\u00e4nner und Frauen sind gleichberechtigt. Dass dieser Satz im Grundgesetz steht, ist das Ergebnis eines langen Kampfes der Frauen um gleiche Rechte.<br \/>\nDer Film geht der Entwicklung der Frauenrechte seit der Kaiserzeit nach und zeichnet deren Entwicklung bis heute nach.<br \/>\nIn Interviews mit drei Frauen aus drei Generationen werden Aspekte der tats\u00e4chlichen heutigen Gleichberechtigung, bzw. deren Fehlen beleuchtet.<br \/>\nIn Verbindung mit dem umfangreichen Zusatzmaterial (Arbeitsbl\u00e4tter, interaktive Aufgaben, Testfragen, Glossar) l\u00e4sst sich das vorliegende Medium hervorragend im Unterricht verwenden.<br \/>\nDie interaktiven Aufgaben, die Testfragen und das Glossar wurden mit H5P erstellt und k\u00f6nnen ohne weitere Software verwendet werden.<\/p>\n","protected":false},"excerpt":{"rendered":"<p>M\u00e4nner und Frauen sind gleichberechtigt. Dass dieser Satz im Grundgesetz steht, ist das Ergebnis eines langen Kampfes der Frauen um gleiche Rechte.<\/p>\n","protected":false},"featured_media":5209,"template":"","meta":{"_acf_changed":false},"product_brand":[],"product_cat":[70],"product_tag":[77,125],"class_list":{"0":"post-5211","1":"product","2":"type-product","3":"status-publish","4":"has-post-thumbnail","6":"product_cat-film","7":"product_tag-subject-gesellschaft","8":"product_tag-target-sek-i","9":"product_shipping_class-dvd-versand","11":"first","12":"instock","13":"taxable","14":"shipping-taxable","15":"purchasable","16":"product-type-variable"},"acf":{"subtitle":"Von gestern bis heute","article_id":"46500938 \/ 55500694","languages":"DE","thumb_up":true,"cover_image":29360,"linked_product":"","linked_products":null,"banner":{"show":true,"text":"","color":""},"length":"23:52 min","content_movie":"Im ausf\u00fchrlichen Datenteil der DVD 89 Seiten Unterrichts- und Begleitmaterial, davon:\r\n36 Seiten Arbeitsbl\u00e4tter und Erg\u00e4nzungen mit L\u00f6sungen\r\n20 Testaufgaben\r\n5 Interaktive Aufgaben","learning_goals":"","preview_gif":5208,"trailer":{"file":"","url":"https:\/\/www.lehrmediathek.de\/trailer\/Trailer_Frauenrechte.mp4","image":5217},"mediathek_id":636,"amount":"","demo_url":"","h5p_demo_id":"","content_interactive":"","hide_numbers":false,"flyer":"","info_columns":null},"_links":{"self":[{"href":"https:\/\/www.medienlb.com\/en\/wp-json\/wp\/v2\/product\/5211","targetHints":{"allow":["GET"]}}],"collection":[{"href":"https:\/\/www.medienlb.com\/en\/wp-json\/wp\/v2\/product"}],"about":[{"href":"https:\/\/www.medienlb.com\/en\/wp-json\/wp\/v2\/types\/product"}],"wp:featuredmedia":[{"embeddable":true,"href":"https:\/\/www.medienlb.com\/en\/wp-json\/wp\/v2\/media\/5209"}],"wp:attachment":[{"href":"https:\/\/www.medienlb.com\/en\/wp-json\/wp\/v2\/media?parent=5211"}],"wp:term":[{"taxonomy":"product_brand","embeddable":true,"href":"https:\/\/www.medienlb.com\/en\/wp-json\/wp\/v2\/product_brand?post=5211"},{"taxonomy":"product_cat","embeddable":true,"href":"https:\/\/www.medienlb.com\/en\/wp-json\/wp\/v2\/product_cat?post=5211"},{"taxonomy":"product_tag","embeddable":true,"href":"https:\/\/www.medienlb.com\/en\/wp-json\/wp\/v2\/product_tag?post=5211"}],"curies":[{"name":"wp","href":"https:\/\/api.w.org\/{rel}","templated":true}]}}