{"id":5189,"date":"2023-12-20T18:05:17","date_gmt":"2023-12-20T18:05:17","guid":{"rendered":"https:\/\/medienlb.com\/produkt\/adhs\/"},"modified":"2025-02-07T14:55:15","modified_gmt":"2025-02-07T14:55:15","slug":"adhs","status":"publish","type":"product","link":"https:\/\/www.medienlb.com\/en\/produkt\/adhs\/","title":{"rendered":"ADHS"},"content":{"rendered":"<p>Die ADHS, die Aufmerksamkeitsdefizit-\/Hyperaktivit\u00e4tsst\u00f6rung geh\u00f6rt zur\u00a0Gruppe der St\u00f6rungen von Verhalten und Emotionen. Wissenschaftler gehen davon aus, dass in jeder Klasse zwei bis drei Betroffene sitzen.<br \/>\nDer Film geht in Interviews mit Experten der Frage nach, wie sich diese St\u00f6rung der Aufmerksamkeit manifestiert und welche Therapieans\u00e4tze Erfolg\u00a0versprechen.<br \/>\nF\u00fcr Lehrerinnen und Lehrer ist dieser Film besonders geeignet, sch\u00e4rft er doch die Sensibilit\u00e4t f\u00fcr diese St\u00f6rung und zeigt Methoden mit\u00a0den Verhaltensauff\u00e4lligkeiten umzugehen.<br \/>\nEr weckt Verst\u00e4ndnis bei Sch\u00fclerinnen und Sch\u00fclern f\u00fcr die Betroffenen und zeigt ganzheitliche Ans\u00e4tze auf, wie in einem gemeinsamen Ansatz von Familie, Lehrkr\u00e4ften und dem Betroffenen selbst eine wirksame Therapie erfolgen kann.<br \/>\nIn Verbindung mit dem Begleitmaterial l\u00e4sst sich das Medium hervorragend im Unterricht verwenden.<br \/>\n\u201eADHS &#8211; Aufmerksamkeitsdefizit-\/Hyperaktivit\u00e4tsst\u00f6rung\u201c wird im Rahmen der Selbsthilfef\u00f6rderung nach \u00a7 20 h Sozialgesetzbuch V finanziert durch die BARMER. F\u00fcr die Inhalte und Gestaltung ist der ADHS Deutschland e.V. verantwortlich.<\/p>\n","protected":false},"excerpt":{"rendered":"<p>Die ADHS, die Aufmerksamkeitsdefizit-\/Hyperaktivit\u00e4tsst\u00f6rung geh\u00f6rt zur\u00a0Gruppe der St\u00f6rungen von Verhalten und Emotionen. Wissenschaftler gehen davon aus, dass in jeder Klasse zwei bis drei Betroffene sitzen.<\/p>\n","protected":false},"featured_media":5187,"template":"","meta":{"_acf_changed":false},"product_brand":[],"product_cat":[70],"product_tag":[77,125],"class_list":{"0":"post-5189","1":"product","2":"type-product","3":"status-publish","4":"has-post-thumbnail","6":"product_cat-film","7":"product_tag-subject-gesellschaft","8":"product_tag-target-sek-i","9":"product_shipping_class-dvd-versand","11":"first","12":"instock","13":"taxable","14":"shipping-taxable","15":"purchasable","16":"product-type-variable"},"acf":{"subtitle":"Aufmerksamkeitsdefizit-\/Hyperaktivit\u00e4tsst\u00f6rung","article_id":"46500918 \/ 55500674","languages":"DE, EN, TR","thumb_up":false,"cover_image":29364,"linked_product":"","linked_products":null,"banner":{"show":true,"text":"","color":""},"length":"27:04 min","content_movie":"Im ausf\u00fchrlichen Datenteil der DVD 78 Seiten Unterrichts- und Begleitmaterial, davon:\r\n29 Seiten Arbeitsbl\u00e4tter und Erg\u00e4nzungen mit L\u00f6sungen\r\n7 Interaktive Aufgaben","learning_goals":"","preview_gif":5186,"trailer":{"file":"","url":"https:\/\/www.lehrmediathek.de\/trailer\/Trailer_ADHS.mp4","image":5195},"mediathek_id":644,"amount":"","demo_url":"","h5p_demo_id":"","content_interactive":"","hide_numbers":false,"flyer":"","info_columns":null},"_links":{"self":[{"href":"https:\/\/www.medienlb.com\/en\/wp-json\/wp\/v2\/product\/5189","targetHints":{"allow":["GET"]}}],"collection":[{"href":"https:\/\/www.medienlb.com\/en\/wp-json\/wp\/v2\/product"}],"about":[{"href":"https:\/\/www.medienlb.com\/en\/wp-json\/wp\/v2\/types\/product"}],"wp:featuredmedia":[{"embeddable":true,"href":"https:\/\/www.medienlb.com\/en\/wp-json\/wp\/v2\/media\/5187"}],"wp:attachment":[{"href":"https:\/\/www.medienlb.com\/en\/wp-json\/wp\/v2\/media?parent=5189"}],"wp:term":[{"taxonomy":"product_brand","embeddable":true,"href":"https:\/\/www.medienlb.com\/en\/wp-json\/wp\/v2\/product_brand?post=5189"},{"taxonomy":"product_cat","embeddable":true,"href":"https:\/\/www.medienlb.com\/en\/wp-json\/wp\/v2\/product_cat?post=5189"},{"taxonomy":"product_tag","embeddable":true,"href":"https:\/\/www.medienlb.com\/en\/wp-json\/wp\/v2\/product_tag?post=5189"}],"curies":[{"name":"wp","href":"https:\/\/api.w.org\/{rel}","templated":true}]}}