{"id":5178,"date":"2023-12-20T18:05:17","date_gmt":"2023-12-20T18:05:17","guid":{"rendered":"https:\/\/medienlb.com\/produkt\/massentierhaltung\/"},"modified":"2025-02-07T14:55:20","modified_gmt":"2025-02-07T14:55:20","slug":"massentierhaltung","status":"publish","type":"product","link":"https:\/\/www.medienlb.com\/en\/produkt\/massentierhaltung\/","title":{"rendered":"Massentierhaltung"},"content":{"rendered":"<p>Ein Kilogramm H\u00fchnerschenkel f\u00fcr 99 Cent \u2013 dieser Preis l\u00e4sst sich nur erreichen, wenn die Herstellungskosten massiv niedrig gehalten werden. Der Film geht der Frage nach, unter welchen Bedingungen Tiere f\u00fcr die industrielle Verwertung gehalten werden. Welche M\u00f6glichkeiten die Verbraucherinnen und Verbraucher haben, auf diese Bedingungen Einfluss zu nehmen, ist der Inhalt eines eigenen Kapitels.<br \/>\nIn Interviews mit der Bundeslandwirtschaftsministerin Julia Kl\u00f6ckner werden M\u00f6glichkeiten des Staates er\u00f6rtert, auf die Haltungsbedingungen Einfluss zu nehmen. Ein Schweizer Tierrechtsanwalt zeigt M\u00f6glichkeiten auf, Tieren juristisch Geh\u00f6r zu verschaffen.<br \/>\nIn Verbindung mit dem umfangreichen Zusatzmaterial (Arbeitsbl\u00e4tter, Testfragen, interaktive Aufgaben) l\u00e4sst sich das Medium hervorragend im Unterricht verwenden.<br \/>\nDie interaktiven Aufgaben, die Testfragen und das Glossar wurden mit H5P erstellt und k\u00f6nnen ohne weitere Software verwendet werden.<\/p>\n","protected":false},"excerpt":{"rendered":"<p>Ein Kilogramm H\u00fchnerschenkel f\u00fcr 99 Cent \u2013 dieser Preis l\u00e4sst sich nur erreichen, wenn die Herstellungskosten massiv niedrig gehalten werden. Der Film geht der Frage nach, unter welchen Bedingungen Tiere f\u00fcr die industrielle Verwertung gehalten werden. Welche M\u00f6glichkeiten die Verbraucherinnen und Verbraucher haben, auf diese Bedingungen Einfluss zu nehmen, ist der Inhalt eines eigenen Kapitels.<\/p>\n","protected":false},"featured_media":5176,"template":"","meta":{"_acf_changed":false},"product_brand":[],"product_cat":[70],"product_tag":[77,125],"class_list":{"0":"post-5178","1":"product","2":"type-product","3":"status-publish","4":"has-post-thumbnail","6":"product_cat-film","7":"product_tag-subject-gesellschaft","8":"product_tag-target-sek-i","9":"product_shipping_class-dvd-versand","11":"first","12":"instock","13":"taxable","14":"shipping-taxable","15":"purchasable","16":"product-type-variable"},"acf":{"subtitle":"Einfluss der Konsumenten","article_id":"46502036 \/ 55501640","languages":"DE","thumb_up":true,"cover_image":29366,"linked_product":5036,"linked_products":null,"banner":{"show":true,"text":"","color":""},"length":"14:49 min","content_movie":"Im ausf\u00fchrlichen Datenteil der DVD 70 Seiten Unterrichts- und Begleitmaterial, davon:\r\n18 Seiten Arbeitsbl\u00e4tter und Erg\u00e4nzungen mit L\u00f6sungen\r\n20 Testaufgaben\r\n12 Interaktive Aufgaben","learning_goals":"","preview_gif":5175,"trailer":{"file":"","url":"https:\/\/www.lehrmediathek.de\/trailer\/Massentierhaltung_Trailer.mp4","image":5184},"mediathek_id":649,"amount":"","demo_url":"","h5p_demo_id":"","content_interactive":"","hide_numbers":false,"flyer":"","info_columns":null},"_links":{"self":[{"href":"https:\/\/www.medienlb.com\/en\/wp-json\/wp\/v2\/product\/5178","targetHints":{"allow":["GET"]}}],"collection":[{"href":"https:\/\/www.medienlb.com\/en\/wp-json\/wp\/v2\/product"}],"about":[{"href":"https:\/\/www.medienlb.com\/en\/wp-json\/wp\/v2\/types\/product"}],"acf:post":[{"embeddable":true,"href":"https:\/\/www.medienlb.com\/en\/wp-json\/wp\/v2\/product\/5036"}],"wp:featuredmedia":[{"embeddable":true,"href":"https:\/\/www.medienlb.com\/en\/wp-json\/wp\/v2\/media\/5176"}],"wp:attachment":[{"href":"https:\/\/www.medienlb.com\/en\/wp-json\/wp\/v2\/media?parent=5178"}],"wp:term":[{"taxonomy":"product_brand","embeddable":true,"href":"https:\/\/www.medienlb.com\/en\/wp-json\/wp\/v2\/product_brand?post=5178"},{"taxonomy":"product_cat","embeddable":true,"href":"https:\/\/www.medienlb.com\/en\/wp-json\/wp\/v2\/product_cat?post=5178"},{"taxonomy":"product_tag","embeddable":true,"href":"https:\/\/www.medienlb.com\/en\/wp-json\/wp\/v2\/product_tag?post=5178"}],"curies":[{"name":"wp","href":"https:\/\/api.w.org\/{rel}","templated":true}]}}