{"id":5167,"date":"2023-12-20T18:05:17","date_gmt":"2023-12-20T18:05:17","guid":{"rendered":"https:\/\/medienlb.com\/produkt\/plastik-in-unserem-alltag\/"},"modified":"2025-02-07T14:55:26","modified_gmt":"2025-02-07T14:55:26","slug":"plastik-in-unserem-alltag","status":"publish","type":"product","link":"https:\/\/www.medienlb.com\/en\/produkt\/plastik-in-unserem-alltag\/","title":{"rendered":"Plastik in unserem Alltag"},"content":{"rendered":"<p>Plastik hat sich in den vergangenen Jahrzehnten in unserer Umgebung stark ausgebreitet. So stark, dass wir es mit der Nahrung aufnehmen und es sich bereits im Urin von Kindergartenkindern nachweisen l\u00e4sst.<br \/>\nWie sich die Werte des K\u00f6rpers ver\u00e4ndern, wenn man gezielt in Plastik verpackte Nahrung zu sich nimmt, sich mit plastikhaltigen K\u00f6rperpflegeprodukten eincremt und Polyesterkleidung tr\u00e4gt, das zeigt Jenke von Wilmersdorff im Jenke-Experiment.<br \/>\nZahlreiche Arbeitsbl\u00e4tter und interaktive Aufgaben machen den aus dem Fernsehen bekannten, aufw\u00e4ndig produzierten Film direkt f\u00fcr den Unterricht verwendbar. Die Sch\u00fclerinnen und Sch\u00fcler erhalten wertvolle Denkanst\u00f6\u00dfe, wie der Plastikkonsum eingeschr\u00e4nkt werden kann.<br \/>\nDie interaktiven Aufgaben, das Glossar und die Testaufgaben wurden mit H5P erstellt und k\u00f6nnen ohne weitere Software verwendet werden.<\/p>\n","protected":false},"excerpt":{"rendered":"<p>Plastik hat sich in den vergangenen Jahrzehnten in unserer Umgebung stark ausgebreitet. So stark, dass wir es mit der Nahrung aufnehmen und es sich bereits im Urin von Kindergartenkindern nachweisen l\u00e4sst.<\/p>\n","protected":false},"featured_media":5165,"template":"","meta":{"_acf_changed":false},"product_brand":[],"product_cat":[70],"product_tag":[77,125],"class_list":{"0":"post-5167","1":"product","2":"type-product","3":"status-publish","4":"has-post-thumbnail","6":"product_cat-film","7":"product_tag-subject-gesellschaft","8":"product_tag-target-sek-i","9":"product_shipping_class-dvd-versand","11":"first","12":"instock","13":"taxable","14":"shipping-taxable","15":"purchasable","16":"product-type-variable"},"acf":{"subtitle":"K\u00f6rper, Meer, Recycling","article_id":"46502192 \/ 55501849","languages":"DE","thumb_up":true,"cover_image":29368,"linked_product":"","linked_products":null,"banner":{"show":true,"text":"","color":""},"length":"1:29:06 min","content_movie":"Im ausf\u00fchrlichen Datenteil der DVD 124 Seiten Unterrichts- und Begleitmaterial, davon:\r\n51 Seiten Arbeitsbl\u00e4tter und Erg\u00e4nzungen mit L\u00f6sungen\r\n20 Testaufgaben\r\n12 Interaktive Aufgaben","learning_goals":"","preview_gif":5164,"trailer":{"file":"","url":"https:\/\/www.lehrmediathek.de\/trailer\/Trailer_Plastik-Jenke.mp4","image":5173},"mediathek_id":"","amount":"","demo_url":"","h5p_demo_id":"","content_interactive":"","hide_numbers":false,"flyer":"","info_columns":null},"_links":{"self":[{"href":"https:\/\/www.medienlb.com\/en\/wp-json\/wp\/v2\/product\/5167","targetHints":{"allow":["GET"]}}],"collection":[{"href":"https:\/\/www.medienlb.com\/en\/wp-json\/wp\/v2\/product"}],"about":[{"href":"https:\/\/www.medienlb.com\/en\/wp-json\/wp\/v2\/types\/product"}],"wp:featuredmedia":[{"embeddable":true,"href":"https:\/\/www.medienlb.com\/en\/wp-json\/wp\/v2\/media\/5165"}],"wp:attachment":[{"href":"https:\/\/www.medienlb.com\/en\/wp-json\/wp\/v2\/media?parent=5167"}],"wp:term":[{"taxonomy":"product_brand","embeddable":true,"href":"https:\/\/www.medienlb.com\/en\/wp-json\/wp\/v2\/product_brand?post=5167"},{"taxonomy":"product_cat","embeddable":true,"href":"https:\/\/www.medienlb.com\/en\/wp-json\/wp\/v2\/product_cat?post=5167"},{"taxonomy":"product_tag","embeddable":true,"href":"https:\/\/www.medienlb.com\/en\/wp-json\/wp\/v2\/product_tag?post=5167"}],"curies":[{"name":"wp","href":"https:\/\/api.w.org\/{rel}","templated":true}]}}