{"id":5156,"date":"2023-12-20T18:05:17","date_gmt":"2023-12-20T18:05:17","guid":{"rendered":"https:\/\/medienlb.com\/produkt\/geschlechteridentitaet\/"},"modified":"2025-02-07T14:55:31","modified_gmt":"2025-02-07T14:55:31","slug":"geschlechteridentitaet","status":"publish","type":"product","link":"https:\/\/www.medienlb.com\/en\/produkt\/geschlechteridentitaet\/","title":{"rendered":"Geschlechteridentit\u00e4t"},"content":{"rendered":"<p>Teil des Erwachsenwerdens ist es, seine eigene Identit\u00e4t zu finden. F\u00fcr manche wird diese Identit\u00e4tsfindung erschwert, weil das k\u00f6rperliche Geschlecht nicht mit dem empfundenen Geschlecht \u00fcbereinstimmt.<br \/>\nDer Film wirft einen Blick auf heutige und historische Rollenbilder und das Verh\u00e4ltnis zu transidenten Menschen in anderen Kulturen. Er erkl\u00e4rt, was Transidentit\u00e4t ist und warum es wichtig ist, dar\u00fcber zu informieren und \u00fcber Vorurteile aufzukl\u00e4ren.<br \/>\nDen Abschluss bilden drei pers\u00f6nliche Erfahrungsberichte von transidenten Menschen, die offen \u00fcber ihre Erlebnisse und die Reaktionen ihrer Umwelt sprechen.<br \/>\nIn Verbindung mit dem Zusatzmaterial (Arbeitsbl\u00e4tter, interaktive Aufgaben, Testfragen, Glossar) l\u00e4sst sich das Medium hervorragend im Unterricht verwenden.<br \/>\nDie interaktiven Aufgaben wurden mit H5P erstellt und k\u00f6nnen ohne weitere Software verwendet werden.<\/p>\n","protected":false},"excerpt":{"rendered":"<p>Teil des Erwachsenwerdens ist es, seine eigene Identit\u00e4t zu finden. F\u00fcr manche wird diese Identit\u00e4tsfindung erschwert, weil das k\u00f6rperliche Geschlecht nicht mit dem empfundenen Geschlecht \u00fcbereinstimmt.<\/p>\n","protected":false},"featured_media":5154,"template":"","meta":{"_acf_changed":false},"product_brand":[],"product_cat":[70],"product_tag":[77,125,127],"class_list":{"0":"post-5156","1":"product","2":"type-product","3":"status-publish","4":"has-post-thumbnail","6":"product_cat-film","7":"product_tag-subject-gesellschaft","8":"product_tag-target-sek-i","9":"product_tag-target-sek-ii","10":"product_shipping_class-dvd-versand","12":"first","13":"instock","14":"taxable","15":"shipping-taxable","16":"purchasable","17":"product-type-variable"},"acf":{"subtitle":"Geschlechtervielfalt und Transidentit\u00e4t","article_id":"46502158 \/ 55501783","languages":"DE","thumb_up":true,"cover_image":29370,"linked_product":"","linked_products":null,"banner":{"show":true,"text":"","color":""},"length":"24:00 min","content_movie":"Im ausf\u00fchrlichen Datenteil der DVD 64 Seiten Unterrichts- und Begleitmaterial, davon:\r\n14 Seiten Arbeitsbl\u00e4tter und Erg\u00e4nzungen mit L\u00f6sungen\r\n20 Testaufgaben\r\n8 Interaktive Aufgaben","learning_goals":"","preview_gif":5153,"trailer":{"file":"","url":"https:\/\/www.lehrmediathek.de\/trailer\/Trailer_Geschlechteridentitaet.mp4","image":5162},"mediathek_id":674,"amount":"","demo_url":"","h5p_demo_id":"","content_interactive":"","hide_numbers":false,"flyer":"","info_columns":null},"_links":{"self":[{"href":"https:\/\/www.medienlb.com\/en\/wp-json\/wp\/v2\/product\/5156","targetHints":{"allow":["GET"]}}],"collection":[{"href":"https:\/\/www.medienlb.com\/en\/wp-json\/wp\/v2\/product"}],"about":[{"href":"https:\/\/www.medienlb.com\/en\/wp-json\/wp\/v2\/types\/product"}],"wp:featuredmedia":[{"embeddable":true,"href":"https:\/\/www.medienlb.com\/en\/wp-json\/wp\/v2\/media\/5154"}],"wp:attachment":[{"href":"https:\/\/www.medienlb.com\/en\/wp-json\/wp\/v2\/media?parent=5156"}],"wp:term":[{"taxonomy":"product_brand","embeddable":true,"href":"https:\/\/www.medienlb.com\/en\/wp-json\/wp\/v2\/product_brand?post=5156"},{"taxonomy":"product_cat","embeddable":true,"href":"https:\/\/www.medienlb.com\/en\/wp-json\/wp\/v2\/product_cat?post=5156"},{"taxonomy":"product_tag","embeddable":true,"href":"https:\/\/www.medienlb.com\/en\/wp-json\/wp\/v2\/product_tag?post=5156"}],"curies":[{"name":"wp","href":"https:\/\/api.w.org\/{rel}","templated":true}]}}