{"id":5145,"date":"2023-12-20T18:05:17","date_gmt":"2023-12-20T18:05:17","guid":{"rendered":"https:\/\/medienlb.com\/produkt\/haeusliche-gewalt\/"},"modified":"2025-02-07T14:55:36","modified_gmt":"2025-02-07T14:55:36","slug":"haeusliche-gewalt","status":"publish","type":"product","link":"https:\/\/www.medienlb.com\/en\/produkt\/haeusliche-gewalt\/","title":{"rendered":"H\u00e4usliche Gewalt"},"content":{"rendered":"<p>H\u00e4usliche Gewalt ist ein verborgenes Problem mit einer erschreckend hohen Dunkelziffer.<br \/>\nIn einf\u00fchlsamen Interviews mit drei betroffenen Kindern und einer Traumatherapeutin n\u00e4hert sich der Film diesem sehr schwierigen Thema.<br \/>\nDer Film erkl\u00e4rt die Ursachen von h\u00e4uslicher Gewalt, ihre verschiedenen Auspr\u00e4gungen und ihre Auswirkungen auf die Betroffenen.<br \/>\nWelche Hilfsangebote es gibt und wo sich Kinder Hilfe holen k\u00f6nnen, dies schlie\u00dft diesen Film ab.<br \/>\nIn Verbindung mit dem umfangreichen Zusatzmaterial (Arbeitsbl\u00e4tter, interaktive Aufgaben, Testfragen, Glossar) l\u00e4sst sich das Medium hervorragend im Unterricht verwenden.<\/p>\n<p>&nbsp;<\/p>\n","protected":false},"excerpt":{"rendered":"<p>H\u00e4usliche Gewalt ist ein verborgenes Problem mit einer erschreckend hohen Dunkelziffer.<\/p>\n","protected":false},"featured_media":5143,"template":"","meta":{"_acf_changed":false},"product_brand":[],"product_cat":[70],"product_tag":[77,125],"class_list":{"0":"post-5145","1":"product","2":"type-product","3":"status-publish","4":"has-post-thumbnail","6":"product_cat-film","7":"product_tag-subject-gesellschaft","8":"product_tag-target-sek-i","9":"product_shipping_class-dvd-versand","11":"first","12":"instock","13":"taxable","14":"shipping-taxable","15":"purchasable","16":"product-type-variable"},"acf":{"subtitle":"Ursachen, Auswege, Hilfsangebote","article_id":"46503479 \/ 55502971","languages":"DE","thumb_up":false,"cover_image":29372,"linked_product":"","linked_products":null,"banner":{"show":true,"text":"","color":""},"length":"19:01 min","content_movie":"Im ausf\u00fchrlichen Datenteil der DVD 72 Seiten Unterrichts- und Begleitmaterial, davon:\r\n22\u00a0Seiten Arbeitsbl\u00e4tter und Erg\u00e4nzungen mit L\u00f6sungen\r\n10 Testaufgaben\r\n6 Interaktive Aufgaben","learning_goals":"","preview_gif":5142,"trailer":{"file":"","url":"https:\/\/www.lehrmediathek.de\/trailer\/Haeusliche_Gewalt_Trailer.mp4","image":5151},"mediathek_id":677,"amount":"","demo_url":"","h5p_demo_id":"","content_interactive":"","hide_numbers":false,"flyer":"","info_columns":null},"_links":{"self":[{"href":"https:\/\/www.medienlb.com\/en\/wp-json\/wp\/v2\/product\/5145","targetHints":{"allow":["GET"]}}],"collection":[{"href":"https:\/\/www.medienlb.com\/en\/wp-json\/wp\/v2\/product"}],"about":[{"href":"https:\/\/www.medienlb.com\/en\/wp-json\/wp\/v2\/types\/product"}],"wp:featuredmedia":[{"embeddable":true,"href":"https:\/\/www.medienlb.com\/en\/wp-json\/wp\/v2\/media\/5143"}],"wp:attachment":[{"href":"https:\/\/www.medienlb.com\/en\/wp-json\/wp\/v2\/media?parent=5145"}],"wp:term":[{"taxonomy":"product_brand","embeddable":true,"href":"https:\/\/www.medienlb.com\/en\/wp-json\/wp\/v2\/product_brand?post=5145"},{"taxonomy":"product_cat","embeddable":true,"href":"https:\/\/www.medienlb.com\/en\/wp-json\/wp\/v2\/product_cat?post=5145"},{"taxonomy":"product_tag","embeddable":true,"href":"https:\/\/www.medienlb.com\/en\/wp-json\/wp\/v2\/product_tag?post=5145"}],"curies":[{"name":"wp","href":"https:\/\/api.w.org\/{rel}","templated":true}]}}