{"id":5134,"date":"2023-12-20T18:05:17","date_gmt":"2023-12-20T18:05:17","guid":{"rendered":"https:\/\/medienlb.com\/produkt\/katastrophenschutz\/"},"modified":"2025-02-07T14:55:41","modified_gmt":"2025-02-07T14:55:41","slug":"katastrophenschutz","status":"publish","type":"product","link":"https:\/\/www.medienlb.com\/en\/produkt\/katastrophenschutz\/","title":{"rendered":"Katastrophenschutz"},"content":{"rendered":"<p>Die Flutkatastrophe vom Sommer 2021 hat gnadenlos die Defizite im Fr\u00fchwarnsystem und die Bedrohungen durch den Klimawandel gezeigt.<br \/>\nDer Film zeigt das richtige Verhalten im Katastrophenfall und die notwendigen Vorsorgema\u00dfnahmen.<br \/>\nDie Arbeit von THW und Feuerwehr wird vorgestellt und es werden M\u00f6glichkeiten aufgezeigt, wie man selbst Hilfe leisten kann oder selbst welche erh\u00e4lt, wenn man in Not ist.<\/p>\n<p>In Verbindung mit dem umfangreichen Zusatzmaterial (Arbeitsbl\u00e4tter, Glossar, Interaktive Aufgaben) l\u00e4sst sich das vorliegende Medium hervorragend im Unterricht verwenden.<\/p>\n","protected":false},"excerpt":{"rendered":"<p>Die Flutkatastrophe vom Sommer 2021 hat gnadenlos die Defizite im Fr\u00fchwarnsystem und die Bedrohungen durch den Klimawandel gezeigt.<\/p>\n","protected":false},"featured_media":5132,"template":"","meta":{"_acf_changed":false},"product_brand":[],"product_cat":[70],"product_tag":[77,125],"class_list":{"0":"post-5134","1":"product","2":"type-product","3":"status-publish","4":"has-post-thumbnail","6":"product_cat-film","7":"product_tag-subject-gesellschaft","8":"product_tag-target-sek-i","9":"product_shipping_class-dvd-versand","11":"first","12":"instock","13":"taxable","14":"shipping-taxable","15":"purchasable","16":"product-type-variable"},"acf":{"subtitle":"Notfall, Hilfe, Vorsorge","article_id":"46504415 \/ 55503543","languages":"DE","thumb_up":true,"cover_image":29374,"linked_product":"","linked_products":null,"banner":{"show":true,"text":"","color":""},"length":"18:17 min","content_movie":"Im ausf\u00fchrlichen Datenteil der DVD 84\u00a0Seiten Unterrichts- und Begleitmaterial, davon:\r\n21\u00a0Seiten Arbeitsbl\u00e4tter und Erg\u00e4nzungen mit L\u00f6sungen\r\n17 Testaufgaben\r\n10 Interaktive Aufgaben","learning_goals":"","preview_gif":5131,"trailer":{"file":"","url":"https:\/\/www.lehrmediathek.de\/trailer\/Katastrophenschutz_Trailer.mp4","image":5140},"mediathek_id":698,"amount":"","demo_url":"","h5p_demo_id":"","content_interactive":"","hide_numbers":false,"flyer":"","info_columns":null},"_links":{"self":[{"href":"https:\/\/www.medienlb.com\/en\/wp-json\/wp\/v2\/product\/5134","targetHints":{"allow":["GET"]}}],"collection":[{"href":"https:\/\/www.medienlb.com\/en\/wp-json\/wp\/v2\/product"}],"about":[{"href":"https:\/\/www.medienlb.com\/en\/wp-json\/wp\/v2\/types\/product"}],"wp:featuredmedia":[{"embeddable":true,"href":"https:\/\/www.medienlb.com\/en\/wp-json\/wp\/v2\/media\/5132"}],"wp:attachment":[{"href":"https:\/\/www.medienlb.com\/en\/wp-json\/wp\/v2\/media?parent=5134"}],"wp:term":[{"taxonomy":"product_brand","embeddable":true,"href":"https:\/\/www.medienlb.com\/en\/wp-json\/wp\/v2\/product_brand?post=5134"},{"taxonomy":"product_cat","embeddable":true,"href":"https:\/\/www.medienlb.com\/en\/wp-json\/wp\/v2\/product_cat?post=5134"},{"taxonomy":"product_tag","embeddable":true,"href":"https:\/\/www.medienlb.com\/en\/wp-json\/wp\/v2\/product_tag?post=5134"}],"curies":[{"name":"wp","href":"https:\/\/api.w.org\/{rel}","templated":true}]}}