{"id":5085,"date":"2023-12-20T18:05:17","date_gmt":"2023-12-20T18:05:17","guid":{"rendered":"https:\/\/medienlb.com\/produkt\/saisonal-und-gesund-kochen\/"},"modified":"2025-02-07T14:56:02","modified_gmt":"2025-02-07T14:56:02","slug":"saisonal-und-gesund-kochen","status":"publish","type":"product","link":"https:\/\/www.medienlb.com\/en\/produkt\/saisonal-und-gesund-kochen\/","title":{"rendered":"Saisonal und gesund kochen"},"content":{"rendered":"<p>Selber kochen macht Spa\u00df und mit saisonalen und regionalen Zutaten tut man auch etwas f\u00fcr die CO2-Bilanz.<br \/>\nIn Koproduktion mit dem GORILLA Schulprogramm stellen Anna und Marlon auf unterhaltsame Art und Weise sechs Rezepte der Herbst- und Winterk\u00fcche vor. Tatkr\u00e4ftige Unterst\u00fctzung erhalten sie dabei von verschiedenen Botschaftern des GORILLA Schulprogramms, die nebenbei tolle Tricks vorf\u00fchren.<\/p>\n<p>Die interaktiven Aufgaben wurden mit H5P erstellt und k\u00f6nnen ohne weitere Software verwendet werden.<\/p>\n","protected":false},"excerpt":{"rendered":"<p>Selber kochen macht Spa\u00df und mit saisonalen und regionalen Zutaten tut man auch etwas f\u00fcr die CO2-Bilanz.<\/p>\n","protected":false},"featured_media":5083,"template":"","meta":{"_acf_changed":false},"product_brand":[],"product_cat":[70],"product_tag":[77,125],"class_list":{"0":"post-5085","1":"product","2":"type-product","3":"status-publish","4":"has-post-thumbnail","6":"product_cat-film","7":"product_tag-subject-gesellschaft","8":"product_tag-target-sek-i","9":"product_shipping_class-dvd-versand","11":"first","12":"instock","13":"taxable","14":"shipping-taxable","15":"purchasable","16":"product-type-variable"},"acf":{"subtitle":"Herbst\/Winter","article_id":"46504591 \/ 55504018","languages":"DE","thumb_up":false,"cover_image":29385,"linked_product":"","linked_products":null,"banner":{"show":true,"text":"","color":""},"length":"70:05 min","content_movie":"","learning_goals":"","preview_gif":5082,"trailer":{"file":"","url":"https:\/\/www.lehrmediathek.de\/trailer\/Trailer_Saisonal_kochen_Herbst_Winter.mp4","image":5091},"mediathek_id":720,"amount":"","demo_url":"","h5p_demo_id":"","content_interactive":"","hide_numbers":false,"flyer":"","info_columns":null},"_links":{"self":[{"href":"https:\/\/www.medienlb.com\/en\/wp-json\/wp\/v2\/product\/5085","targetHints":{"allow":["GET"]}}],"collection":[{"href":"https:\/\/www.medienlb.com\/en\/wp-json\/wp\/v2\/product"}],"about":[{"href":"https:\/\/www.medienlb.com\/en\/wp-json\/wp\/v2\/types\/product"}],"wp:featuredmedia":[{"embeddable":true,"href":"https:\/\/www.medienlb.com\/en\/wp-json\/wp\/v2\/media\/5083"}],"wp:attachment":[{"href":"https:\/\/www.medienlb.com\/en\/wp-json\/wp\/v2\/media?parent=5085"}],"wp:term":[{"taxonomy":"product_brand","embeddable":true,"href":"https:\/\/www.medienlb.com\/en\/wp-json\/wp\/v2\/product_brand?post=5085"},{"taxonomy":"product_cat","embeddable":true,"href":"https:\/\/www.medienlb.com\/en\/wp-json\/wp\/v2\/product_cat?post=5085"},{"taxonomy":"product_tag","embeddable":true,"href":"https:\/\/www.medienlb.com\/en\/wp-json\/wp\/v2\/product_tag?post=5085"}],"curies":[{"name":"wp","href":"https:\/\/api.w.org\/{rel}","templated":true}]}}